{"id":74,"date":"2017-10-11T19:18:31","date_gmt":"2017-10-11T19:18:31","guid":{"rendered":"http:\/\/vm-srviishp1\/?page_id=74"},"modified":"2022-10-19T07:55:25","modified_gmt":"2022-10-19T05:55:25","slug":"firstmeter-2","status":"publish","type":"page","link":"https:\/\/www.klafka-hinz.de\/?page_id=74","title":{"rendered":"FirstMeter"},"content":{"rendered":"\n<div class=\"wp-block-advgb-columns advgb-columns-wrapper\" id=\"advgb-cols-7cfbe2e4-3e9b-4a2e-bffe-7bad5f369a46\"><div class=\"advgb-columns-container\"><div class=\"advgb-columns advgb-columns-row advgb-is-mobile advgb-columns-2 layout-23-13 mbl-layout-stacked vgutter-10\">\n<div class=\"wp-block-advgb-column advgb-column advgb-is-two-thirds-tablet advgb-is-full-mobile\" id=\"advgb-col-e5bce7cd-5659-4b3d-b50d-5cae37ea16e9\"><div class=\"advgb-column-inner\" style=\"border-style:none;border-width:1px\">\n<div class=\"wp-block-advgb-list\"><ul class=\"advgblist-c62ba427-9def-4db0-b4f1-eaeb0e333685 advgb-list advgb-list-yes\"><li>Volle Unterst\u00fctzung f\u00fcr die Marktrolle Messstellenbetreiber<\/li><li>Ger\u00e4temanagement f\u00fcr Z\u00e4hler und Zusatzger\u00e4te aller Art<\/li><li>SmartMeter Datenaustausch und Kommunikation<\/li><li>Automatisierte Marktkommunikation nach WiM<\/li><li>Turnuswechsel, Stichprobenpr\u00fcfung, Z\u00e4hlwerterfassung uvm.<\/li><li>Anbindung zum Gatewayadministrator<\/li><\/ul><\/div>\n<\/div><\/div>\n\n\n\n<div class=\"wp-block-advgb-column advgb-column advgb-is-one-third-tablet advgb-is-full-mobile\" id=\"advgb-col-d6550aa4-9ef9-4876-8ba9-3e80de3e5803\"><div class=\"advgb-column-inner\" style=\"border-style:none;border-width:1px\">\n<div class=\"wp-block-advgb-testimonial advgb-testimonial-wrapper\" id=\"advgb-testimonial-cdad378a-6c24-4e03-b0e8-1f5768921652\"><div class=\"advgb-testimonial advgb-avatar-top\"><div class=\"advgb-testimonial-item\"><div class=\"advgb-testimonial-avatar-group\"><div class=\"advgb-testimonial-avatar\" style=\"background-image:url(https:\/\/www.klafka-hinz.de\/wp-content\/uploads\/Jan-150x150.png);border-radius:50%;border-width:undefinedpx;width:120px;height:120px\"><\/div><\/div><div class=\"advgb-testimonial-info\"><h4 class=\"advgb-testimonial-name\">Jan Spengler<\/h4><p class=\"advgb-testimonial-position\"><\/p><p class=\"advgb-testimonial-desc\">Telefon:<br>+49 241 605 201 30<br>E-Mail:<br><a href=\"mailto:Jan.Spengler@Klafka-Hinz.de\">Jan.Spengler@Klafka-Hinz.de<\/a><\/p><\/div><\/div><\/div><\/div>\n<\/div><\/div>\n<\/div><\/div><\/div>\n\n\n\n<hr class=\"wp-block-coblocks-dynamic-separator is-style-line\" style=\"height:50px\"\/>\n\n\n\n<h2 class=\"has-text-align-center wp-block-heading\">Modul\u00fcbersicht FirstMeter<\/h2>\n\n\n\n<h1 class=\"has-text-align-center wp-block-heading\">Die Softwarel\u00f6sung f\u00fcr Messstellenbetreiber<\/h1>\n\n\n\n<figure class=\"wp-block-image size-large\"><img loading=\"lazy\" decoding=\"async\" width=\"1024\" height=\"349\" src=\"http:\/\/klafka-hinz.eu\/wp-content\/uploads\/Moduluebersicht_FM-1024x349.png\" alt=\"\" class=\"wp-image-2817\" srcset=\"https:\/\/www.klafka-hinz.de\/wp-content\/uploads\/Moduluebersicht_FM-1024x349.png 1024w, https:\/\/www.klafka-hinz.de\/wp-content\/uploads\/Moduluebersicht_FM-300x102.png 300w, https:\/\/www.klafka-hinz.de\/wp-content\/uploads\/Moduluebersicht_FM-768x262.png 768w, https:\/\/www.klafka-hinz.de\/wp-content\/uploads\/Moduluebersicht_FM.png 1071w\" sizes=\"auto, (max-width: 1024px) 100vw, 1024px\" \/><\/figure>\n\n\n\n<hr class=\"wp-block-coblocks-dynamic-separator is-style-line\" style=\"height:50px\"\/>\n\n\n\n<div class=\"wp-block-coblocks-accordion\">\n<div class=\"wp-block-coblocks-accordion-item advgb-dyn-478b5765\"><details><summary class=\"wp-block-coblocks-accordion-item__title\">Wechselprozesse im Messwesen WiM<\/summary><div class=\"wp-block-coblocks-accordion-item__content\">\n<p>Die Liberalisierung der Messdienstleistung und des Messstellenbetriebs erfordert zur effizienten Prozessabwicklung einen standardisierten Datenaustausch.<\/p>\n\n\n\n<p>Insbesondere den Rollen Messstellenbetreiber\/Messdienstleister und Netzbetreiber kommen wichtige Funktionen f\u00fcr die reibungslose und l\u00fcckenlose Verwaltung der von ihnen betreuten Abnahmestellen zu. Dabei werden Sie durch die WiM-Module umfangreich unterst\u00fctzt.<\/p>\n\n\n\n<p>Kernfunktion ist die Prozessabwicklung und der Datenaustausch f\u00fcr folgende Prozesse:<\/p>\n\n\n\n<ul class=\"wp-block-list\"><li>K\u00fcndigung MSB\/MDL<\/li><li>Beginn MSB\/MDL<\/li><li>Ende MSB\/MDL<\/li><li>Ger\u00e4tewechsel<\/li><li>Ger\u00e4te\u00fcbernahme<\/li><li>Messstellen\u00e4nderung<\/li><li>St\u00f6rungsmeldung<\/li><li>Anforderung und Bereitstellung von Messwerten<\/li><\/ul>\n\n\n\n<p>Die Struktur der dazugeh\u00f6rigen Prozesscenter weist eine konsequente Trennung der Marktrollen auf.<\/p>\n\n\n\n<p>FirstMeter kann als eigenst\u00e4ndiges System betrieben werden. Alternativ k\u00f6nnen die Rollen Netzbetreiber, Messdienstleister und Messstellenbetreiber in einem integrierten FirstNet-Mandanten ausgepr\u00e4gt werden.<\/p>\n<\/div><\/details><\/div>\n\n\n\n<div class=\"wp-block-coblocks-accordion-item advgb-dyn-1b543987\"><details><summary class=\"wp-block-coblocks-accordion-item__title\">Messstellenbetrieb und Ger\u00e4temanagement<\/summary><div class=\"wp-block-coblocks-accordion-item__content\">\n<p>Die Ger\u00e4teverwaltung umfasst alle Informationen und Funktionen zur Durchf\u00fchrung der Kernprozesse rund um Z\u00e4hler, Zusatzger\u00e4te und Messwerterfassung.<\/p>\n\n\n\n<p><strong>Turnuswechsel:<\/strong><\/p>\n\n\n\n<p>FirstMeter unterst\u00fctzt Sie bei der Auswahl der zu wechselnden Ger\u00e4te und in Kombination mit MDE-Systemen bei der Optimierung von Routen und der Disposition der Einsatzkr\u00e4fte. FirstMeter verwaltet verschiedene Lager, aus denen Ger\u00e4te entnommen bzw. in die Ger\u00e4te eingelagert werden.<\/p>\n\n\n\n<p><strong>Stichprobenpr\u00fcfung:<\/strong><\/p>\n\n\n\n<p>FirstMeter f\u00fchrt und \u00fcberwacht die Eichfristen der eichpflichtigen Ger\u00e4te und fasst diese in Losen zusammen. Rechtzeitig vor Ablauf einer Frist werden die Lose an die Pr\u00fcfstelle zur Auswahl der Stichprobe \u00fcbermittelt.<\/p>\n\n\n\n<p><strong>Z\u00e4hlwerterfassung:<\/strong><\/p>\n\n\n\n<p>Zur korrekten Verbrauchs- und Netzabrechnung werden aktuelle Verbrauchswerte der Kundenanlagen ben\u00f6tigt. Dies kann bei gr\u00f6\u00dferen Mengenger\u00fcsten eine dispositive Herausforderung sein. FirstMeter generiert aufgrund der Z\u00e4hlerlisten Ableseauftr\u00e4ge, die an die Kunden (Selbstablesung) oder nach Routenplanung und Optimierung an die Ablesekr\u00e4fte \u00fcbergeben werden.<\/p>\n\n\n\n<p>Die Ankopplung von internetf\u00e4higen Z\u00e4hlerstanderfassungen ist \u00fcber die EDIX-Integrations-Schnittstelle einfach zu gestalten.<\/p>\n\n\n\n<p><strong>SmartMeter: Datenaustausch und Kommunikation<\/strong><\/p>\n\n\n\n<p>FirstMeter unterst\u00fctzt den bidirektionalen Datenaustausch mit modernen Mehrspartenz\u00e4hlern \u00fcber intelligente Multi-Utility-Communication (MUC).<\/p>\n\n\n\n<p>FirstMeter ruft die Z\u00e4hlerdaten ab und \u00fcbernimmt diese in das Energiedatenmanagement. In umgekehrter Richtung k\u00f6nnen Daten und Befehle aus dem erweiterten Stammdatenmodell des Ger\u00e4temanagements \u00fcber FirstMeter an die Ger\u00e4te \u00fcbertragen werden. Ein besonderer Vorteil ergibt sich, wenn FirstMeter mit den FirstX-Modulen zur Netz- und Verbrauchsabrechnung kombiniert wird.<\/p>\n\n\n\n<p>Die wichtigsten unterst\u00fctzten Transaktionen sind:<\/p>\n\n\n\n<ul class=\"wp-block-list\"><li>Auslesung von Z\u00e4hlerst\u00e4nden und Lastprofilen (zyklisch oder auf Anforderung)<\/li><li>Abschaltung, Anschaltung, Begrenzung<\/li><li>Stammdatenabgleich, Uhrzeit<\/li><li>Tarifkonfiguration<\/li><li>Prepaid laden<\/li><li>Kundeninformation senden<\/li><\/ul>\n\n\n\n<p>FirstMeter unterst\u00fctzt vielf\u00e4ltige Protokolle und Ger\u00e4tetypen und kann durch seine offene Architektur leicht erweitert und auf zuk\u00fcnftige Standards angepasst werden.<\/p>\n<\/div><\/details><\/div>\n\n\n\n<div class=\"wp-block-coblocks-accordion-item advgb-dyn-8dc2f3bf\"><details><summary class=\"wp-block-coblocks-accordion-item__title\">Energiedatenmanagement<\/summary><div class=\"wp-block-coblocks-accordion-item__content\">\n<p>FirstMeter verf\u00fcgt \u00fcber erprobte und leistungsf\u00e4hige Funktionen des Energiedatenmanagements zur Verwaltung, Analyse, Verkn\u00fcpfung oder Pr\u00fcfung von Zeitreihen, Lastprofilen und Z\u00e4hlerst\u00e4nden. Das Energiedatenmanagement bietet Ihnen alles, um Ihre Prozesse effektiv abzuarbeiten.<\/p>\n\n\n\n<p>Die Verkn\u00fcpfung der Gesch\u00e4ftspartner mittels frei konfigurierbaren Vertragsarten zu Z\u00e4hlpunkten und Ger\u00e4ten bietet die Grundlage f\u00fcr eine flexible Datenmodellierung. Alle gew\u00fcnschten Berechnungen und Auswertungen werden f\u00fcr Sie performant durchgef\u00fchrt.<\/p>\n\n\n\n<p>Die Plausibilisierung der Ergebnisse erfolgt direkt bei der Berechnung, so dass Sie gezielt auf Schiefst\u00e4nde in den Daten hingewiesen werden. Die Darstellung der Ergebnisse ist grafisch und tabellarisch individuell konfigurierbar. Standardaufgaben, Kl\u00e4rf\u00e4lle und Archivdaten werden \u00fcbersichtlich in Gesch\u00e4ftsprozesscentern dargestellt.<\/p>\n\n\n\n<p>Hinsichtlich der Anzahl und Art der abgebildeten Z\u00e4hler und Netze gibt es keine Grenzen.<\/p>\n<\/div><\/details><\/div>\n<\/div>\n\n\n\n<hr class=\"wp-block-coblocks-dynamic-separator is-style-line\" style=\"height:50px\"\/>\n\n\n\n<h2 class=\"has-text-align-center wp-block-heading\">Referenzen<\/h2>\n\n\n\n<h1 class=\"has-text-align-center wp-block-heading\">Unsere Kunden<\/h1>\n\n\n\n<div aria-label=\"Carousel Gallery\" class=\"wp-block-coblocks-gallery-carousel\"><div class=\"coblocks-gallery-carousel-swiper-container is-cropped coblocks-gallery has-no-alignment has-caption-style-dark has-no-thumbnails\"><div class=\"has-carousel has-carousel-lrg swiper-container has-aligned-cells\" data-swiper=\"{&quot;alignCells&quot;:true,&quot;autoPlay&quot;:true,&quot;autoPlaySpeed&quot;:3000,&quot;draggable&quot;:false,&quot;freeMode&quot;:false,&quot;loop&quot;:false,&quot;navigation&quot;:false,&quot;pageDots&quot;:false,&quot;pauseHover&quot;:false,&quot;responsiveHeight&quot;:false,&quot;slidesPerView&quot;:2,&quot;thumbnails&quot;:false,&quot;uuid&quot;:&quot;12345&quot;}\" id=\"12345\" style=\"height:200px\"><div class=\"swiper-wrapper\"><div class=\"swiper-slide\"><div class=\"coblocks-gallery--item\" role=\"button\" tabindex=\"0\"><figure class=\"coblocks-gallery--figure\"><img loading=\"lazy\" decoding=\"async\" width=\"270\" height=\"150\" alt=\"\" class=\"wp-image-2401\" data-id=\"2401\" data-link=\"http:\/\/klafka-hinz.eu\/?attachment_id=2401\" src=\"http:\/\/klafka-hinz.eu\/wp-content\/uploads\/FairNetz.png\"\/><\/figure><figcaption class=\"coblocks-gallery--caption coblocks-gallery--primary-caption\"><\/figcaption><\/div><\/div><div class=\"swiper-slide\"><div class=\"coblocks-gallery--item\" role=\"button\" tabindex=\"1\"><figure class=\"coblocks-gallery--figure\"><img loading=\"lazy\" decoding=\"async\" width=\"270\" height=\"150\" alt=\"\" class=\"wp-image-2405\" data-id=\"2405\" data-link=\"http:\/\/klafka-hinz.eu\/?attachment_id=2405\" src=\"http:\/\/klafka-hinz.eu\/wp-content\/uploads\/SWS.png\"\/><\/figure><figcaption class=\"coblocks-gallery--caption coblocks-gallery--primary-caption\"><\/figcaption><\/div><\/div><div class=\"swiper-slide\"><div class=\"coblocks-gallery--item\" role=\"button\" tabindex=\"2\"><figure class=\"coblocks-gallery--figure\"><img loading=\"lazy\" decoding=\"async\" width=\"270\" height=\"150\" alt=\"\" class=\"wp-image-2397\" data-id=\"2397\" data-link=\"http:\/\/klafka-hinz.eu\/?attachment_id=2397\" src=\"http:\/\/klafka-hinz.eu\/wp-content\/uploads\/EVI.png\"\/><\/figure><figcaption class=\"coblocks-gallery--caption coblocks-gallery--primary-caption\"><\/figcaption><\/div><\/div><div class=\"swiper-slide\"><div class=\"coblocks-gallery--item\" role=\"button\" tabindex=\"3\"><figure class=\"coblocks-gallery--figure\"><img loading=\"lazy\" decoding=\"async\" width=\"270\" height=\"150\" alt=\"\" class=\"wp-image-2396\" data-id=\"2396\" data-link=\"http:\/\/klafka-hinz.eu\/?attachment_id=2396\" src=\"http:\/\/klafka-hinz.eu\/wp-content\/uploads\/eoptimum.png\"\/><\/figure><figcaption class=\"coblocks-gallery--caption coblocks-gallery--primary-caption\"><\/figcaption><\/div><\/div><\/div><\/div><\/div><\/div>\n\n\n\n<div class=\"wp-block-columns coblocks-author-columns has-background is-layout-flex wp-container-core-columns-is-layout-61ecc280 wp-block-columns-is-layout-flex\" style=\"background-color:#8C8C971A;padding-top:2.5rem;padding-right:2.5rem;padding-bottom:2.5rem;padding-left:2.5rem\">\n<div class=\"wp-block-column is-layout-flow wp-block-column-is-layout-flow\" style=\"flex-basis:25%\">\n<figure class=\"wp-block-image is-style-rounded\"><img loading=\"lazy\" decoding=\"async\" width=\"150\" height=\"150\" src=\"https:\/\/www.klafka-hinz.de\/wp-content\/uploads\/Jan-150x150.png\" alt=\"\" class=\"wp-image-2421\" srcset=\"https:\/\/www.klafka-hinz.de\/wp-content\/uploads\/Jan-150x150.png 150w, https:\/\/www.klafka-hinz.de\/wp-content\/uploads\/Jan.png 200w\" sizes=\"auto, (max-width: 150px) 100vw, 150px\" \/><\/figure>\n<\/div>\n\n\n\n<div class=\"wp-block-column is-layout-flow wp-block-column-is-layout-flow\" style=\"flex-basis:75%\">\n<p><strong><strong>Jan Spengler<\/strong><\/strong><\/p>\n\n\n\n<p>Telefon: +49 241 605 201 30<br>E-Mail: Jan.Spengler@Klafka-Hinz.de<\/p>\n\n\n\n<div class=\"wp-block-buttons is-layout-flex wp-block-buttons-is-layout-flex\">\n<div class=\"wp-block-button\"><a class=\"wp-block-button__link has-white-color has-text-color has-background wp-element-button\" href=\"mailto:Jan.Spengler@Klafka-Hinz.de?subject=Kontaktaufnahme%20FirstX\" style=\"background-color:#0094d6\" rel=\"mailto:Jan.Spengler@Klafka-Hinz.de?subject=Kontaktaufnahme%20FirstX\">Kontakt<\/a><\/div>\n<\/div>\n<\/div>\n<\/div>\n\n\n\n<p><\/p>\n<style class=\"advgb-styles-renderer\">.wp-block-advgb-list ul.advgblist-c62ba427-9def-4db0-b4f1-eaeb0e333685 > li{font-size:16px;}.wp-block-advgb-list ul.advgblist-c62ba427-9def-4db0-b4f1-eaeb0e333685 > li{padding-left:32px;margin-left:0;}.wp-block-advgb-list ul.advgblist-c62ba427-9def-4db0-b4f1-eaeb0e333685 > li:before{font-size:30px;color:#004e6c;line-height:18px;margin:2px;padding:2px;margin-left:-34px}#advgb-col-e5bce7cd-5659-4b3d-b50d-5cae37ea16e9>.advgb-column-inner{}@media screen and (max-width: 1023px) {#advgb-col-e5bce7cd-5659-4b3d-b50d-5cae37ea16e9>.advgb-column-inner{}}@media screen and (max-width: 767px) {#advgb-col-e5bce7cd-5659-4b3d-b50d-5cae37ea16e9>.advgb-column-inner{}}.wp-block-advgb-list ul.advgblist-c62ba427-9def-4db0-b4f1-eaeb0e333685 > li{font-size:16px;}.wp-block-advgb-list ul.advgblist-c62ba427-9def-4db0-b4f1-eaeb0e333685 > li{padding-left:32px;margin-left:0;}.wp-block-advgb-list ul.advgblist-c62ba427-9def-4db0-b4f1-eaeb0e333685 > li:before{font-size:30px;color:#004e6c;line-height:18px;margin:2px;padding:2px;margin-left:-34px}#advgb-testimonial-cdad378a-6c24-4e03-b0e8-1f5768921652 .slick-dots li button:before{color:#000 !important;}#advgb-col-d6550aa4-9ef9-4876-8ba9-3e80de3e5803>.advgb-column-inner{}@media screen and (max-width: 1023px) {#advgb-col-d6550aa4-9ef9-4876-8ba9-3e80de3e5803>.advgb-column-inner{}}@media screen and (max-width: 767px) {#advgb-col-d6550aa4-9ef9-4876-8ba9-3e80de3e5803>.advgb-column-inner{}}#advgb-cols-7cfbe2e4-3e9b-4a2e-bffe-7bad5f369a46{}@media screen and (max-width: 1023px) {#advgb-cols-7cfbe2e4-3e9b-4a2e-bffe-7bad5f369a46{}}@media screen and (max-width: 767px) {#advgb-cols-7cfbe2e4-3e9b-4a2e-bffe-7bad5f369a46{}}#advgb-col-e5bce7cd-5659-4b3d-b50d-5cae37ea16e9>.advgb-column-inner{}@media screen and (max-width: 1023px) {#advgb-col-e5bce7cd-5659-4b3d-b50d-5cae37ea16e9>.advgb-column-inner{}}@media screen and (max-width: 767px) {#advgb-col-e5bce7cd-5659-4b3d-b50d-5cae37ea16e9>.advgb-column-inner{}}.wp-block-advgb-list ul.advgblist-c62ba427-9def-4db0-b4f1-eaeb0e333685 > li{font-size:16px;}.wp-block-advgb-list ul.advgblist-c62ba427-9def-4db0-b4f1-eaeb0e333685 > li{padding-left:32px;margin-left:0;}.wp-block-advgb-list ul.advgblist-c62ba427-9def-4db0-b4f1-eaeb0e333685 > li:before{font-size:30px;color:#004e6c;line-height:18px;margin:2px;padding:2px;margin-left:-34px}#advgb-col-d6550aa4-9ef9-4876-8ba9-3e80de3e5803>.advgb-column-inner{}@media screen and (max-width: 1023px) {#advgb-col-d6550aa4-9ef9-4876-8ba9-3e80de3e5803>.advgb-column-inner{}}@media screen and (max-width: 767px) {#advgb-col-d6550aa4-9ef9-4876-8ba9-3e80de3e5803>.advgb-column-inner{}}<\/style>","protected":false},"excerpt":{"rendered":"<p>Die Softwarel\u00f6sung f\u00fcr Messstellenbetreiber<\/p>\n<div class=\"read-more-button-wrap\"><a href=\"https:\/\/www.klafka-hinz.de\/?page_id=74\" rel=\"nofollow\"> weiterlesen<\/a><\/div>\n","protected":false},"author":2,"featured_media":2583,"parent":0,"menu_order":0,"comment_status":"closed","ping_status":"closed","template":"template-fullwidth.php","meta":{"_coblocks_attr":"","_coblocks_dimensions":"","_coblocks_responsive_height":"","_coblocks_accordion_ie_support":"","advgb_blocks_editor_width":"","advgb_blocks_columns_visual_guide":"","footnotes":""},"class_list":["post-74","page","type-page","status-publish","has-post-thumbnail","hentry"],"yoast_head":"<!-- This site is optimized with the Yoast SEO plugin v27.3 - https:\/\/yoast.com\/product\/yoast-seo-wordpress\/ -->\n<title>FirstMeter - Klafka &amp; Hinz Energie-Informations-Systeme GmbH<\/title>\n<meta name=\"robots\" content=\"index, follow, max-snippet:-1, max-image-preview:large, max-video-preview:-1\" \/>\n<link rel=\"canonical\" href=\"https:\/\/www.klafka-hinz.de\/?page_id=74\" \/>\n<meta property=\"og:locale\" content=\"de_DE\" \/>\n<meta property=\"og:type\" content=\"article\" \/>\n<meta property=\"og:title\" content=\"FirstMeter - Klafka &amp; Hinz Energie-Informations-Systeme GmbH\" \/>\n<meta property=\"og:description\" content=\"Die Softwarel\u00f6sung f\u00fcr Messstellenbetreiber weiterlesen\" \/>\n<meta property=\"og:url\" content=\"https:\/\/www.klafka-hinz.de\/?page_id=74\" \/>\n<meta property=\"og:site_name\" content=\"Klafka &amp; Hinz Energie-Informations-Systeme GmbH\" \/>\n<meta property=\"article:modified_time\" content=\"2022-10-19T05:55:25+00:00\" \/>\n<meta property=\"og:image\" content=\"https:\/\/www.klafka-hinz.de\/wp-content\/uploads\/Feld-2021x560-1.jpg\" \/>\n\t<meta property=\"og:image:width\" content=\"2021\" \/>\n\t<meta property=\"og:image:height\" content=\"560\" \/>\n\t<meta property=\"og:image:type\" content=\"image\/jpeg\" \/>\n<meta name=\"twitter:card\" content=\"summary_large_image\" \/>\n<meta name=\"twitter:label1\" content=\"Gesch\u00e4tzte Lesezeit\" \/>\n\t<meta name=\"twitter:data1\" content=\"3\u00a0Minuten\" \/>\n<script type=\"application\/ld+json\" class=\"yoast-schema-graph\">{\"@context\":\"https:\\\/\\\/schema.org\",\"@graph\":[{\"@type\":\"WebPage\",\"@id\":\"https:\\\/\\\/www.klafka-hinz.de\\\/?page_id=74\",\"url\":\"https:\\\/\\\/www.klafka-hinz.de\\\/?page_id=74\",\"name\":\"FirstMeter - Klafka &amp; Hinz Energie-Informations-Systeme GmbH\",\"isPartOf\":{\"@id\":\"https:\\\/\\\/www.klafka-hinz.de\\\/#website\"},\"primaryImageOfPage\":{\"@id\":\"https:\\\/\\\/www.klafka-hinz.de\\\/?page_id=74#primaryimage\"},\"image\":{\"@id\":\"https:\\\/\\\/www.klafka-hinz.de\\\/?page_id=74#primaryimage\"},\"thumbnailUrl\":\"https:\\\/\\\/www.klafka-hinz.de\\\/wp-content\\\/uploads\\\/Feld-2021x560-1.jpg\",\"datePublished\":\"2017-10-11T19:18:31+00:00\",\"dateModified\":\"2022-10-19T05:55:25+00:00\",\"breadcrumb\":{\"@id\":\"https:\\\/\\\/www.klafka-hinz.de\\\/?page_id=74#breadcrumb\"},\"inLanguage\":\"de\",\"potentialAction\":[{\"@type\":\"ReadAction\",\"target\":[\"https:\\\/\\\/www.klafka-hinz.de\\\/?page_id=74\"]}]},{\"@type\":\"ImageObject\",\"inLanguage\":\"de\",\"@id\":\"https:\\\/\\\/www.klafka-hinz.de\\\/?page_id=74#primaryimage\",\"url\":\"https:\\\/\\\/www.klafka-hinz.de\\\/wp-content\\\/uploads\\\/Feld-2021x560-1.jpg\",\"contentUrl\":\"https:\\\/\\\/www.klafka-hinz.de\\\/wp-content\\\/uploads\\\/Feld-2021x560-1.jpg\",\"width\":2021,\"height\":560},{\"@type\":\"BreadcrumbList\",\"@id\":\"https:\\\/\\\/www.klafka-hinz.de\\\/?page_id=74#breadcrumb\",\"itemListElement\":[{\"@type\":\"ListItem\",\"position\":1,\"name\":\"Startseite\",\"item\":\"https:\\\/\\\/www.klafka-hinz.de\\\/\"},{\"@type\":\"ListItem\",\"position\":2,\"name\":\"FirstMeter\"}]},{\"@type\":\"WebSite\",\"@id\":\"https:\\\/\\\/www.klafka-hinz.de\\\/#website\",\"url\":\"https:\\\/\\\/www.klafka-hinz.de\\\/\",\"name\":\"Klafka &amp; Hinz Energie-Informations-Systeme GmbH\",\"description\":\"\",\"publisher\":{\"@id\":\"https:\\\/\\\/www.klafka-hinz.de\\\/#organization\"},\"potentialAction\":[{\"@type\":\"SearchAction\",\"target\":{\"@type\":\"EntryPoint\",\"urlTemplate\":\"https:\\\/\\\/www.klafka-hinz.de\\\/?s={search_term_string}\"},\"query-input\":{\"@type\":\"PropertyValueSpecification\",\"valueRequired\":true,\"valueName\":\"search_term_string\"}}],\"inLanguage\":\"de\"},{\"@type\":\"Organization\",\"@id\":\"https:\\\/\\\/www.klafka-hinz.de\\\/#organization\",\"name\":\"Klafka &amp; Hinz Energie-Informations-Systeme GmbH\",\"url\":\"https:\\\/\\\/www.klafka-hinz.de\\\/\",\"logo\":{\"@type\":\"ImageObject\",\"inLanguage\":\"de\",\"@id\":\"https:\\\/\\\/www.klafka-hinz.de\\\/#\\\/schema\\\/logo\\\/image\\\/\",\"url\":\"https:\\\/\\\/www.klafka-hinz.de\\\/wp-content\\\/uploads\\\/cropped-Logo.png\",\"contentUrl\":\"https:\\\/\\\/www.klafka-hinz.de\\\/wp-content\\\/uploads\\\/cropped-Logo.png\",\"width\":263,\"height\":56,\"caption\":\"Klafka &amp; Hinz Energie-Informations-Systeme GmbH\"},\"image\":{\"@id\":\"https:\\\/\\\/www.klafka-hinz.de\\\/#\\\/schema\\\/logo\\\/image\\\/\"}}]}<\/script>\n<!-- \/ Yoast SEO plugin. -->","yoast_head_json":{"title":"FirstMeter - Klafka &amp; Hinz Energie-Informations-Systeme GmbH","robots":{"index":"index","follow":"follow","max-snippet":"max-snippet:-1","max-image-preview":"max-image-preview:large","max-video-preview":"max-video-preview:-1"},"canonical":"https:\/\/www.klafka-hinz.de\/?page_id=74","og_locale":"de_DE","og_type":"article","og_title":"FirstMeter - Klafka &amp; Hinz Energie-Informations-Systeme GmbH","og_description":"Die Softwarel\u00f6sung f\u00fcr Messstellenbetreiber weiterlesen","og_url":"https:\/\/www.klafka-hinz.de\/?page_id=74","og_site_name":"Klafka &amp; Hinz Energie-Informations-Systeme GmbH","article_modified_time":"2022-10-19T05:55:25+00:00","og_image":[{"width":2021,"height":560,"url":"https:\/\/www.klafka-hinz.de\/wp-content\/uploads\/Feld-2021x560-1.jpg","type":"image\/jpeg"}],"twitter_card":"summary_large_image","twitter_misc":{"Gesch\u00e4tzte Lesezeit":"3\u00a0Minuten"},"schema":{"@context":"https:\/\/schema.org","@graph":[{"@type":"WebPage","@id":"https:\/\/www.klafka-hinz.de\/?page_id=74","url":"https:\/\/www.klafka-hinz.de\/?page_id=74","name":"FirstMeter - Klafka &amp; Hinz Energie-Informations-Systeme GmbH","isPartOf":{"@id":"https:\/\/www.klafka-hinz.de\/#website"},"primaryImageOfPage":{"@id":"https:\/\/www.klafka-hinz.de\/?page_id=74#primaryimage"},"image":{"@id":"https:\/\/www.klafka-hinz.de\/?page_id=74#primaryimage"},"thumbnailUrl":"https:\/\/www.klafka-hinz.de\/wp-content\/uploads\/Feld-2021x560-1.jpg","datePublished":"2017-10-11T19:18:31+00:00","dateModified":"2022-10-19T05:55:25+00:00","breadcrumb":{"@id":"https:\/\/www.klafka-hinz.de\/?page_id=74#breadcrumb"},"inLanguage":"de","potentialAction":[{"@type":"ReadAction","target":["https:\/\/www.klafka-hinz.de\/?page_id=74"]}]},{"@type":"ImageObject","inLanguage":"de","@id":"https:\/\/www.klafka-hinz.de\/?page_id=74#primaryimage","url":"https:\/\/www.klafka-hinz.de\/wp-content\/uploads\/Feld-2021x560-1.jpg","contentUrl":"https:\/\/www.klafka-hinz.de\/wp-content\/uploads\/Feld-2021x560-1.jpg","width":2021,"height":560},{"@type":"BreadcrumbList","@id":"https:\/\/www.klafka-hinz.de\/?page_id=74#breadcrumb","itemListElement":[{"@type":"ListItem","position":1,"name":"Startseite","item":"https:\/\/www.klafka-hinz.de\/"},{"@type":"ListItem","position":2,"name":"FirstMeter"}]},{"@type":"WebSite","@id":"https:\/\/www.klafka-hinz.de\/#website","url":"https:\/\/www.klafka-hinz.de\/","name":"Klafka &amp; Hinz Energie-Informations-Systeme GmbH","description":"","publisher":{"@id":"https:\/\/www.klafka-hinz.de\/#organization"},"potentialAction":[{"@type":"SearchAction","target":{"@type":"EntryPoint","urlTemplate":"https:\/\/www.klafka-hinz.de\/?s={search_term_string}"},"query-input":{"@type":"PropertyValueSpecification","valueRequired":true,"valueName":"search_term_string"}}],"inLanguage":"de"},{"@type":"Organization","@id":"https:\/\/www.klafka-hinz.de\/#organization","name":"Klafka &amp; Hinz Energie-Informations-Systeme GmbH","url":"https:\/\/www.klafka-hinz.de\/","logo":{"@type":"ImageObject","inLanguage":"de","@id":"https:\/\/www.klafka-hinz.de\/#\/schema\/logo\/image\/","url":"https:\/\/www.klafka-hinz.de\/wp-content\/uploads\/cropped-Logo.png","contentUrl":"https:\/\/www.klafka-hinz.de\/wp-content\/uploads\/cropped-Logo.png","width":263,"height":56,"caption":"Klafka &amp; Hinz Energie-Informations-Systeme GmbH"},"image":{"@id":"https:\/\/www.klafka-hinz.de\/#\/schema\/logo\/image\/"}}]}},"coauthors":[],"author_meta":{"author_link":"https:\/\/www.klafka-hinz.de\/?author=2","display_name":"Bastian Goffart"},"relative_dates":{"created":"Posted 9\u00a0Jahren ago","modified":"Updated 4\u00a0Jahren ago"},"absolute_dates":{"created":"Posted on 11. Oktober 2017","modified":"Updated on 19. Oktober 2022"},"absolute_dates_time":{"created":"Posted on 11. Oktober 2017 19:18","modified":"Updated on 19. Oktober 2022 7:55"},"featured_img_caption":"","featured_img":"https:\/\/www.klafka-hinz.de\/wp-content\/uploads\/Feld-2021x560-1.jpg","series_order":"","_links":{"self":[{"href":"https:\/\/www.klafka-hinz.de\/index.php?rest_route=\/wp\/v2\/pages\/74","targetHints":{"allow":["GET"]}}],"collection":[{"href":"https:\/\/www.klafka-hinz.de\/index.php?rest_route=\/wp\/v2\/pages"}],"about":[{"href":"https:\/\/www.klafka-hinz.de\/index.php?rest_route=\/wp\/v2\/types\/page"}],"author":[{"embeddable":true,"href":"https:\/\/www.klafka-hinz.de\/index.php?rest_route=\/wp\/v2\/users\/2"}],"replies":[{"embeddable":true,"href":"https:\/\/www.klafka-hinz.de\/index.php?rest_route=%2Fwp%2Fv2%2Fcomments&post=74"}],"version-history":[{"count":8,"href":"https:\/\/www.klafka-hinz.de\/index.php?rest_route=\/wp\/v2\/pages\/74\/revisions"}],"predecessor-version":[{"id":3589,"href":"https:\/\/www.klafka-hinz.de\/index.php?rest_route=\/wp\/v2\/pages\/74\/revisions\/3589"}],"wp:featuredmedia":[{"embeddable":true,"href":"https:\/\/www.klafka-hinz.de\/index.php?rest_route=\/wp\/v2\/media\/2583"}],"wp:attachment":[{"href":"https:\/\/www.klafka-hinz.de\/index.php?rest_route=%2Fwp%2Fv2%2Fmedia&parent=74"}],"curies":[{"name":"wp","href":"https:\/\/api.w.org\/{rel}","templated":true}]}}