{"id":2133,"date":"2019-10-29T08:10:04","date_gmt":"2019-10-29T08:10:04","guid":{"rendered":"http:\/\/homepage1.klafka-hinz.eu\/?page_id=2133"},"modified":"2021-05-14T15:34:17","modified_gmt":"2021-05-14T13:34:17","slug":"karriere-mit-erfahrung","status":"publish","type":"page","link":"https:\/\/www.klafka-hinz.de\/?page_id=2133","title":{"rendered":"Karriere mit Erfahrung"},"content":{"rendered":"\n<div class=\"wp-block-cover alignfull has-background-dim is-style-default mt-0\"><img loading=\"lazy\" decoding=\"async\" width=\"1313\" height=\"876\" class=\"wp-block-cover__image-background wp-image-2771\" alt=\"\" src=\"http:\/\/klafka-hinz.eu\/wp-content\/uploads\/AdobeStock_158504099_cropped.jpg\" data-object-fit=\"cover\" srcset=\"https:\/\/www.klafka-hinz.de\/wp-content\/uploads\/AdobeStock_158504099_cropped.jpg 1313w, https:\/\/www.klafka-hinz.de\/wp-content\/uploads\/AdobeStock_158504099_cropped-300x200.jpg 300w, https:\/\/www.klafka-hinz.de\/wp-content\/uploads\/AdobeStock_158504099_cropped-1024x683.jpg 1024w, https:\/\/www.klafka-hinz.de\/wp-content\/uploads\/AdobeStock_158504099_cropped-768x512.jpg 768w\" sizes=\"auto, (max-width: 1313px) 100vw, 1313px\" \/><div class=\"wp-block-cover__inner-container is-layout-flow wp-block-cover-is-layout-flow\">\n<h1 class=\"has-text-align-center wp-block-heading\">DU<\/h1>\n\n\n\n<p class=\"has-text-align-center has-huge-font-size\">&#8211; bist motiviert und willst deine Expertise einbringen?<\/p>\n\n\n\n<p class=\"has-text-align-center has-huge-font-size\">&#8211; m\u00f6chtest aktiv an der Energiewende mitarbeiten?<\/p>\n\n\n\n<p class=\"has-text-align-center has-huge-font-size\">&#8211; beh\u00e4ltst den \u00dcberblick und freust dich auf Verantwortung?<\/p>\n\n\n\n<hr class=\"wp-block-separator is-style-dots\"\/>\n\n\n\n<p class=\"has-text-align-center has-large-font-size\"><strong>DANN WECHSLE ZU<\/strong><\/p>\n\n\n\n<p class=\"has-text-align-center has-large-font-size\"><strong> KLAFKA &amp; HINZ<\/strong><\/p>\n<\/div><\/div>\n\n\n\n<h1 class=\"has-text-align-center wp-block-heading\">Wir bieten<\/h1>\n\n\n\n<ul class=\"wp-block-list\"><li>Wir bieten Dir eine echte Perspektive in einem spannenden und stark wachsenden Umfeld. Dabei geben wir Dir die M\u00f6glichkeit bereits fr\u00fch Verantwortung zu \u00fcbernehmen und deine St\u00e4rken einzusetzen &#8211; Du erh\u00e4ltst von uns den Rahmen, um Dich flexibel im Unternehmen und unseren Projekten einzubringen.<\/li><li>Bei uns genie\u00dft Du das Flair eines jungen und agilen Unternehmens (Durchschnittsalter bei 36), strukturiert und professionell.<\/li><li>\u00dcber unsere Weiterbildungsma\u00dfnahmen stellen wir sicher, dass Du auch zuk\u00fcnftig nicht auf der Stelle trittst und Dein Potenzial voll entfalten kannst.<\/li><\/ul>\n\n\n\n<hr class=\"wp-block-coblocks-dynamic-separator is-style-line\" style=\"height:50px\"\/>\n\n\n\n<h2 class=\"has-text-align-center wp-block-heading\">Dein Einstieg<\/h2>\n\n\n\n<h1 class=\"has-text-align-center wp-block-heading\">Stellenangebote (m\/w\/d)<\/h1>\n\n\n<div class=\"advgb-recent-posts-block grid-view columns-2\"><div class=\"advgb-recent-posts\"><article class=\"advgb-recent-post advgb-recent-post--no-image\"><div class=\"advgb-post-wrapper\"><h2 class=\"advgb-post-title\"><a href=\"https:\/\/www.klafka-hinz.de\/?p=1742\">Junior\/Senior Web-Entwickler:in<\/a><\/h2><div class=\"advgb-post-content\"><div class=\"advgb-post-excerpt\"><\/div><div class=\"advgb-post-readmore\"><a href=\"https:\/\/www.klafka-hinz.de\/?p=1742\">Weiterlesen<\/a><\/div><\/div><\/div><\/article><article class=\"advgb-recent-post advgb-recent-post--no-image\"><div class=\"advgb-post-wrapper\"><h2 class=\"advgb-post-title\"><a href=\"https:\/\/www.klafka-hinz.de\/?p=1734\">Junior\/Senior .net Entwickler:in<\/a><\/h2><div class=\"advgb-post-content\"><div class=\"advgb-post-excerpt\"><\/div><div class=\"advgb-post-readmore\"><a href=\"https:\/\/www.klafka-hinz.de\/?p=1734\">Weiterlesen<\/a><\/div><\/div><\/div><\/article><article class=\"advgb-recent-post advgb-recent-post--no-image\"><div class=\"advgb-post-wrapper\"><h2 class=\"advgb-post-title\"><a href=\"https:\/\/www.klafka-hinz.de\/?p=1470\">Mathematisch-Technische:r Softwareentwickler:in MATSE und Fachinformatiker:in<\/a><\/h2><div class=\"advgb-post-content\"><div class=\"advgb-post-excerpt\"><\/div><div class=\"advgb-post-readmore\"><a href=\"https:\/\/www.klafka-hinz.de\/?p=1470\">Weiterlesen<\/a><\/div><\/div><\/div><\/article><\/div><\/div>\n\n\n<h1 class=\"wp-block-heading has-text-align-center advgb-dyn-f779e338\">150 Menschen freuen sich darauf Dich kennenzulernen<\/h1>\n\n\n\n<p><\/p>\n\n\n\n<p><\/p>\n","protected":false},"excerpt":{"rendered":"<p>DU &#8211; bist motiviert und willst deine Expertise einbringen? &#8211; m\u00f6chtest aktiv an der Energiewende mitarbeiten? &#8211; beh\u00e4ltst den \u00dcberblick und freust dich auf Verantwortung? DANN WECHSLE ZU KLAFKA &amp;&#8230;<\/p>\n<div class=\"read-more-button-wrap\"><a class=\"moretag\" href=\"https:\/\/www.klafka-hinz.de\/?page_id=2133\"> weiterlesen<\/a><\/div>\n","protected":false},"author":2,"featured_media":0,"parent":0,"menu_order":0,"comment_status":"closed","ping_status":"closed","template":"","meta":{"_coblocks_attr":"","_coblocks_dimensions":"","_coblocks_responsive_height":"","_coblocks_accordion_ie_support":"","advgb_blocks_editor_width":"","advgb_blocks_columns_visual_guide":"","footnotes":""},"class_list":["post-2133","page","type-page","status-publish","hentry"],"yoast_head":"<!-- This site is optimized with the Yoast SEO plugin v27.3 - https:\/\/yoast.com\/product\/yoast-seo-wordpress\/ -->\n<title>Karriere mit Erfahrung - Klafka &amp; Hinz Energie-Informations-Systeme GmbH<\/title>\n<meta name=\"robots\" content=\"index, follow, max-snippet:-1, max-image-preview:large, max-video-preview:-1\" \/>\n<link rel=\"canonical\" href=\"https:\/\/www.klafka-hinz.de\/?page_id=2133\" \/>\n<meta property=\"og:locale\" content=\"de_DE\" \/>\n<meta property=\"og:type\" content=\"article\" \/>\n<meta property=\"og:title\" content=\"Karriere mit Erfahrung - Klafka &amp; Hinz Energie-Informations-Systeme GmbH\" \/>\n<meta property=\"og:description\" content=\"DU &#8211; bist motiviert und willst deine Expertise einbringen? &#8211; m\u00f6chtest aktiv an der Energiewende mitarbeiten? &#8211; beh\u00e4ltst den \u00dcberblick und freust dich auf Verantwortung? DANN WECHSLE ZU KLAFKA &amp;... weiterlesen\" \/>\n<meta property=\"og:url\" content=\"https:\/\/www.klafka-hinz.de\/?page_id=2133\" \/>\n<meta property=\"og:site_name\" content=\"Klafka &amp; Hinz Energie-Informations-Systeme GmbH\" \/>\n<meta property=\"article:modified_time\" content=\"2021-05-14T13:34:17+00:00\" \/>\n<meta property=\"og:image\" content=\"http:\/\/klafka-hinz.eu\/wp-content\/uploads\/AdobeStock_158504099_cropped.jpg\" \/>\n<meta name=\"twitter:card\" content=\"summary_large_image\" \/>\n<meta name=\"twitter:label1\" content=\"Gesch\u00e4tzte Lesezeit\" \/>\n\t<meta name=\"twitter:data1\" content=\"1\u00a0Minute\" \/>\n<script type=\"application\/ld+json\" class=\"yoast-schema-graph\">{\"@context\":\"https:\\\/\\\/schema.org\",\"@graph\":[{\"@type\":\"WebPage\",\"@id\":\"https:\\\/\\\/www.klafka-hinz.de\\\/?page_id=2133\",\"url\":\"https:\\\/\\\/www.klafka-hinz.de\\\/?page_id=2133\",\"name\":\"Karriere mit Erfahrung - Klafka &amp; Hinz Energie-Informations-Systeme GmbH\",\"isPartOf\":{\"@id\":\"https:\\\/\\\/www.klafka-hinz.de\\\/#website\"},\"primaryImageOfPage\":{\"@id\":\"https:\\\/\\\/www.klafka-hinz.de\\\/?page_id=2133#primaryimage\"},\"image\":{\"@id\":\"https:\\\/\\\/www.klafka-hinz.de\\\/?page_id=2133#primaryimage\"},\"thumbnailUrl\":\"http:\\\/\\\/klafka-hinz.eu\\\/wp-content\\\/uploads\\\/AdobeStock_158504099_cropped.jpg\",\"datePublished\":\"2019-10-29T08:10:04+00:00\",\"dateModified\":\"2021-05-14T13:34:17+00:00\",\"breadcrumb\":{\"@id\":\"https:\\\/\\\/www.klafka-hinz.de\\\/?page_id=2133#breadcrumb\"},\"inLanguage\":\"de\",\"potentialAction\":[{\"@type\":\"ReadAction\",\"target\":[\"https:\\\/\\\/www.klafka-hinz.de\\\/?page_id=2133\"]}]},{\"@type\":\"ImageObject\",\"inLanguage\":\"de\",\"@id\":\"https:\\\/\\\/www.klafka-hinz.de\\\/?page_id=2133#primaryimage\",\"url\":\"http:\\\/\\\/klafka-hinz.eu\\\/wp-content\\\/uploads\\\/AdobeStock_158504099_cropped.jpg\",\"contentUrl\":\"http:\\\/\\\/klafka-hinz.eu\\\/wp-content\\\/uploads\\\/AdobeStock_158504099_cropped.jpg\"},{\"@type\":\"BreadcrumbList\",\"@id\":\"https:\\\/\\\/www.klafka-hinz.de\\\/?page_id=2133#breadcrumb\",\"itemListElement\":[{\"@type\":\"ListItem\",\"position\":1,\"name\":\"Startseite\",\"item\":\"https:\\\/\\\/www.klafka-hinz.de\\\/\"},{\"@type\":\"ListItem\",\"position\":2,\"name\":\"Karriere mit Erfahrung\"}]},{\"@type\":\"WebSite\",\"@id\":\"https:\\\/\\\/www.klafka-hinz.de\\\/#website\",\"url\":\"https:\\\/\\\/www.klafka-hinz.de\\\/\",\"name\":\"Klafka &amp; Hinz Energie-Informations-Systeme GmbH\",\"description\":\"\",\"publisher\":{\"@id\":\"https:\\\/\\\/www.klafka-hinz.de\\\/#organization\"},\"potentialAction\":[{\"@type\":\"SearchAction\",\"target\":{\"@type\":\"EntryPoint\",\"urlTemplate\":\"https:\\\/\\\/www.klafka-hinz.de\\\/?s={search_term_string}\"},\"query-input\":{\"@type\":\"PropertyValueSpecification\",\"valueRequired\":true,\"valueName\":\"search_term_string\"}}],\"inLanguage\":\"de\"},{\"@type\":\"Organization\",\"@id\":\"https:\\\/\\\/www.klafka-hinz.de\\\/#organization\",\"name\":\"Klafka &amp; Hinz Energie-Informations-Systeme GmbH\",\"url\":\"https:\\\/\\\/www.klafka-hinz.de\\\/\",\"logo\":{\"@type\":\"ImageObject\",\"inLanguage\":\"de\",\"@id\":\"https:\\\/\\\/www.klafka-hinz.de\\\/#\\\/schema\\\/logo\\\/image\\\/\",\"url\":\"https:\\\/\\\/www.klafka-hinz.de\\\/wp-content\\\/uploads\\\/cropped-Logo.png\",\"contentUrl\":\"https:\\\/\\\/www.klafka-hinz.de\\\/wp-content\\\/uploads\\\/cropped-Logo.png\",\"width\":263,\"height\":56,\"caption\":\"Klafka &amp; Hinz Energie-Informations-Systeme GmbH\"},\"image\":{\"@id\":\"https:\\\/\\\/www.klafka-hinz.de\\\/#\\\/schema\\\/logo\\\/image\\\/\"}}]}<\/script>\n<!-- \/ Yoast SEO plugin. -->","yoast_head_json":{"title":"Karriere mit Erfahrung - Klafka &amp; Hinz Energie-Informations-Systeme GmbH","robots":{"index":"index","follow":"follow","max-snippet":"max-snippet:-1","max-image-preview":"max-image-preview:large","max-video-preview":"max-video-preview:-1"},"canonical":"https:\/\/www.klafka-hinz.de\/?page_id=2133","og_locale":"de_DE","og_type":"article","og_title":"Karriere mit Erfahrung - Klafka &amp; Hinz Energie-Informations-Systeme GmbH","og_description":"DU &#8211; bist motiviert und willst deine Expertise einbringen? &#8211; m\u00f6chtest aktiv an der Energiewende mitarbeiten? &#8211; beh\u00e4ltst den \u00dcberblick und freust dich auf Verantwortung? DANN WECHSLE ZU KLAFKA &amp;... weiterlesen","og_url":"https:\/\/www.klafka-hinz.de\/?page_id=2133","og_site_name":"Klafka &amp; Hinz Energie-Informations-Systeme GmbH","article_modified_time":"2021-05-14T13:34:17+00:00","og_image":[{"url":"http:\/\/klafka-hinz.eu\/wp-content\/uploads\/AdobeStock_158504099_cropped.jpg","type":"","width":"","height":""}],"twitter_card":"summary_large_image","twitter_misc":{"Gesch\u00e4tzte Lesezeit":"1\u00a0Minute"},"schema":{"@context":"https:\/\/schema.org","@graph":[{"@type":"WebPage","@id":"https:\/\/www.klafka-hinz.de\/?page_id=2133","url":"https:\/\/www.klafka-hinz.de\/?page_id=2133","name":"Karriere mit Erfahrung - Klafka &amp; Hinz Energie-Informations-Systeme GmbH","isPartOf":{"@id":"https:\/\/www.klafka-hinz.de\/#website"},"primaryImageOfPage":{"@id":"https:\/\/www.klafka-hinz.de\/?page_id=2133#primaryimage"},"image":{"@id":"https:\/\/www.klafka-hinz.de\/?page_id=2133#primaryimage"},"thumbnailUrl":"http:\/\/klafka-hinz.eu\/wp-content\/uploads\/AdobeStock_158504099_cropped.jpg","datePublished":"2019-10-29T08:10:04+00:00","dateModified":"2021-05-14T13:34:17+00:00","breadcrumb":{"@id":"https:\/\/www.klafka-hinz.de\/?page_id=2133#breadcrumb"},"inLanguage":"de","potentialAction":[{"@type":"ReadAction","target":["https:\/\/www.klafka-hinz.de\/?page_id=2133"]}]},{"@type":"ImageObject","inLanguage":"de","@id":"https:\/\/www.klafka-hinz.de\/?page_id=2133#primaryimage","url":"http:\/\/klafka-hinz.eu\/wp-content\/uploads\/AdobeStock_158504099_cropped.jpg","contentUrl":"http:\/\/klafka-hinz.eu\/wp-content\/uploads\/AdobeStock_158504099_cropped.jpg"},{"@type":"BreadcrumbList","@id":"https:\/\/www.klafka-hinz.de\/?page_id=2133#breadcrumb","itemListElement":[{"@type":"ListItem","position":1,"name":"Startseite","item":"https:\/\/www.klafka-hinz.de\/"},{"@type":"ListItem","position":2,"name":"Karriere mit Erfahrung"}]},{"@type":"WebSite","@id":"https:\/\/www.klafka-hinz.de\/#website","url":"https:\/\/www.klafka-hinz.de\/","name":"Klafka &amp; Hinz Energie-Informations-Systeme GmbH","description":"","publisher":{"@id":"https:\/\/www.klafka-hinz.de\/#organization"},"potentialAction":[{"@type":"SearchAction","target":{"@type":"EntryPoint","urlTemplate":"https:\/\/www.klafka-hinz.de\/?s={search_term_string}"},"query-input":{"@type":"PropertyValueSpecification","valueRequired":true,"valueName":"search_term_string"}}],"inLanguage":"de"},{"@type":"Organization","@id":"https:\/\/www.klafka-hinz.de\/#organization","name":"Klafka &amp; Hinz Energie-Informations-Systeme GmbH","url":"https:\/\/www.klafka-hinz.de\/","logo":{"@type":"ImageObject","inLanguage":"de","@id":"https:\/\/www.klafka-hinz.de\/#\/schema\/logo\/image\/","url":"https:\/\/www.klafka-hinz.de\/wp-content\/uploads\/cropped-Logo.png","contentUrl":"https:\/\/www.klafka-hinz.de\/wp-content\/uploads\/cropped-Logo.png","width":263,"height":56,"caption":"Klafka &amp; Hinz Energie-Informations-Systeme GmbH"},"image":{"@id":"https:\/\/www.klafka-hinz.de\/#\/schema\/logo\/image\/"}}]}},"coauthors":[],"author_meta":{"author_link":"https:\/\/www.klafka-hinz.de\/?author=2","display_name":"Bastian Goffart"},"relative_dates":{"created":"Posted 6\u00a0Jahren ago","modified":"Updated 5\u00a0Jahren ago"},"absolute_dates":{"created":"Posted on 29. Oktober 2019","modified":"Updated on 14. Mai 2021"},"absolute_dates_time":{"created":"Posted on 29. Oktober 2019 8:10","modified":"Updated on 14. Mai 2021 15:34"},"featured_img_caption":"","featured_img":false,"series_order":"","_links":{"self":[{"href":"https:\/\/www.klafka-hinz.de\/index.php?rest_route=\/wp\/v2\/pages\/2133","targetHints":{"allow":["GET"]}}],"collection":[{"href":"https:\/\/www.klafka-hinz.de\/index.php?rest_route=\/wp\/v2\/pages"}],"about":[{"href":"https:\/\/www.klafka-hinz.de\/index.php?rest_route=\/wp\/v2\/types\/page"}],"author":[{"embeddable":true,"href":"https:\/\/www.klafka-hinz.de\/index.php?rest_route=\/wp\/v2\/users\/2"}],"replies":[{"embeddable":true,"href":"https:\/\/www.klafka-hinz.de\/index.php?rest_route=%2Fwp%2Fv2%2Fcomments&post=2133"}],"version-history":[{"count":17,"href":"https:\/\/www.klafka-hinz.de\/index.php?rest_route=\/wp\/v2\/pages\/2133\/revisions"}],"predecessor-version":[{"id":4911,"href":"https:\/\/www.klafka-hinz.de\/index.php?rest_route=\/wp\/v2\/pages\/2133\/revisions\/4911"}],"wp:attachment":[{"href":"https:\/\/www.klafka-hinz.de\/index.php?rest_route=%2Fwp%2Fv2%2Fmedia&parent=2133"}],"curies":[{"name":"wp","href":"https:\/\/api.w.org\/{rel}","templated":true}]}}