{"id":2,"date":"2016-05-10T03:48:21","date_gmt":"2016-05-10T03:48:21","guid":{"rendered":"http:\/\/vm-srviishp1\/?page_id=2"},"modified":"2024-10-02T15:34:51","modified_gmt":"2024-10-02T13:34:51","slug":"energiemarkt-software-loesungen","status":"publish","type":"page","link":"https:\/\/www.klafka-hinz.de\/","title":{"rendered":"Energiemarkt Software L\u00f6sungen"},"content":{"rendered":"\n<h1 class=\"wp-block-heading\">Wir sorgen daf\u00fcr, dass der Energiemarkt funktioniert<\/h1>\n\n\n\n<p class=\"has-text-align-center\">Wenn Endverbraucher den Strom- oder Gaslieferanten wechseln, Strom oder Gas beziehen, selber Solarstrom erzeugen oder einfach nur eine Energierechnung Ihres Lieferanten erhalten, dann haben Sie wahrscheinlich schon indirekt von der Software von Klafka &amp; Hinz profitiert.<\/p>\n\n\n\n<p class=\"has-text-align-center\">Unsere modular aufgebaute Produktfamilie FirstX ist auf die Abwicklung der komplexen Gesch\u00e4ftsprozesse im liberalisierten Energiemarkt ausgerichtet und optimiert.<\/p>\n\n\n\n<p class=\"has-text-align-center\">Durch FirstX k\u00f6nnen Sie entscheiden wie Ihr System aufgebaut ist.<br>Oder Sie entscheiden sich f\u00fcr eine unserer Standardl\u00f6sungen FirstSale, FirstNet oder FirstMeter.<\/p>\n\n\n\n<p class=\"has-text-align-center\">Profitieren Sie von unserer langj\u00e4hrigen Erfahrung, die wir in unz\u00e4hligen Projekten gesammelt haben. Unser interdisziplin\u00e4res Team steht bereit!<\/p>\n\n\n\n<p><\/p>\n","protected":false},"excerpt":{"rendered":"<p>Wir sorgen daf\u00fcr, dass der Energiemarkt funktioniert Wenn Endverbraucher den Strom- oder Gaslieferanten wechseln, Strom oder Gas beziehen, selber Solarstrom erzeugen oder einfach nur eine Energierechnung Ihres Lieferanten erhalten, dann&#8230;<\/p>\n<div class=\"read-more-button-wrap\"><a class=\"moretag\" href=\"https:\/\/www.klafka-hinz.de\/\"> weiterlesen<\/a><\/div>\n","protected":false},"author":2,"featured_media":0,"parent":0,"menu_order":0,"comment_status":"closed","ping_status":"open","template":"template-frontpage.php","meta":{"_coblocks_attr":"","_coblocks_dimensions":"","_coblocks_responsive_height":"","_coblocks_accordion_ie_support":"","advgb_blocks_editor_width":"","advgb_blocks_columns_visual_guide":"","footnotes":""},"class_list":["post-2","page","type-page","status-publish","hentry"],"yoast_head":"<!-- This site is optimized with the Yoast SEO plugin v27.3 - https:\/\/yoast.com\/product\/yoast-seo-wordpress\/ -->\n<title>Energiemarkt Software L\u00f6sungen - Klafka &amp; Hinz Energie-Informations-Systeme GmbH<\/title>\n<meta name=\"description\" content=\"Entdecken Sie unsere Energiemarkt Software L\u00f6sungen von Klafka &amp; Hinz! Unsere modulare L\u00f6sung FirstX bietet flexible Standardoptionen.\" \/>\n<meta name=\"robots\" content=\"index, follow, max-snippet:-1, max-image-preview:large, max-video-preview:-1\" \/>\n<link rel=\"canonical\" href=\"https:\/\/www.klafka-hinz.de\/\" \/>\n<meta property=\"og:locale\" content=\"de_DE\" \/>\n<meta property=\"og:type\" content=\"article\" \/>\n<meta property=\"og:title\" content=\"Energiemarkt Software L\u00f6sungen - Klafka &amp; Hinz Energie-Informations-Systeme GmbH\" \/>\n<meta property=\"og:description\" content=\"Entdecken Sie unsere Energiemarkt Software L\u00f6sungen von Klafka &amp; Hinz! Unsere modulare L\u00f6sung FirstX bietet flexible Standardoptionen.\" \/>\n<meta property=\"og:url\" content=\"https:\/\/www.klafka-hinz.de\/\" \/>\n<meta property=\"og:site_name\" content=\"Klafka &amp; Hinz Energie-Informations-Systeme GmbH\" \/>\n<meta property=\"article:modified_time\" content=\"2024-10-02T13:34:51+00:00\" \/>\n<meta name=\"twitter:card\" content=\"summary_large_image\" \/>\n<meta name=\"twitter:label1\" content=\"Gesch\u00e4tzte Lesezeit\" \/>\n\t<meta name=\"twitter:data1\" content=\"1\u00a0Minute\" \/>\n<script type=\"application\/ld+json\" class=\"yoast-schema-graph\">{\"@context\":\"https:\\\/\\\/schema.org\",\"@graph\":[{\"@type\":\"WebPage\",\"@id\":\"https:\\\/\\\/www.klafka-hinz.de\\\/\",\"url\":\"https:\\\/\\\/www.klafka-hinz.de\\\/\",\"name\":\"Energiemarkt Software L\u00f6sungen - Klafka &amp; Hinz Energie-Informations-Systeme GmbH\",\"isPartOf\":{\"@id\":\"https:\\\/\\\/www.klafka-hinz.de\\\/#website\"},\"datePublished\":\"2016-05-10T03:48:21+00:00\",\"dateModified\":\"2024-10-02T13:34:51+00:00\",\"description\":\"Entdecken Sie unsere Energiemarkt Software L\u00f6sungen von Klafka & Hinz! Unsere modulare L\u00f6sung FirstX bietet flexible Standardoptionen.\",\"breadcrumb\":{\"@id\":\"https:\\\/\\\/www.klafka-hinz.de\\\/#breadcrumb\"},\"inLanguage\":\"de\",\"potentialAction\":[{\"@type\":\"ReadAction\",\"target\":[\"https:\\\/\\\/www.klafka-hinz.de\\\/\"]}]},{\"@type\":\"BreadcrumbList\",\"@id\":\"https:\\\/\\\/www.klafka-hinz.de\\\/#breadcrumb\",\"itemListElement\":[{\"@type\":\"ListItem\",\"position\":1,\"name\":\"Startseite\",\"item\":\"https:\\\/\\\/www.klafka-hinz.de\\\/\"},{\"@type\":\"ListItem\",\"position\":2,\"name\":\"Energiemarkt Software L\u00f6sungen\"}]},{\"@type\":\"WebSite\",\"@id\":\"https:\\\/\\\/www.klafka-hinz.de\\\/#website\",\"url\":\"https:\\\/\\\/www.klafka-hinz.de\\\/\",\"name\":\"Klafka &amp; Hinz Energie-Informations-Systeme GmbH\",\"description\":\"\",\"publisher\":{\"@id\":\"https:\\\/\\\/www.klafka-hinz.de\\\/#organization\"},\"potentialAction\":[{\"@type\":\"SearchAction\",\"target\":{\"@type\":\"EntryPoint\",\"urlTemplate\":\"https:\\\/\\\/www.klafka-hinz.de\\\/?s={search_term_string}\"},\"query-input\":{\"@type\":\"PropertyValueSpecification\",\"valueRequired\":true,\"valueName\":\"search_term_string\"}}],\"inLanguage\":\"de\"},{\"@type\":\"Organization\",\"@id\":\"https:\\\/\\\/www.klafka-hinz.de\\\/#organization\",\"name\":\"Klafka &amp; Hinz Energie-Informations-Systeme GmbH\",\"url\":\"https:\\\/\\\/www.klafka-hinz.de\\\/\",\"logo\":{\"@type\":\"ImageObject\",\"inLanguage\":\"de\",\"@id\":\"https:\\\/\\\/www.klafka-hinz.de\\\/#\\\/schema\\\/logo\\\/image\\\/\",\"url\":\"https:\\\/\\\/www.klafka-hinz.de\\\/wp-content\\\/uploads\\\/cropped-Logo.png\",\"contentUrl\":\"https:\\\/\\\/www.klafka-hinz.de\\\/wp-content\\\/uploads\\\/cropped-Logo.png\",\"width\":263,\"height\":56,\"caption\":\"Klafka &amp; Hinz Energie-Informations-Systeme GmbH\"},\"image\":{\"@id\":\"https:\\\/\\\/www.klafka-hinz.de\\\/#\\\/schema\\\/logo\\\/image\\\/\"}}]}<\/script>\n<!-- \/ Yoast SEO plugin. -->","yoast_head_json":{"title":"Energiemarkt Software L\u00f6sungen - Klafka &amp; Hinz Energie-Informations-Systeme GmbH","description":"Entdecken Sie unsere Energiemarkt Software L\u00f6sungen von Klafka & Hinz! Unsere modulare L\u00f6sung FirstX bietet flexible Standardoptionen.","robots":{"index":"index","follow":"follow","max-snippet":"max-snippet:-1","max-image-preview":"max-image-preview:large","max-video-preview":"max-video-preview:-1"},"canonical":"https:\/\/www.klafka-hinz.de\/","og_locale":"de_DE","og_type":"article","og_title":"Energiemarkt Software L\u00f6sungen - Klafka &amp; Hinz Energie-Informations-Systeme GmbH","og_description":"Entdecken Sie unsere Energiemarkt Software L\u00f6sungen von Klafka & Hinz! Unsere modulare L\u00f6sung FirstX bietet flexible Standardoptionen.","og_url":"https:\/\/www.klafka-hinz.de\/","og_site_name":"Klafka &amp; Hinz Energie-Informations-Systeme GmbH","article_modified_time":"2024-10-02T13:34:51+00:00","twitter_card":"summary_large_image","twitter_misc":{"Gesch\u00e4tzte Lesezeit":"1\u00a0Minute"},"schema":{"@context":"https:\/\/schema.org","@graph":[{"@type":"WebPage","@id":"https:\/\/www.klafka-hinz.de\/","url":"https:\/\/www.klafka-hinz.de\/","name":"Energiemarkt Software L\u00f6sungen - Klafka &amp; Hinz Energie-Informations-Systeme GmbH","isPartOf":{"@id":"https:\/\/www.klafka-hinz.de\/#website"},"datePublished":"2016-05-10T03:48:21+00:00","dateModified":"2024-10-02T13:34:51+00:00","description":"Entdecken Sie unsere Energiemarkt Software L\u00f6sungen von Klafka & Hinz! Unsere modulare L\u00f6sung FirstX bietet flexible Standardoptionen.","breadcrumb":{"@id":"https:\/\/www.klafka-hinz.de\/#breadcrumb"},"inLanguage":"de","potentialAction":[{"@type":"ReadAction","target":["https:\/\/www.klafka-hinz.de\/"]}]},{"@type":"BreadcrumbList","@id":"https:\/\/www.klafka-hinz.de\/#breadcrumb","itemListElement":[{"@type":"ListItem","position":1,"name":"Startseite","item":"https:\/\/www.klafka-hinz.de\/"},{"@type":"ListItem","position":2,"name":"Energiemarkt Software L\u00f6sungen"}]},{"@type":"WebSite","@id":"https:\/\/www.klafka-hinz.de\/#website","url":"https:\/\/www.klafka-hinz.de\/","name":"Klafka &amp; Hinz Energie-Informations-Systeme GmbH","description":"","publisher":{"@id":"https:\/\/www.klafka-hinz.de\/#organization"},"potentialAction":[{"@type":"SearchAction","target":{"@type":"EntryPoint","urlTemplate":"https:\/\/www.klafka-hinz.de\/?s={search_term_string}"},"query-input":{"@type":"PropertyValueSpecification","valueRequired":true,"valueName":"search_term_string"}}],"inLanguage":"de"},{"@type":"Organization","@id":"https:\/\/www.klafka-hinz.de\/#organization","name":"Klafka &amp; Hinz Energie-Informations-Systeme GmbH","url":"https:\/\/www.klafka-hinz.de\/","logo":{"@type":"ImageObject","inLanguage":"de","@id":"https:\/\/www.klafka-hinz.de\/#\/schema\/logo\/image\/","url":"https:\/\/www.klafka-hinz.de\/wp-content\/uploads\/cropped-Logo.png","contentUrl":"https:\/\/www.klafka-hinz.de\/wp-content\/uploads\/cropped-Logo.png","width":263,"height":56,"caption":"Klafka &amp; Hinz Energie-Informations-Systeme GmbH"},"image":{"@id":"https:\/\/www.klafka-hinz.de\/#\/schema\/logo\/image\/"}}]}},"coauthors":[],"author_meta":{"author_link":"https:\/\/www.klafka-hinz.de\/?author=2","display_name":"Bastian Goffart"},"relative_dates":{"created":"Posted 10\u00a0Jahren ago","modified":"Updated 2\u00a0Jahren ago"},"absolute_dates":{"created":"Posted on 10. Mai 2016","modified":"Updated on 2. Oktober 2024"},"absolute_dates_time":{"created":"Posted on 10. Mai 2016 3:48","modified":"Updated on 2. Oktober 2024 15:34"},"featured_img_caption":"","featured_img":false,"series_order":"","_links":{"self":[{"href":"https:\/\/www.klafka-hinz.de\/index.php?rest_route=\/wp\/v2\/pages\/2","targetHints":{"allow":["GET"]}}],"collection":[{"href":"https:\/\/www.klafka-hinz.de\/index.php?rest_route=\/wp\/v2\/pages"}],"about":[{"href":"https:\/\/www.klafka-hinz.de\/index.php?rest_route=\/wp\/v2\/types\/page"}],"author":[{"embeddable":true,"href":"https:\/\/www.klafka-hinz.de\/index.php?rest_route=\/wp\/v2\/users\/2"}],"replies":[{"embeddable":true,"href":"https:\/\/www.klafka-hinz.de\/index.php?rest_route=%2Fwp%2Fv2%2Fcomments&post=2"}],"version-history":[{"count":6,"href":"https:\/\/www.klafka-hinz.de\/index.php?rest_route=\/wp\/v2\/pages\/2\/revisions"}],"predecessor-version":[{"id":4816,"href":"https:\/\/www.klafka-hinz.de\/index.php?rest_route=\/wp\/v2\/pages\/2\/revisions\/4816"}],"wp:attachment":[{"href":"https:\/\/www.klafka-hinz.de\/index.php?rest_route=%2Fwp%2Fv2%2Fmedia&parent=2"}],"curies":[{"name":"wp","href":"https:\/\/api.w.org\/{rel}","templated":true}]}}