{"id":1660,"date":"2018-11-02T08:55:22","date_gmt":"2018-11-02T08:55:22","guid":{"rendered":"http:\/\/homepage1.klafka-hinz.eu\/?page_id=1660"},"modified":"2025-05-14T12:07:03","modified_gmt":"2025-05-14T10:07:03","slug":"klimaschutz","status":"publish","type":"page","link":"https:\/\/www.klafka-hinz.de\/?page_id=1660","title":{"rendered":"Klimaschutz"},"content":{"rendered":"\n<h2 class=\"wp-block-heading has-text-align-center\">UNSER BEITRAG<\/h2>\n\n\n\n<h1 class=\"wp-block-heading has-text-align-center\">KLIMASCHUTZ<\/h1>\n\n\n\n<p>Wir bem\u00fchen uns, unseren Beitrag zum Klimaschutz zu leisten. Ziel ist dabei, die von Klafka &amp; Hinz direkt verursachten CO2\u2011Emissionen zu verringern. Als Dienstleistungsunternehmen entstehen diese bei uns haupts\u00e4chlich durch Reisen und den Energieverbrauch in unserem B\u00fcrogeb\u00e4ude.<\/p>\n\n\n\n<p>Als zu minimierende Zielgr\u00f6\u00dfe haben wir die j\u00e4hrlichen CO2\u2011Emissionen je Mitarbeiter (je rechnerischer Vollzeitstelle) und Jahr festgelegt. Heute liegt der Wert bei 0,14 t CO2 je Mitarbeiter und Jahr. Gegen\u00fcber dem Anfangswert 2006 konnten die Emissionen je Mitarbeiter durch unsere Ma\u00dfnahmen um \u00fcber 90 % gesenkt werden.<\/p>\n\n\n\n<div class=\"wp-block-columns is-layout-flex wp-container-core-columns-is-layout-9d6595d7 wp-block-columns-is-layout-flex\">\n<div class=\"wp-block-column is-layout-flow wp-block-column-is-layout-flow\">\n<h2 class=\"wp-block-heading has-text-align-center\">Stromverbrauch<\/h2>\n\n\n\n<div class=\"wp-block-advgb-list\"><ul class=\"advgblist-063a628d-9bb6-41f7-a0d8-b97254527e68 advgb-list advgb-list-yes\">\n<li><\/li>\n<\/ul><\/div>\n<\/div>\n\n\n\n<div class=\"wp-block-column is-layout-flow wp-block-column-is-layout-flow\">\n<h2 class=\"wp-block-heading has-text-align-center\">Geb\u00e4ude<\/h2>\n\n\n\n<div class=\"wp-block-advgb-list\"><ul class=\"advgblist-a6544149-649c-46f1-864c-a0652c7df3c7 advgb-list advgb-list-yes\">\n<li><\/li>\n<\/ul><\/div>\n<\/div>\n\n\n\n<div class=\"wp-block-column is-layout-flow wp-block-column-is-layout-flow\">\n<h2 class=\"wp-block-heading has-text-align-center\">Reisen<\/h2>\n\n\n\n<div class=\"wp-block-advgb-list\"><ul class=\"advgblist-eb1f0c73-8846-421d-a714-573bde9c73cb advgb-list advgb-list-yes\">\n<li><\/li>\n<\/ul><\/div>\n<\/div>\n<\/div>\n\n\n\n<h3 class=\"wp-block-heading\">Zeitlicher Verlauf der CO2-Emisionen je Mitarbeiter und Jahr<\/h3>\n\n\n\n<figure class=\"wp-block-image size-full\"><img loading=\"lazy\" decoding=\"async\" width=\"1571\" height=\"1024\" src=\"https:\/\/www.klafka-hinz.de\/wp-content\/uploads\/CO2-Verbrauch_bis_Ende_2024.png\" alt=\"\" class=\"wp-image-5259\" srcset=\"https:\/\/www.klafka-hinz.de\/wp-content\/uploads\/CO2-Verbrauch_bis_Ende_2024.png 1571w, https:\/\/www.klafka-hinz.de\/wp-content\/uploads\/CO2-Verbrauch_bis_Ende_2024-300x196.png 300w, https:\/\/www.klafka-hinz.de\/wp-content\/uploads\/CO2-Verbrauch_bis_Ende_2024-1024x667.png 1024w, https:\/\/www.klafka-hinz.de\/wp-content\/uploads\/CO2-Verbrauch_bis_Ende_2024-768x501.png 768w, https:\/\/www.klafka-hinz.de\/wp-content\/uploads\/CO2-Verbrauch_bis_Ende_2024-1536x1001.png 1536w\" sizes=\"auto, (max-width: 1571px) 100vw, 1571px\" \/><figcaption class=\"wp-element-caption\">Wir beziehen die Emissionen auf die Anzahl Vollzeitstellen im jeweiligen Jahr. Teilzeitstellen und Aushilfsstellen werden dabei zeitanteilig ber\u00fccksichtigt.<\/figcaption><\/figure>\n\n\n\n<h3 class=\"wp-block-heading\">Kompensation<\/h3>\n\n\n\n<p>Erg\u00e4nzend zu unseren Bem\u00fchungen die CO2\u2011Emissionen zu reduzieren, kompensieren wir die verbleibenden Emissionen in ihren Auswirkungen auf das Klima durch finanzielle Unterst\u00fctzung von CDM\u2011Projekten in voller H\u00f6he \u00fcber&nbsp;<a href=\"http:\/\/www.atmosfair.de\" target=\"_blank\" rel=\"noopener noreferrer\">www.atmosfair.de<\/a>.<\/p>\n\n\n\n<h3 class=\"wp-block-heading\">Entrepreneurs for Future<\/h3>\n\n\n\n<p>Wir unterst\u00fctzen die <a href=\"https:\/\/www.entrepreneurs4future.de\/stellungnahme\" target=\"_blank\" rel=\"noopener noreferrer\">Stellungnahme<\/a> der Initiative &#8222;Entrepreneurs for future&#8220; zum Klimaschutz.<\/p>\n\n\n\n<figure class=\"wp-block-image size-large\"><img loading=\"lazy\" decoding=\"async\" width=\"422\" height=\"293\" src=\"http:\/\/vm-iiswptest\/wordpress\/wp-content\/uploads\/Entrepreneurs-for-Future.png\" alt=\"\" class=\"wp-image-2483\" srcset=\"https:\/\/www.klafka-hinz.de\/wp-content\/uploads\/Entrepreneurs-for-Future.png 422w, https:\/\/www.klafka-hinz.de\/wp-content\/uploads\/Entrepreneurs-for-Future-300x208.png 300w\" sizes=\"auto, (max-width: 422px) 100vw, 422px\" \/><\/figure>\n\n\n\n<p><a href=\"https:\/\/www.entrepreneurs4future.de\/\" data-elementor-open-lightbox=\"\"><br> <\/a><\/p>\n<style class=\"advgb-styles-renderer\">.wp-block-advgb-list ul.advgblist-063a628d-9bb6-41f7-a0d8-b97254527e68 > li{font-size:16px;}.wp-block-advgb-list ul.advgblist-063a628d-9bb6-41f7-a0d8-b97254527e68 > li{padding-left:32px;margin-left:0;}.wp-block-advgb-list ul.advgblist-063a628d-9bb6-41f7-a0d8-b97254527e68 > li:before{font-size:30px;color:#00d084;line-height:18px;margin:2px;padding:2px;margin-left:-34px}.wp-block-advgb-list ul.advgblist-063a628d-9bb6-41f7-a0d8-b97254527e68 > li{font-size:16px;}.wp-block-advgb-list ul.advgblist-063a628d-9bb6-41f7-a0d8-b97254527e68 > li{padding-left:32px;margin-left:0;}.wp-block-advgb-list ul.advgblist-063a628d-9bb6-41f7-a0d8-b97254527e68 > li:before{font-size:30px;color:#00d084;line-height:18px;margin:2px;padding:2px;margin-left:-34px}.wp-block-advgb-list ul.advgblist-a6544149-649c-46f1-864c-a0652c7df3c7 > li{font-size:16px;}.wp-block-advgb-list ul.advgblist-a6544149-649c-46f1-864c-a0652c7df3c7 > li{padding-left:32px;margin-left:0;}.wp-block-advgb-list ul.advgblist-a6544149-649c-46f1-864c-a0652c7df3c7 > li:before{font-size:30px;color:#00d084;line-height:18px;margin:2px;padding:2px;margin-left:-34px}.wp-block-advgb-list ul.advgblist-a6544149-649c-46f1-864c-a0652c7df3c7 > li{font-size:16px;}.wp-block-advgb-list ul.advgblist-a6544149-649c-46f1-864c-a0652c7df3c7 > li{padding-left:32px;margin-left:0;}.wp-block-advgb-list ul.advgblist-a6544149-649c-46f1-864c-a0652c7df3c7 > li:before{font-size:30px;color:#00d084;line-height:18px;margin:2px;padding:2px;margin-left:-34px}.wp-block-advgb-list ul.advgblist-eb1f0c73-8846-421d-a714-573bde9c73cb > li{font-size:16px;}.wp-block-advgb-list ul.advgblist-eb1f0c73-8846-421d-a714-573bde9c73cb > li{padding-left:32px;margin-left:0;}.wp-block-advgb-list ul.advgblist-eb1f0c73-8846-421d-a714-573bde9c73cb > li:before{font-size:30px;color:#00d084;line-height:18px;margin:2px;padding:2px;margin-left:-34px}.wp-block-advgb-list ul.advgblist-eb1f0c73-8846-421d-a714-573bde9c73cb > li{font-size:16px;}.wp-block-advgb-list ul.advgblist-eb1f0c73-8846-421d-a714-573bde9c73cb > li{padding-left:32px;margin-left:0;}.wp-block-advgb-list ul.advgblist-eb1f0c73-8846-421d-a714-573bde9c73cb > li:before{font-size:30px;color:#00d084;line-height:18px;margin:2px;padding:2px;margin-left:-34px}.wp-block-advgb-list ul.advgblist-063a628d-9bb6-41f7-a0d8-b97254527e68 > li{font-size:16px;}.wp-block-advgb-list ul.advgblist-063a628d-9bb6-41f7-a0d8-b97254527e68 > li{padding-left:32px;margin-left:0;}.wp-block-advgb-list ul.advgblist-063a628d-9bb6-41f7-a0d8-b97254527e68 > li:before{font-size:30px;color:#00d084;line-height:18px;margin:2px;padding:2px;margin-left:-34px}.wp-block-advgb-list ul.advgblist-a6544149-649c-46f1-864c-a0652c7df3c7 > li{font-size:16px;}.wp-block-advgb-list ul.advgblist-a6544149-649c-46f1-864c-a0652c7df3c7 > li{padding-left:32px;margin-left:0;}.wp-block-advgb-list ul.advgblist-a6544149-649c-46f1-864c-a0652c7df3c7 > li:before{font-size:30px;color:#00d084;line-height:18px;margin:2px;padding:2px;margin-left:-34px}.wp-block-advgb-list ul.advgblist-eb1f0c73-8846-421d-a714-573bde9c73cb > li{font-size:16px;}.wp-block-advgb-list ul.advgblist-eb1f0c73-8846-421d-a714-573bde9c73cb > li{padding-left:32px;margin-left:0;}.wp-block-advgb-list ul.advgblist-eb1f0c73-8846-421d-a714-573bde9c73cb > li:before{font-size:30px;color:#00d084;line-height:18px;margin:2px;padding:2px;margin-left:-34px}<\/style>","protected":false},"excerpt":{"rendered":"<p>KLIMASCHUTZ Wir bem\u00fchen uns, unseren Beitrag zum Klimaschutz zu leisten. Ziel ist dabei, die von Klafka &amp; Hinz direkt verursachten CO2\u2011Emissionen zu verringern. Als Dienstleistungsunternehmen entstehen diese bei uns haupts\u00e4chlich&#8230;<\/p>\n<div class=\"read-more-button-wrap\"><a class=\"moretag\" href=\"https:\/\/www.klafka-hinz.de\/?page_id=1660\"> weiterlesen<\/a><\/div>\n","protected":false},"author":2,"featured_media":755,"parent":0,"menu_order":0,"comment_status":"closed","ping_status":"closed","template":"template-fullwidth.php","meta":{"_coblocks_attr":"","_coblocks_dimensions":"","_coblocks_responsive_height":"","_coblocks_accordion_ie_support":"","advgb_blocks_editor_width":"","advgb_blocks_columns_visual_guide":"","footnotes":""},"class_list":["post-1660","page","type-page","status-publish","has-post-thumbnail","hentry"],"yoast_head":"<!-- This site is optimized with the Yoast SEO plugin v27.3 - https:\/\/yoast.com\/product\/yoast-seo-wordpress\/ -->\n<title>Klimaschutz - Klafka &amp; Hinz Energie-Informations-Systeme GmbH<\/title>\n<meta name=\"robots\" content=\"index, follow, max-snippet:-1, max-image-preview:large, max-video-preview:-1\" \/>\n<link rel=\"canonical\" href=\"https:\/\/www.klafka-hinz.de\/?page_id=1660\" \/>\n<meta property=\"og:locale\" content=\"de_DE\" \/>\n<meta property=\"og:type\" content=\"article\" \/>\n<meta property=\"og:title\" content=\"Klimaschutz - Klafka &amp; Hinz Energie-Informations-Systeme GmbH\" \/>\n<meta property=\"og:description\" content=\"KLIMASCHUTZ Wir bem\u00fchen uns, unseren Beitrag zum Klimaschutz zu leisten. Ziel ist dabei, die von Klafka &amp; Hinz direkt verursachten CO2\u2011Emissionen zu verringern. Als Dienstleistungsunternehmen entstehen diese bei uns haupts\u00e4chlich... weiterlesen\" \/>\n<meta property=\"og:url\" content=\"https:\/\/www.klafka-hinz.de\/?page_id=1660\" \/>\n<meta property=\"og:site_name\" content=\"Klafka &amp; Hinz Energie-Informations-Systeme GmbH\" \/>\n<meta property=\"article:modified_time\" content=\"2025-05-14T10:07:03+00:00\" \/>\n<meta name=\"twitter:card\" content=\"summary_large_image\" \/>\n<meta name=\"twitter:label1\" content=\"Gesch\u00e4tzte Lesezeit\" \/>\n\t<meta name=\"twitter:data1\" content=\"2\u00a0Minuten\" \/>\n<script type=\"application\/ld+json\" class=\"yoast-schema-graph\">{\"@context\":\"https:\\\/\\\/schema.org\",\"@graph\":[{\"@type\":\"WebPage\",\"@id\":\"https:\\\/\\\/www.klafka-hinz.de\\\/?page_id=1660\",\"url\":\"https:\\\/\\\/www.klafka-hinz.de\\\/?page_id=1660\",\"name\":\"Klimaschutz - Klafka &amp; Hinz Energie-Informations-Systeme GmbH\",\"isPartOf\":{\"@id\":\"https:\\\/\\\/www.klafka-hinz.de\\\/#website\"},\"primaryImageOfPage\":{\"@id\":\"https:\\\/\\\/www.klafka-hinz.de\\\/?page_id=1660#primaryimage\"},\"image\":{\"@id\":\"https:\\\/\\\/www.klafka-hinz.de\\\/?page_id=1660#primaryimage\"},\"thumbnailUrl\":\"\",\"datePublished\":\"2018-11-02T08:55:22+00:00\",\"dateModified\":\"2025-05-14T10:07:03+00:00\",\"breadcrumb\":{\"@id\":\"https:\\\/\\\/www.klafka-hinz.de\\\/?page_id=1660#breadcrumb\"},\"inLanguage\":\"de\",\"potentialAction\":[{\"@type\":\"ReadAction\",\"target\":[\"https:\\\/\\\/www.klafka-hinz.de\\\/?page_id=1660\"]}]},{\"@type\":\"ImageObject\",\"inLanguage\":\"de\",\"@id\":\"https:\\\/\\\/www.klafka-hinz.de\\\/?page_id=1660#primaryimage\",\"url\":\"\",\"contentUrl\":\"\"},{\"@type\":\"BreadcrumbList\",\"@id\":\"https:\\\/\\\/www.klafka-hinz.de\\\/?page_id=1660#breadcrumb\",\"itemListElement\":[{\"@type\":\"ListItem\",\"position\":1,\"name\":\"Startseite\",\"item\":\"https:\\\/\\\/www.klafka-hinz.de\\\/\"},{\"@type\":\"ListItem\",\"position\":2,\"name\":\"Klimaschutz\"}]},{\"@type\":\"WebSite\",\"@id\":\"https:\\\/\\\/www.klafka-hinz.de\\\/#website\",\"url\":\"https:\\\/\\\/www.klafka-hinz.de\\\/\",\"name\":\"Klafka &amp; Hinz Energie-Informations-Systeme GmbH\",\"description\":\"\",\"publisher\":{\"@id\":\"https:\\\/\\\/www.klafka-hinz.de\\\/#organization\"},\"potentialAction\":[{\"@type\":\"SearchAction\",\"target\":{\"@type\":\"EntryPoint\",\"urlTemplate\":\"https:\\\/\\\/www.klafka-hinz.de\\\/?s={search_term_string}\"},\"query-input\":{\"@type\":\"PropertyValueSpecification\",\"valueRequired\":true,\"valueName\":\"search_term_string\"}}],\"inLanguage\":\"de\"},{\"@type\":\"Organization\",\"@id\":\"https:\\\/\\\/www.klafka-hinz.de\\\/#organization\",\"name\":\"Klafka &amp; Hinz Energie-Informations-Systeme GmbH\",\"url\":\"https:\\\/\\\/www.klafka-hinz.de\\\/\",\"logo\":{\"@type\":\"ImageObject\",\"inLanguage\":\"de\",\"@id\":\"https:\\\/\\\/www.klafka-hinz.de\\\/#\\\/schema\\\/logo\\\/image\\\/\",\"url\":\"https:\\\/\\\/www.klafka-hinz.de\\\/wp-content\\\/uploads\\\/cropped-Logo.png\",\"contentUrl\":\"https:\\\/\\\/www.klafka-hinz.de\\\/wp-content\\\/uploads\\\/cropped-Logo.png\",\"width\":263,\"height\":56,\"caption\":\"Klafka &amp; Hinz Energie-Informations-Systeme GmbH\"},\"image\":{\"@id\":\"https:\\\/\\\/www.klafka-hinz.de\\\/#\\\/schema\\\/logo\\\/image\\\/\"}}]}<\/script>\n<!-- \/ Yoast SEO plugin. -->","yoast_head_json":{"title":"Klimaschutz - Klafka &amp; Hinz Energie-Informations-Systeme GmbH","robots":{"index":"index","follow":"follow","max-snippet":"max-snippet:-1","max-image-preview":"max-image-preview:large","max-video-preview":"max-video-preview:-1"},"canonical":"https:\/\/www.klafka-hinz.de\/?page_id=1660","og_locale":"de_DE","og_type":"article","og_title":"Klimaschutz - Klafka &amp; Hinz Energie-Informations-Systeme GmbH","og_description":"KLIMASCHUTZ Wir bem\u00fchen uns, unseren Beitrag zum Klimaschutz zu leisten. Ziel ist dabei, die von Klafka &amp; Hinz direkt verursachten CO2\u2011Emissionen zu verringern. Als Dienstleistungsunternehmen entstehen diese bei uns haupts\u00e4chlich... weiterlesen","og_url":"https:\/\/www.klafka-hinz.de\/?page_id=1660","og_site_name":"Klafka &amp; Hinz Energie-Informations-Systeme GmbH","article_modified_time":"2025-05-14T10:07:03+00:00","twitter_card":"summary_large_image","twitter_misc":{"Gesch\u00e4tzte Lesezeit":"2\u00a0Minuten"},"schema":{"@context":"https:\/\/schema.org","@graph":[{"@type":"WebPage","@id":"https:\/\/www.klafka-hinz.de\/?page_id=1660","url":"https:\/\/www.klafka-hinz.de\/?page_id=1660","name":"Klimaschutz - Klafka &amp; Hinz Energie-Informations-Systeme GmbH","isPartOf":{"@id":"https:\/\/www.klafka-hinz.de\/#website"},"primaryImageOfPage":{"@id":"https:\/\/www.klafka-hinz.de\/?page_id=1660#primaryimage"},"image":{"@id":"https:\/\/www.klafka-hinz.de\/?page_id=1660#primaryimage"},"thumbnailUrl":"","datePublished":"2018-11-02T08:55:22+00:00","dateModified":"2025-05-14T10:07:03+00:00","breadcrumb":{"@id":"https:\/\/www.klafka-hinz.de\/?page_id=1660#breadcrumb"},"inLanguage":"de","potentialAction":[{"@type":"ReadAction","target":["https:\/\/www.klafka-hinz.de\/?page_id=1660"]}]},{"@type":"ImageObject","inLanguage":"de","@id":"https:\/\/www.klafka-hinz.de\/?page_id=1660#primaryimage","url":"","contentUrl":""},{"@type":"BreadcrumbList","@id":"https:\/\/www.klafka-hinz.de\/?page_id=1660#breadcrumb","itemListElement":[{"@type":"ListItem","position":1,"name":"Startseite","item":"https:\/\/www.klafka-hinz.de\/"},{"@type":"ListItem","position":2,"name":"Klimaschutz"}]},{"@type":"WebSite","@id":"https:\/\/www.klafka-hinz.de\/#website","url":"https:\/\/www.klafka-hinz.de\/","name":"Klafka &amp; Hinz Energie-Informations-Systeme GmbH","description":"","publisher":{"@id":"https:\/\/www.klafka-hinz.de\/#organization"},"potentialAction":[{"@type":"SearchAction","target":{"@type":"EntryPoint","urlTemplate":"https:\/\/www.klafka-hinz.de\/?s={search_term_string}"},"query-input":{"@type":"PropertyValueSpecification","valueRequired":true,"valueName":"search_term_string"}}],"inLanguage":"de"},{"@type":"Organization","@id":"https:\/\/www.klafka-hinz.de\/#organization","name":"Klafka &amp; Hinz Energie-Informations-Systeme GmbH","url":"https:\/\/www.klafka-hinz.de\/","logo":{"@type":"ImageObject","inLanguage":"de","@id":"https:\/\/www.klafka-hinz.de\/#\/schema\/logo\/image\/","url":"https:\/\/www.klafka-hinz.de\/wp-content\/uploads\/cropped-Logo.png","contentUrl":"https:\/\/www.klafka-hinz.de\/wp-content\/uploads\/cropped-Logo.png","width":263,"height":56,"caption":"Klafka &amp; Hinz Energie-Informations-Systeme GmbH"},"image":{"@id":"https:\/\/www.klafka-hinz.de\/#\/schema\/logo\/image\/"}}]}},"coauthors":[],"author_meta":{"author_link":"https:\/\/www.klafka-hinz.de\/?author=2","display_name":"Bastian Goffart"},"relative_dates":{"created":"Posted 7\u00a0Jahren ago","modified":"Updated 11\u00a0Monaten ago"},"absolute_dates":{"created":"Posted on 2. November 2018","modified":"Updated on 14. Mai 2025"},"absolute_dates_time":{"created":"Posted on 2. November 2018 8:55","modified":"Updated on 14. Mai 2025 12:07"},"featured_img_caption":"","featured_img":false,"series_order":"","_links":{"self":[{"href":"https:\/\/www.klafka-hinz.de\/index.php?rest_route=\/wp\/v2\/pages\/1660","targetHints":{"allow":["GET"]}}],"collection":[{"href":"https:\/\/www.klafka-hinz.de\/index.php?rest_route=\/wp\/v2\/pages"}],"about":[{"href":"https:\/\/www.klafka-hinz.de\/index.php?rest_route=\/wp\/v2\/types\/page"}],"author":[{"embeddable":true,"href":"https:\/\/www.klafka-hinz.de\/index.php?rest_route=\/wp\/v2\/users\/2"}],"replies":[{"embeddable":true,"href":"https:\/\/www.klafka-hinz.de\/index.php?rest_route=%2Fwp%2Fv2%2Fcomments&post=1660"}],"version-history":[{"count":10,"href":"https:\/\/www.klafka-hinz.de\/index.php?rest_route=\/wp\/v2\/pages\/1660\/revisions"}],"predecessor-version":[{"id":5260,"href":"https:\/\/www.klafka-hinz.de\/index.php?rest_route=\/wp\/v2\/pages\/1660\/revisions\/5260"}],"wp:featuredmedia":[{"embeddable":true,"href":"https:\/\/www.klafka-hinz.de\/index.php?rest_route=\/"}],"wp:attachment":[{"href":"https:\/\/www.klafka-hinz.de\/index.php?rest_route=%2Fwp%2Fv2%2Fmedia&parent=1660"}],"curies":[{"name":"wp","href":"https:\/\/api.w.org\/{rel}","templated":true}]}}