{"id":1525,"date":"2018-08-13T14:21:52","date_gmt":"2018-08-13T14:21:52","guid":{"rendered":"https:\/\/homepage-intern.klafka-hinz.eu\/?page_id=1525"},"modified":"2024-08-21T11:57:14","modified_gmt":"2024-08-21T09:57:14","slug":"datenschutzerklaerung","status":"publish","type":"page","link":"https:\/\/www.klafka-hinz.de\/?page_id=1525","title":{"rendered":"Datenschutzerkl\u00e4rung"},"content":{"rendered":"\n<p><strong>Allgemeiner Hinweis und Pflichtinformationen<\/strong><\/p>\n\n\n\n<p><strong>Benennung der verantwortlichen Stelle<\/strong><\/p>\n\n\n\n<p>Die verantwortliche Stelle f\u00fcr die Datenverarbeitung auf dieser Website und aller Subdomains ist:<\/p>\n\n\n\n<p>Klafka &amp; Hinz Energie-Informations-Systeme GmbH<br>Weststra\u00dfe 54<br>D-52074 Aachen<\/p>\n\n\n\n<p>Telefon: +49 241 605201-0<br>Fax: +49 241 605201-18<\/p>\n\n\n\n<p>E-Mail:&nbsp;<a href=\"mailto:info@klafka-hinz.eu?subject=Kontaktanfrage%20-%20Klafka%20und%20Hinz%20Energie-Informations-Systeme%20GmbH\">info@klafka-hinz.de<\/a><\/p>\n\n\n\n<p>Verantwortliche Stelle ist die nat\u00fcrliche oder juristische Person, die allein oder gemeinsam mit anderen \u00fcber die Zwecke und Mittel der Verarbeitung von personenbezogenen Daten (z.B. Namen, E-Mail-Adressen o. \u00c4.) entscheidet.<\/p>\n\n\n\n<p><strong>Widerruf Ihrer Einwilligung zur Datenverarbeitung<\/strong><\/p>\n\n\n\n<p>Nur mit Ihrer ausdr\u00fccklichen Einwilligung sind einige Vorg\u00e4nge der Datenverarbeitung m\u00f6glich. Ein Widerruf Ihrer bereits erteilten Einwilligung ist jederzeit m\u00f6glich. F\u00fcr den Widerruf gen\u00fcgt eine formlose Mitteilung per E-Mail. Die Rechtm\u00e4\u00dfigkeit der bis zum Widerruf erfolgten Datenverarbeitung bleibt vom Widerruf unber\u00fchrt.<\/p>\n\n\n\n<p><strong>Recht auf Beschwerde bei der zust\u00e4ndigen Aufsichtsbeh\u00f6rde<\/strong><\/p>\n\n\n\n<p>Als Betroffener steht Ihnen im Falle eines datenschutzrechtlichen Versto\u00dfes ein Beschwerderecht bei der zust\u00e4ndigen Aufsichtsbeh\u00f6rde zu. Zust\u00e4ndige Aufsichtsbeh\u00f6rde bez\u00fcglich datenschutzrechtlicher Fragen ist der Landesdatenschutzbeauftragte des Bundeslandes, in dem sich der Sitz unseres Unternehmens befindet. Der folgende Link stellt eine Liste der Datenschutzbeauftragten sowie deren Kontaktdaten bereit:&nbsp;<a href=\"https:\/\/www.bfdi.bund.de\/DE\/Infothek\/Anschriften_Links\/anschriften_links-node.html\" target=\"_blank\" rel=\"noopener noreferrer\">https:\/\/www.bfdi.bund.de\/DE\/Infothek\/Anschriften_Links\/anschriften_links-node.html<\/a>.<\/p>\n\n\n\n<p><strong>Recht auf Daten\u00fcbertragbarkeit<\/strong><\/p>\n\n\n\n<p>Ihnen steht das Recht zu, Daten, die wir auf Grundlage Ihrer Einwilligung oder in Erf\u00fcllung eines Vertrags automatisiert verarbeiten, an sich oder an Dritte aush\u00e4ndigen zu lassen. Die Bereitstellung erfolgt in einem maschinenlesbaren Format. Sofern Sie die direkte \u00dcbertragung der Daten an einen anderen Verantwortlichen verlangen, erfolgt dies nur, soweit es technisch machbar ist.<\/p>\n\n\n\n<p><strong>Recht auf Auskunft, Berichtigung, Sperrung, L\u00f6schung<\/strong><\/p>\n\n\n\n<p>Sie haben jederzeit im Rahmen der geltenden gesetzlichen Bestimmungen das Recht auf unentgeltliche Auskunft \u00fcber Ihre gespeicherten personenbezogenen Daten, Herkunft der Daten, deren Empf\u00e4nger und den Zweck der Datenverarbeitung und ggf. ein Recht auf Berichtigung, Sperrung oder L\u00f6schung dieser Daten. Diesbez\u00fcglich und auch zu weiteren Fragen zum Thema personenbezogene Daten k\u00f6nnen Sie sich jederzeit \u00fcber die im Impressum aufgef\u00fchrten Kontaktm\u00f6glichkeiten an uns wenden.<\/p>\n\n\n\n<p><strong>SSL- bzw. TLS-Verschl\u00fcsselung<\/strong><\/p>\n\n\n\n<p>Aus Sicherheitsgr\u00fcnden und zum Schutz der \u00dcbertragung vertraulicher Inhalte, die Sie an uns als Seitenbetreiber senden, nutzt unsere Website eine SSL-bzw. TLS-Verschl\u00fcsselung. Damit sind Daten, die Sie \u00fcber diese Website \u00fcbermitteln, f\u00fcr Dritte nicht mitlesbar. Sie erkennen eine verschl\u00fcsselte Verbindung an der &#8222;https:\/\/&#8220; Adresszeile Ihres Browsers und am Schloss-Symbol in der Browserzeile.<\/p>\n\n\n\n<p><strong>Datenschutzbeauftragter<\/strong><\/p>\n\n\n\n<p>Wir haben einen Datenschutzbeauftragten bestellt.<\/p>\n\n\n\n<p>Schadowski Consulting GmbH<br>Internationaler Datenschutz &#8211; ISO 27001 &#8211; IT Compliance.<br>Bahnhofstrasse 9<br>52159 Roetgen<br><br>Telefon:&nbsp;+49-2471-705-9605<br>Telefax:&nbsp;+49-2471-705-9606<br>Mobil:&nbsp;&nbsp;+49-173-2590450<br>E-Mail :&nbsp;<a href=\"mailto:Datenschutz@Schadowski.com\">Datenschutz@Schadowski.com<\/a><\/p>\n\n\n\n<p><strong>Server-Log-Dateien<\/strong><\/p>\n\n\n\n<p>In Server-Log-Dateien erhebt und speichert der Provider der Website automatisch Informationen, die Ihr Browser automatisch an uns \u00fcbermittelt. Dies sind:<\/p>\n\n\n\n<ul class=\"wp-block-list\">\n<li>Browsertyp und Browserversion<\/li>\n\n\n\n<li>Verwendetes Betriebssystem<\/li>\n\n\n\n<li>Referrer URL<\/li>\n\n\n\n<li>Hostname des zugreifenden Rechners<\/li>\n\n\n\n<li>Uhrzeit der Serveranfrage<\/li>\n\n\n\n<li>IP-Adresse<\/li>\n<\/ul>\n\n\n\n<p>Es findet keine Zusammenf\u00fchrung dieser Daten mit anderen Datenquellen statt. Grundlage der Datenverarbeitung bildet Art. 6 Abs. 1 lit. b DSGVO, der die Verarbeitung von Daten zur Erf\u00fcllung eines Vertrags oder vorvertraglicher Ma\u00dfnahmen gestattet.<\/p>\n\n\n\n<p><strong>Kontaktformular<\/strong><\/p>\n\n\n\n<p>Per Kontaktformular \u00fcbermittelte Daten werden einschlie\u00dflich Ihrer Kontaktdaten gespeichert, um Ihre Anfrage bearbeiten zu k\u00f6nnen oder um f\u00fcr Anschlussfragen bereitzustehen. Eine Weitergabe dieser Daten findet ohne Ihre Einwilligung nicht statt.<\/p>\n\n\n\n<p>Die Verarbeitung der in das Kontaktformular eingegebenen Daten erfolgt ausschlie\u00dflich auf Grundlage Ihrer Einwilligung (Art. 6 Abs. 1 lit. a DSGVO). Ein Widerruf Ihrer bereits erteilten Einwilligung ist jederzeit m\u00f6glich. F\u00fcr den Widerruf gen\u00fcgt eine formlose Mitteilung per E-Mail. Die Rechtm\u00e4\u00dfigkeit der bis zum Widerruf erfolgten Datenverarbeitungsvorg\u00e4nge bleibt vom Widerruf unber\u00fchrt.<\/p>\n\n\n\n<p>\u00dcber das Kontaktformular \u00fcbermittelte Daten verbleiben bei uns, bis Sie uns zur L\u00f6schung auffordern, Ihre Einwilligung zur Speicherung widerrufen oder keine Notwendigkeit der Datenspeicherung mehr besteht. Zwingende gesetzliche Bestimmungen &#8211; insbesondere Aufbewahrungsfristen &#8211; bleiben unber\u00fchrt.<\/p>\n\n\n\n<p><strong>Cookies<\/strong><\/p>\n\n\n\n<p>Damit diese Seite richtig funktioniert, setzen wir manchmal kleine Dateien, sogenannte Cookies, auf Ihr Ger\u00e4t. Ein Cookie ist eine kleine Textdatei, die eine Website auf Ihrem Computer oder mobilen Ger\u00e4t speichert, wenn Sie die Website besuchen. Cookies richten auf Ihrem Rechner keinen Schaden an und enthalten keine Viren. Es erm\u00f6glicht der Website, sich Ihre Aktionen und Einstellungen (wie Login, Sprache, Schriftgr\u00f6\u00dfe und andere Anzeigeeinstellungen) \u00fcber einen bestimmten Zeitraum zu merken, so dass Sie sie nicht immer wieder neu eingeben m\u00fcssen, wenn Sie auf die Website zur\u00fcckkehren oder von einer Seite zur anderen bl\u00e4ttern.<\/p>\n\n\n\n<p>Die von uns verwendeten Cookies sind ausnahmslos so genannte &#8222;Session-Cookies&#8220;. Sie werden nach Ende Ihres Besuchs automatisch gel\u00f6scht. Diese Cookies, die zur Durchf\u00fchrung des elektronischen Kommunikationsvorgangs oder zur Bereitstellung bestimmter, von Ihnen erw\u00fcnschter Funktionen dienen, werden auf Grundlage von Art. 6 Abs. 1 lit. f DS-GVO gespeichert. Der Websitebetreiber hat ein berechtigtes Interesse an der Speicherung von Cookies zur technisch fehlerfreien und optimierten Bereitstellung seiner Dienste.<\/p>\n\n\n\n<p>Sie k\u00f6nnen Cookies nach Belieben steuern und\/oder l\u00f6schen &#8211; Details finden Sie unter AllAboutCookies.org. Sie k\u00f6nnen alle Cookies l\u00f6schen, die sich bereits auf Ihrem Computer befinden, und Sie k\u00f6nnen die meisten Browser so einstellen, dass sie nicht platziert werden. Wenn Sie dies tun, m\u00fcssen Sie jedoch m\u00f6glicherweise bei jedem Besuch einer Website einige Einstellungen manuell anpassen, und einige Dienste und Funktionen funktionieren m\u00f6glicherweise nicht.<\/p>\n\n\n\n<p><small>Quelle: Datenschutz-Konfigurator von&nbsp;<a href=\"http:\/\/www.mein-datenschutzbeauftragter.de\/\" target=\"_blank\" rel=\"noopener noreferrer\">mein-datenschutzbeauftragter.de<\/a><\/small><\/p>\n","protected":false},"excerpt":{"rendered":"<p>Allgemeiner Hinweis und Pflichtinformationen Benennung der verantwortlichen Stelle Die verantwortliche Stelle f\u00fcr die Datenverarbeitung auf dieser Website und aller Subdomains ist: Klafka &amp; Hinz Energie-Informations-Systeme GmbHWeststra\u00dfe 54D-52074 Aachen Telefon: +49&#8230;<\/p>\n<div class=\"read-more-button-wrap\"><a class=\"moretag\" href=\"https:\/\/www.klafka-hinz.de\/?page_id=1525\"> weiterlesen<\/a><\/div>\n","protected":false},"author":2,"featured_media":0,"parent":0,"menu_order":0,"comment_status":"closed","ping_status":"closed","template":"","meta":{"_coblocks_attr":"","_coblocks_dimensions":"","_coblocks_responsive_height":"","_coblocks_accordion_ie_support":"","advgb_blocks_editor_width":"","advgb_blocks_columns_visual_guide":"","footnotes":""},"class_list":["post-1525","page","type-page","status-publish","hentry"],"yoast_head":"<!-- This site is optimized with the Yoast SEO plugin v27.3 - https:\/\/yoast.com\/product\/yoast-seo-wordpress\/ -->\n<title>Datenschutzerkl\u00e4rung - Klafka &amp; Hinz Energie-Informations-Systeme GmbH<\/title>\n<meta name=\"robots\" content=\"index, follow, max-snippet:-1, max-image-preview:large, max-video-preview:-1\" \/>\n<link rel=\"canonical\" href=\"https:\/\/www.klafka-hinz.de\/?page_id=1525\" \/>\n<meta property=\"og:locale\" content=\"de_DE\" \/>\n<meta property=\"og:type\" content=\"article\" \/>\n<meta property=\"og:title\" content=\"Datenschutzerkl\u00e4rung - Klafka &amp; Hinz Energie-Informations-Systeme GmbH\" \/>\n<meta property=\"og:description\" content=\"Allgemeiner Hinweis und Pflichtinformationen Benennung der verantwortlichen Stelle Die verantwortliche Stelle f\u00fcr die Datenverarbeitung auf dieser Website und aller Subdomains ist: Klafka &amp; Hinz Energie-Informations-Systeme GmbHWeststra\u00dfe 54D-52074 Aachen Telefon: +49... weiterlesen\" \/>\n<meta property=\"og:url\" content=\"https:\/\/www.klafka-hinz.de\/?page_id=1525\" \/>\n<meta property=\"og:site_name\" content=\"Klafka &amp; Hinz Energie-Informations-Systeme GmbH\" \/>\n<meta property=\"article:modified_time\" content=\"2024-08-21T09:57:14+00:00\" \/>\n<meta name=\"twitter:card\" content=\"summary_large_image\" \/>\n<meta name=\"twitter:label1\" content=\"Gesch\u00e4tzte Lesezeit\" \/>\n\t<meta name=\"twitter:data1\" content=\"4\u00a0Minuten\" \/>\n<script type=\"application\/ld+json\" class=\"yoast-schema-graph\">{\"@context\":\"https:\\\/\\\/schema.org\",\"@graph\":[{\"@type\":\"WebPage\",\"@id\":\"https:\\\/\\\/www.klafka-hinz.de\\\/?page_id=1525\",\"url\":\"https:\\\/\\\/www.klafka-hinz.de\\\/?page_id=1525\",\"name\":\"Datenschutzerkl\u00e4rung - Klafka &amp; Hinz Energie-Informations-Systeme GmbH\",\"isPartOf\":{\"@id\":\"https:\\\/\\\/www.klafka-hinz.de\\\/#website\"},\"datePublished\":\"2018-08-13T14:21:52+00:00\",\"dateModified\":\"2024-08-21T09:57:14+00:00\",\"breadcrumb\":{\"@id\":\"https:\\\/\\\/www.klafka-hinz.de\\\/?page_id=1525#breadcrumb\"},\"inLanguage\":\"de\",\"potentialAction\":[{\"@type\":\"ReadAction\",\"target\":[\"https:\\\/\\\/www.klafka-hinz.de\\\/?page_id=1525\"]}]},{\"@type\":\"BreadcrumbList\",\"@id\":\"https:\\\/\\\/www.klafka-hinz.de\\\/?page_id=1525#breadcrumb\",\"itemListElement\":[{\"@type\":\"ListItem\",\"position\":1,\"name\":\"Startseite\",\"item\":\"https:\\\/\\\/www.klafka-hinz.de\\\/\"},{\"@type\":\"ListItem\",\"position\":2,\"name\":\"Datenschutzerkl\u00e4rung\"}]},{\"@type\":\"WebSite\",\"@id\":\"https:\\\/\\\/www.klafka-hinz.de\\\/#website\",\"url\":\"https:\\\/\\\/www.klafka-hinz.de\\\/\",\"name\":\"Klafka &amp; Hinz Energie-Informations-Systeme GmbH\",\"description\":\"\",\"publisher\":{\"@id\":\"https:\\\/\\\/www.klafka-hinz.de\\\/#organization\"},\"potentialAction\":[{\"@type\":\"SearchAction\",\"target\":{\"@type\":\"EntryPoint\",\"urlTemplate\":\"https:\\\/\\\/www.klafka-hinz.de\\\/?s={search_term_string}\"},\"query-input\":{\"@type\":\"PropertyValueSpecification\",\"valueRequired\":true,\"valueName\":\"search_term_string\"}}],\"inLanguage\":\"de\"},{\"@type\":\"Organization\",\"@id\":\"https:\\\/\\\/www.klafka-hinz.de\\\/#organization\",\"name\":\"Klafka &amp; Hinz Energie-Informations-Systeme GmbH\",\"url\":\"https:\\\/\\\/www.klafka-hinz.de\\\/\",\"logo\":{\"@type\":\"ImageObject\",\"inLanguage\":\"de\",\"@id\":\"https:\\\/\\\/www.klafka-hinz.de\\\/#\\\/schema\\\/logo\\\/image\\\/\",\"url\":\"https:\\\/\\\/www.klafka-hinz.de\\\/wp-content\\\/uploads\\\/cropped-Logo.png\",\"contentUrl\":\"https:\\\/\\\/www.klafka-hinz.de\\\/wp-content\\\/uploads\\\/cropped-Logo.png\",\"width\":263,\"height\":56,\"caption\":\"Klafka &amp; Hinz Energie-Informations-Systeme GmbH\"},\"image\":{\"@id\":\"https:\\\/\\\/www.klafka-hinz.de\\\/#\\\/schema\\\/logo\\\/image\\\/\"}}]}<\/script>\n<!-- \/ Yoast SEO plugin. -->","yoast_head_json":{"title":"Datenschutzerkl\u00e4rung - Klafka &amp; Hinz Energie-Informations-Systeme GmbH","robots":{"index":"index","follow":"follow","max-snippet":"max-snippet:-1","max-image-preview":"max-image-preview:large","max-video-preview":"max-video-preview:-1"},"canonical":"https:\/\/www.klafka-hinz.de\/?page_id=1525","og_locale":"de_DE","og_type":"article","og_title":"Datenschutzerkl\u00e4rung - Klafka &amp; Hinz Energie-Informations-Systeme GmbH","og_description":"Allgemeiner Hinweis und Pflichtinformationen Benennung der verantwortlichen Stelle Die verantwortliche Stelle f\u00fcr die Datenverarbeitung auf dieser Website und aller Subdomains ist: Klafka &amp; Hinz Energie-Informations-Systeme GmbHWeststra\u00dfe 54D-52074 Aachen Telefon: +49... weiterlesen","og_url":"https:\/\/www.klafka-hinz.de\/?page_id=1525","og_site_name":"Klafka &amp; Hinz Energie-Informations-Systeme GmbH","article_modified_time":"2024-08-21T09:57:14+00:00","twitter_card":"summary_large_image","twitter_misc":{"Gesch\u00e4tzte Lesezeit":"4\u00a0Minuten"},"schema":{"@context":"https:\/\/schema.org","@graph":[{"@type":"WebPage","@id":"https:\/\/www.klafka-hinz.de\/?page_id=1525","url":"https:\/\/www.klafka-hinz.de\/?page_id=1525","name":"Datenschutzerkl\u00e4rung - Klafka &amp; Hinz Energie-Informations-Systeme GmbH","isPartOf":{"@id":"https:\/\/www.klafka-hinz.de\/#website"},"datePublished":"2018-08-13T14:21:52+00:00","dateModified":"2024-08-21T09:57:14+00:00","breadcrumb":{"@id":"https:\/\/www.klafka-hinz.de\/?page_id=1525#breadcrumb"},"inLanguage":"de","potentialAction":[{"@type":"ReadAction","target":["https:\/\/www.klafka-hinz.de\/?page_id=1525"]}]},{"@type":"BreadcrumbList","@id":"https:\/\/www.klafka-hinz.de\/?page_id=1525#breadcrumb","itemListElement":[{"@type":"ListItem","position":1,"name":"Startseite","item":"https:\/\/www.klafka-hinz.de\/"},{"@type":"ListItem","position":2,"name":"Datenschutzerkl\u00e4rung"}]},{"@type":"WebSite","@id":"https:\/\/www.klafka-hinz.de\/#website","url":"https:\/\/www.klafka-hinz.de\/","name":"Klafka &amp; Hinz Energie-Informations-Systeme GmbH","description":"","publisher":{"@id":"https:\/\/www.klafka-hinz.de\/#organization"},"potentialAction":[{"@type":"SearchAction","target":{"@type":"EntryPoint","urlTemplate":"https:\/\/www.klafka-hinz.de\/?s={search_term_string}"},"query-input":{"@type":"PropertyValueSpecification","valueRequired":true,"valueName":"search_term_string"}}],"inLanguage":"de"},{"@type":"Organization","@id":"https:\/\/www.klafka-hinz.de\/#organization","name":"Klafka &amp; Hinz Energie-Informations-Systeme GmbH","url":"https:\/\/www.klafka-hinz.de\/","logo":{"@type":"ImageObject","inLanguage":"de","@id":"https:\/\/www.klafka-hinz.de\/#\/schema\/logo\/image\/","url":"https:\/\/www.klafka-hinz.de\/wp-content\/uploads\/cropped-Logo.png","contentUrl":"https:\/\/www.klafka-hinz.de\/wp-content\/uploads\/cropped-Logo.png","width":263,"height":56,"caption":"Klafka &amp; Hinz Energie-Informations-Systeme GmbH"},"image":{"@id":"https:\/\/www.klafka-hinz.de\/#\/schema\/logo\/image\/"}}]}},"coauthors":[],"author_meta":{"author_link":"https:\/\/www.klafka-hinz.de\/?author=2","display_name":"Bastian Goffart"},"relative_dates":{"created":"Posted 8\u00a0Jahren ago","modified":"Updated 2\u00a0Jahren ago"},"absolute_dates":{"created":"Posted on 13. August 2018","modified":"Updated on 21. August 2024"},"absolute_dates_time":{"created":"Posted on 13. August 2018 14:21","modified":"Updated on 21. August 2024 11:57"},"featured_img_caption":"","featured_img":false,"series_order":"","_links":{"self":[{"href":"https:\/\/www.klafka-hinz.de\/index.php?rest_route=\/wp\/v2\/pages\/1525","targetHints":{"allow":["GET"]}}],"collection":[{"href":"https:\/\/www.klafka-hinz.de\/index.php?rest_route=\/wp\/v2\/pages"}],"about":[{"href":"https:\/\/www.klafka-hinz.de\/index.php?rest_route=\/wp\/v2\/types\/page"}],"author":[{"embeddable":true,"href":"https:\/\/www.klafka-hinz.de\/index.php?rest_route=\/wp\/v2\/users\/2"}],"replies":[{"embeddable":true,"href":"https:\/\/www.klafka-hinz.de\/index.php?rest_route=%2Fwp%2Fv2%2Fcomments&post=1525"}],"version-history":[{"count":6,"href":"https:\/\/www.klafka-hinz.de\/index.php?rest_route=\/wp\/v2\/pages\/1525\/revisions"}],"predecessor-version":[{"id":4471,"href":"https:\/\/www.klafka-hinz.de\/index.php?rest_route=\/wp\/v2\/pages\/1525\/revisions\/4471"}],"wp:attachment":[{"href":"https:\/\/www.klafka-hinz.de\/index.php?rest_route=%2Fwp%2Fv2%2Fmedia&parent=1525"}],"curies":[{"name":"wp","href":"https:\/\/api.w.org\/{rel}","templated":true}]}}