{"id":1311,"date":"2018-06-28T13:48:37","date_gmt":"2018-06-28T13:48:37","guid":{"rendered":"https:\/\/homepage-intern.klafka-hinz.eu\/?page_id=1311"},"modified":"2020-12-17T09:10:17","modified_gmt":"2020-12-17T08:10:17","slug":"bilanzkreis-und-lieferantenkontrollrechnung","status":"publish","type":"page","link":"https:\/\/www.klafka-hinz.de\/?page_id=1311","title":{"rendered":"Bilanzkreis- und Lieferantenkontrollrechnung"},"content":{"rendered":"\n<h2 class=\"has-text-align-center wp-block-heading\">EDM<\/h2>\n\n\n\n<h1 class=\"has-text-align-center wp-block-heading\">Bilanzkreis- und Lieferantenkontrollrechnung<\/h1>\n\n\n\n<p>Behalten Sie als Lieferant und Bilanzkreisverantwortlicher den \u00dcberblick bei der Rechnungskontrolle \u00fcber die von Ihnen belieferten Bilanzierungsgebiete und Bilanzkreise.<\/p>\n\n\n\n<h3 class=\"wp-block-heading\">Gesch\u00e4ftsprozess<\/h3>\n\n\n\n<p>Durch die komfortable Gesch\u00e4ftsprozess\u00fcbersicht erhalten Sie dabei auch bei gro\u00dfen Mengenger\u00fcsten die notwendige Unterst\u00fctzung, um Ihre Kontrollrechnungen und die Marktdatenkommunikation performant und effizient gem\u00e4\u00df der Vorgaben nach MaBiS und KOV durchzuf\u00fchren.<\/p>\n\n\n\n<p>FirstX unterst\u00fctzt Sie bei der Aktivierung und Deaktivierung der Lastprofilaufnahme und dem Prozess der Datenanforderung.<\/p>\n\n\n\n<h3 class=\"wp-block-heading\">MaBiS Lieferant<\/h3>\n\n\n\n<p>F\u00fcr die Rolle \u201eMaBiS Lieferant\u201c stehen Center f\u00fcr die limitbasierte Pr\u00fcfung von Lieferantensummenzeitreihen, die Aufnahme und den Versand von Zeitreihenstatusmeldungen, die Pr\u00fcfung von Lieferantenclearinglisten, das Erstellen und Versenden von Kontrollclearinglisten sowie das Weiterleiten der Summenzeitreihen an einen externen Bilanzkreisverantwortlichen zur Verf\u00fcgung.<\/p>\n\n\n\n<h3 class=\"wp-block-heading\">MaBiS Bilanzkreisverantwortlicher<\/h3>\n\n\n\n<p>Die Rolle \u201eMaBiS Bilanzkreisverantwortlicher\u201c wird mit Centern f\u00fcr die Pr\u00fcfung von Bilanzkreiszuordnungslisten, die limitbasierte Pr\u00fcfung versionierter Bilanzkreissummenzeitreihen, die Aufnahme und den Versand von Zeitreihenstatus- und Pr\u00fcfmitteilungen, die Aufnahme von Preiszeitreihen und mit Funktionen zur Nachberechnung Ihres Bilanzkreissaldos unterst\u00fctzt.<\/p>\n\n\n\n<h3 class=\"wp-block-heading\">MaBiS Bilanzkreisverantwortlicher Gas<\/h3>\n\n\n\n<p>F\u00fcr die Rolle \u201eBilanzkreisverantwortlicher Gas\u201c bietet FirstX entsprechende Prozesscenter f\u00fcr das Deklarationsclearing, die Entgegennahme und Verarbeitung von Allokationsmeldungen, den Clearingprozess f\u00fcr RLM-Summen und den Kontrollrechnungsprozess f\u00fcr SLP-Summen.<\/p>\n\n\n\n<div class=\"wp-block-columns coblocks-author-columns has-background is-layout-flex wp-container-core-columns-is-layout-61ecc280 wp-block-columns-is-layout-flex\" style=\"background-color:#8C8C971A;padding-top:2.5rem;padding-right:2.5rem;padding-bottom:2.5rem;padding-left:2.5rem\">\n<div class=\"wp-block-column is-layout-flow wp-block-column-is-layout-flow\" style=\"flex-basis:25%\">\n<figure class=\"wp-block-image is-style-rounded\"><img loading=\"lazy\" decoding=\"async\" width=\"150\" height=\"150\" src=\"https:\/\/www.klafka-hinz.de\/wp-content\/uploads\/Johannes-150x150.png\" alt=\"\" class=\"wp-image-2422\" srcset=\"https:\/\/www.klafka-hinz.de\/wp-content\/uploads\/Johannes-150x150.png 150w, https:\/\/www.klafka-hinz.de\/wp-content\/uploads\/Johannes.png 200w\" sizes=\"auto, (max-width: 150px) 100vw, 150px\" \/><\/figure>\n<\/div>\n\n\n\n<div class=\"wp-block-column is-layout-flow wp-block-column-is-layout-flow\" style=\"flex-basis:75%\">\n<p><strong><strong>Dr. Johannes Plettner-Marliani<\/strong><\/strong><\/p>\n\n\n\n<p>Telefon: +49 241 605 201 35<br>E-Mail: Johannes.Plettner@Klafka-Hinz.de<\/p>\n\n\n\n<div class=\"wp-block-buttons is-layout-flex wp-block-buttons-is-layout-flex\">\n<div class=\"wp-block-button\"><a class=\"wp-block-button__link has-background wp-element-button\" href=\"mailto:Johannes.Plettner@Klafka-Hinz.de?subject=Kontaktaufnahme%20FirstSale\" style=\"background-color:#0094d6\" rel=\"mailto:Johannes.Plettner@Klafka-Hinz.de?subject=Kontaktaufnahme%20FirstSale\">Kontakt<\/a><\/div>\n<\/div>\n<\/div>\n<\/div>\n","protected":false},"excerpt":{"rendered":"<p>Bilanzkreis- und Lieferantenkontrollrechnung Behalten Sie als Lieferant und Bilanzkreisverantwortlicher den \u00dcberblick bei der Rechnungskontrolle \u00fcber die von Ihnen belieferten Bilanzierungsgebiete und Bilanzkreise. Durch die komfortable Gesch\u00e4ftsprozess\u00fcbersicht erhalten Sie dabei auch&#8230;<\/p>\n<div class=\"read-more-button-wrap\"><a class=\"moretag\" href=\"https:\/\/www.klafka-hinz.de\/?page_id=1311\"> weiterlesen<\/a><\/div>\n","protected":false},"author":2,"featured_media":0,"parent":1255,"menu_order":0,"comment_status":"closed","ping_status":"closed","template":"","meta":{"_coblocks_attr":"","_coblocks_dimensions":"","_coblocks_responsive_height":"","_coblocks_accordion_ie_support":"","advgb_blocks_editor_width":"","advgb_blocks_columns_visual_guide":"","footnotes":""},"class_list":["post-1311","page","type-page","status-publish","hentry"],"yoast_head":"<!-- This site is optimized with the Yoast SEO plugin v27.3 - https:\/\/yoast.com\/product\/yoast-seo-wordpress\/ -->\n<title>Bilanzkreis- und Lieferantenkontrollrechnung - Klafka &amp; Hinz Energie-Informations-Systeme GmbH<\/title>\n<meta name=\"robots\" content=\"index, follow, max-snippet:-1, max-image-preview:large, max-video-preview:-1\" \/>\n<link rel=\"canonical\" href=\"https:\/\/www.klafka-hinz.de\/?page_id=1311\" \/>\n<meta property=\"og:locale\" content=\"de_DE\" \/>\n<meta property=\"og:type\" content=\"article\" \/>\n<meta property=\"og:title\" content=\"Bilanzkreis- und Lieferantenkontrollrechnung - Klafka &amp; Hinz Energie-Informations-Systeme GmbH\" \/>\n<meta property=\"og:description\" content=\"Bilanzkreis- und Lieferantenkontrollrechnung Behalten Sie als Lieferant und Bilanzkreisverantwortlicher den \u00dcberblick bei der Rechnungskontrolle \u00fcber die von Ihnen belieferten Bilanzierungsgebiete und Bilanzkreise. Durch die komfortable Gesch\u00e4ftsprozess\u00fcbersicht erhalten Sie dabei auch... weiterlesen\" \/>\n<meta property=\"og:url\" content=\"https:\/\/www.klafka-hinz.de\/?page_id=1311\" \/>\n<meta property=\"og:site_name\" content=\"Klafka &amp; Hinz Energie-Informations-Systeme GmbH\" \/>\n<meta property=\"article:modified_time\" content=\"2020-12-17T08:10:17+00:00\" \/>\n<meta name=\"twitter:card\" content=\"summary_large_image\" \/>\n<meta name=\"twitter:label1\" content=\"Gesch\u00e4tzte Lesezeit\" \/>\n\t<meta name=\"twitter:data1\" content=\"1\u00a0Minute\" \/>\n<script type=\"application\/ld+json\" class=\"yoast-schema-graph\">{\"@context\":\"https:\\\/\\\/schema.org\",\"@graph\":[{\"@type\":\"WebPage\",\"@id\":\"https:\\\/\\\/www.klafka-hinz.de\\\/?page_id=1311\",\"url\":\"https:\\\/\\\/www.klafka-hinz.de\\\/?page_id=1311\",\"name\":\"Bilanzkreis- und Lieferantenkontrollrechnung - Klafka &amp; Hinz Energie-Informations-Systeme GmbH\",\"isPartOf\":{\"@id\":\"https:\\\/\\\/www.klafka-hinz.de\\\/#website\"},\"datePublished\":\"2018-06-28T13:48:37+00:00\",\"dateModified\":\"2020-12-17T08:10:17+00:00\",\"breadcrumb\":{\"@id\":\"https:\\\/\\\/www.klafka-hinz.de\\\/?page_id=1311#breadcrumb\"},\"inLanguage\":\"de\",\"potentialAction\":[{\"@type\":\"ReadAction\",\"target\":[\"https:\\\/\\\/www.klafka-hinz.de\\\/?page_id=1311\"]}]},{\"@type\":\"BreadcrumbList\",\"@id\":\"https:\\\/\\\/www.klafka-hinz.de\\\/?page_id=1311#breadcrumb\",\"itemListElement\":[{\"@type\":\"ListItem\",\"position\":1,\"name\":\"Startseite\",\"item\":\"https:\\\/\\\/www.klafka-hinz.de\\\/\"},{\"@type\":\"ListItem\",\"position\":2,\"name\":\"L\u00f6sungen\",\"item\":\"https:\\\/\\\/www.klafka-hinz.de\\\/?page_id=1255\"},{\"@type\":\"ListItem\",\"position\":3,\"name\":\"Bilanzkreis- und Lieferantenkontrollrechnung\"}]},{\"@type\":\"WebSite\",\"@id\":\"https:\\\/\\\/www.klafka-hinz.de\\\/#website\",\"url\":\"https:\\\/\\\/www.klafka-hinz.de\\\/\",\"name\":\"Klafka &amp; Hinz Energie-Informations-Systeme GmbH\",\"description\":\"\",\"publisher\":{\"@id\":\"https:\\\/\\\/www.klafka-hinz.de\\\/#organization\"},\"potentialAction\":[{\"@type\":\"SearchAction\",\"target\":{\"@type\":\"EntryPoint\",\"urlTemplate\":\"https:\\\/\\\/www.klafka-hinz.de\\\/?s={search_term_string}\"},\"query-input\":{\"@type\":\"PropertyValueSpecification\",\"valueRequired\":true,\"valueName\":\"search_term_string\"}}],\"inLanguage\":\"de\"},{\"@type\":\"Organization\",\"@id\":\"https:\\\/\\\/www.klafka-hinz.de\\\/#organization\",\"name\":\"Klafka &amp; Hinz Energie-Informations-Systeme GmbH\",\"url\":\"https:\\\/\\\/www.klafka-hinz.de\\\/\",\"logo\":{\"@type\":\"ImageObject\",\"inLanguage\":\"de\",\"@id\":\"https:\\\/\\\/www.klafka-hinz.de\\\/#\\\/schema\\\/logo\\\/image\\\/\",\"url\":\"https:\\\/\\\/www.klafka-hinz.de\\\/wp-content\\\/uploads\\\/cropped-Logo.png\",\"contentUrl\":\"https:\\\/\\\/www.klafka-hinz.de\\\/wp-content\\\/uploads\\\/cropped-Logo.png\",\"width\":263,\"height\":56,\"caption\":\"Klafka &amp; Hinz Energie-Informations-Systeme GmbH\"},\"image\":{\"@id\":\"https:\\\/\\\/www.klafka-hinz.de\\\/#\\\/schema\\\/logo\\\/image\\\/\"}}]}<\/script>\n<!-- \/ Yoast SEO plugin. -->","yoast_head_json":{"title":"Bilanzkreis- und Lieferantenkontrollrechnung - Klafka &amp; Hinz Energie-Informations-Systeme GmbH","robots":{"index":"index","follow":"follow","max-snippet":"max-snippet:-1","max-image-preview":"max-image-preview:large","max-video-preview":"max-video-preview:-1"},"canonical":"https:\/\/www.klafka-hinz.de\/?page_id=1311","og_locale":"de_DE","og_type":"article","og_title":"Bilanzkreis- und Lieferantenkontrollrechnung - Klafka &amp; Hinz Energie-Informations-Systeme GmbH","og_description":"Bilanzkreis- und Lieferantenkontrollrechnung Behalten Sie als Lieferant und Bilanzkreisverantwortlicher den \u00dcberblick bei der Rechnungskontrolle \u00fcber die von Ihnen belieferten Bilanzierungsgebiete und Bilanzkreise. Durch die komfortable Gesch\u00e4ftsprozess\u00fcbersicht erhalten Sie dabei auch... weiterlesen","og_url":"https:\/\/www.klafka-hinz.de\/?page_id=1311","og_site_name":"Klafka &amp; Hinz Energie-Informations-Systeme GmbH","article_modified_time":"2020-12-17T08:10:17+00:00","twitter_card":"summary_large_image","twitter_misc":{"Gesch\u00e4tzte Lesezeit":"1\u00a0Minute"},"schema":{"@context":"https:\/\/schema.org","@graph":[{"@type":"WebPage","@id":"https:\/\/www.klafka-hinz.de\/?page_id=1311","url":"https:\/\/www.klafka-hinz.de\/?page_id=1311","name":"Bilanzkreis- und Lieferantenkontrollrechnung - Klafka &amp; Hinz Energie-Informations-Systeme GmbH","isPartOf":{"@id":"https:\/\/www.klafka-hinz.de\/#website"},"datePublished":"2018-06-28T13:48:37+00:00","dateModified":"2020-12-17T08:10:17+00:00","breadcrumb":{"@id":"https:\/\/www.klafka-hinz.de\/?page_id=1311#breadcrumb"},"inLanguage":"de","potentialAction":[{"@type":"ReadAction","target":["https:\/\/www.klafka-hinz.de\/?page_id=1311"]}]},{"@type":"BreadcrumbList","@id":"https:\/\/www.klafka-hinz.de\/?page_id=1311#breadcrumb","itemListElement":[{"@type":"ListItem","position":1,"name":"Startseite","item":"https:\/\/www.klafka-hinz.de\/"},{"@type":"ListItem","position":2,"name":"L\u00f6sungen","item":"https:\/\/www.klafka-hinz.de\/?page_id=1255"},{"@type":"ListItem","position":3,"name":"Bilanzkreis- und Lieferantenkontrollrechnung"}]},{"@type":"WebSite","@id":"https:\/\/www.klafka-hinz.de\/#website","url":"https:\/\/www.klafka-hinz.de\/","name":"Klafka &amp; Hinz Energie-Informations-Systeme GmbH","description":"","publisher":{"@id":"https:\/\/www.klafka-hinz.de\/#organization"},"potentialAction":[{"@type":"SearchAction","target":{"@type":"EntryPoint","urlTemplate":"https:\/\/www.klafka-hinz.de\/?s={search_term_string}"},"query-input":{"@type":"PropertyValueSpecification","valueRequired":true,"valueName":"search_term_string"}}],"inLanguage":"de"},{"@type":"Organization","@id":"https:\/\/www.klafka-hinz.de\/#organization","name":"Klafka &amp; Hinz Energie-Informations-Systeme GmbH","url":"https:\/\/www.klafka-hinz.de\/","logo":{"@type":"ImageObject","inLanguage":"de","@id":"https:\/\/www.klafka-hinz.de\/#\/schema\/logo\/image\/","url":"https:\/\/www.klafka-hinz.de\/wp-content\/uploads\/cropped-Logo.png","contentUrl":"https:\/\/www.klafka-hinz.de\/wp-content\/uploads\/cropped-Logo.png","width":263,"height":56,"caption":"Klafka &amp; Hinz Energie-Informations-Systeme GmbH"},"image":{"@id":"https:\/\/www.klafka-hinz.de\/#\/schema\/logo\/image\/"}}]}},"coauthors":[],"author_meta":{"author_link":"https:\/\/www.klafka-hinz.de\/?author=2","display_name":"Bastian Goffart"},"relative_dates":{"created":"Posted 8\u00a0Jahren ago","modified":"Updated 5\u00a0Jahren ago"},"absolute_dates":{"created":"Posted on 28. Juni 2018","modified":"Updated on 17. Dezember 2020"},"absolute_dates_time":{"created":"Posted on 28. Juni 2018 13:48","modified":"Updated on 17. Dezember 2020 9:10"},"featured_img_caption":"","featured_img":false,"series_order":"","_links":{"self":[{"href":"https:\/\/www.klafka-hinz.de\/index.php?rest_route=\/wp\/v2\/pages\/1311","targetHints":{"allow":["GET"]}}],"collection":[{"href":"https:\/\/www.klafka-hinz.de\/index.php?rest_route=\/wp\/v2\/pages"}],"about":[{"href":"https:\/\/www.klafka-hinz.de\/index.php?rest_route=\/wp\/v2\/types\/page"}],"author":[{"embeddable":true,"href":"https:\/\/www.klafka-hinz.de\/index.php?rest_route=\/wp\/v2\/users\/2"}],"replies":[{"embeddable":true,"href":"https:\/\/www.klafka-hinz.de\/index.php?rest_route=%2Fwp%2Fv2%2Fcomments&post=1311"}],"version-history":[{"count":2,"href":"https:\/\/www.klafka-hinz.de\/index.php?rest_route=\/wp\/v2\/pages\/1311\/revisions"}],"predecessor-version":[{"id":2571,"href":"https:\/\/www.klafka-hinz.de\/index.php?rest_route=\/wp\/v2\/pages\/1311\/revisions\/2571"}],"up":[{"embeddable":true,"href":"https:\/\/www.klafka-hinz.de\/index.php?rest_route=\/wp\/v2\/pages\/1255"}],"wp:attachment":[{"href":"https:\/\/www.klafka-hinz.de\/index.php?rest_route=%2Fwp%2Fv2%2Fmedia&parent=1311"}],"curies":[{"name":"wp","href":"https:\/\/api.w.org\/{rel}","templated":true}]}}