{"id":1309,"date":"2018-06-28T13:48:22","date_gmt":"2018-06-28T13:48:22","guid":{"rendered":"https:\/\/homepage-intern.klafka-hinz.eu\/?page_id=1309"},"modified":"2021-05-19T11:29:30","modified_gmt":"2021-05-19T09:29:30","slug":"bilanzkreis-und-fahrplanmanagement","status":"publish","type":"page","link":"https:\/\/www.klafka-hinz.de\/?page_id=1309","title":{"rendered":"Bilanzkreis- und Fahrplanmanagement"},"content":{"rendered":"\n<h2 class=\"has-text-align-center wp-block-heading\">EDM<\/h2>\n\n\n\n<h1 class=\"has-text-align-center wp-block-heading\">Bilanzkreis- und Fahrplanmanagement<\/h1>\n\n\n\n<p>Das Modul unterst\u00fctzt Sie sowohl bei der F\u00fchrung der eigenen Bilanzkreise als auch beim Fahrplanmanagement. Es werden die Sparten Strom und Gas unterst\u00fctzt. Dazu stehen umfangreiche Berechnungsfunktionen zur Ermittlung der Bilanzkreispositionen zur Verf\u00fcgung. Auswertungen erfolgen auf Basis der Positionen Absatz, Handel und Erzeugung, sowie zur Berechnung von Austauschgesch\u00e4ften je Bilanzkreis.<\/p>\n\n\n\n<h3 class=\"wp-block-heading\">Bilanzkreisbewertung<\/h3>\n\n\n\n<p>Die Bewertung der Bilanzkreispositionen mit Spot- oder Regelenergiepreisen unterst\u00fctzt Sie in der Bewirtschaftung und Kontrolle Ihrer Bilanzkreise.<\/p>\n\n\n\n<h3 class=\"wp-block-heading\">Verwaltung<\/h3>\n\n\n\n<p>Anzahl und Art der zu bewirtschaftenden Bilanzkreise und zu beliefernden Bilanzierungsgebiete sind nicht begrenzt. Die Berechnungsmethoden sind sowohl f\u00fcr Hauptbilanzkreise als auch f\u00fcr Subbilanzkreiskaskaden anwendbar.<\/p>\n\n\n\n<h3 class=\"wp-block-heading\">Schnittstellen<\/h3>\n\n\n\n<p>Die im Bilanzkreismanagement ermittelten Austauschfahrpl\u00e4ne und die offenen Positionen k\u00f6nnen in allen relevanten Formaten exportiert und an Marktpartner \u00fcbermittelt werden. Im Fahrplanmanagement wird die Marktkommunikation \u00fcber ENTSO-E (ESS) und NOMINT\/NOMRES unterst\u00fctzt.<\/p>\n\n\n\n<div class=\"wp-block-columns coblocks-author-columns has-background is-layout-flex wp-container-core-columns-is-layout-61ecc280 wp-block-columns-is-layout-flex\" style=\"background-color:#8C8C971A;padding-top:2.5rem;padding-right:2.5rem;padding-bottom:2.5rem;padding-left:2.5rem\">\n<div class=\"wp-block-column is-layout-flow wp-block-column-is-layout-flow\" style=\"flex-basis:25%\">\n<figure class=\"wp-block-image is-style-rounded\"><img loading=\"lazy\" decoding=\"async\" width=\"150\" height=\"150\" src=\"https:\/\/www.klafka-hinz.de\/wp-content\/uploads\/Johannes-150x150.png\" alt=\"\" class=\"wp-image-2422\" srcset=\"https:\/\/www.klafka-hinz.de\/wp-content\/uploads\/Johannes-150x150.png 150w, https:\/\/www.klafka-hinz.de\/wp-content\/uploads\/Johannes.png 200w\" sizes=\"auto, (max-width: 150px) 100vw, 150px\" \/><\/figure>\n<\/div>\n\n\n\n<div class=\"wp-block-column is-layout-flow wp-block-column-is-layout-flow\" style=\"flex-basis:75%\">\n<p><strong><strong>Dr. Johannes Plettner-Marliani<\/strong><\/strong><\/p>\n\n\n\n<p>Telefon: +49 241 605 201 35<br>E-Mail: Johannes.Plettner@Klafka-Hinz.de<\/p>\n\n\n\n<div class=\"wp-block-buttons is-layout-flex wp-block-buttons-is-layout-flex\">\n<div class=\"wp-block-button\"><a class=\"wp-block-button__link has-background wp-element-button\" href=\"mailto:Johannes.Plettner@Klafka-Hinz.de?subject=Kontaktaufnahme%20FirstSale\" style=\"background-color:#0094d6\" rel=\"mailto:Johannes.Plettner@Klafka-Hinz.de?subject=Kontaktaufnahme%20FirstSale\">Kontakt<\/a><\/div>\n<\/div>\n<\/div>\n<\/div>\n","protected":false},"excerpt":{"rendered":"<p>Bilanzkreis- und Fahrplanmanagement Das Modul unterst\u00fctzt Sie sowohl bei der F\u00fchrung der eigenen Bilanzkreise als auch beim Fahrplanmanagement. Es werden die Sparten Strom und Gas unterst\u00fctzt. Dazu stehen umfangreiche Berechnungsfunktionen&#8230;<\/p>\n<div class=\"read-more-button-wrap\"><a class=\"moretag\" href=\"https:\/\/www.klafka-hinz.de\/?page_id=1309\"> weiterlesen<\/a><\/div>\n","protected":false},"author":2,"featured_media":0,"parent":1255,"menu_order":0,"comment_status":"closed","ping_status":"closed","template":"","meta":{"_coblocks_attr":"","_coblocks_dimensions":"","_coblocks_responsive_height":"","_coblocks_accordion_ie_support":"","advgb_blocks_editor_width":"","advgb_blocks_columns_visual_guide":"","footnotes":""},"class_list":["post-1309","page","type-page","status-publish","hentry"],"yoast_head":"<!-- This site is optimized with the Yoast SEO plugin v27.3 - https:\/\/yoast.com\/product\/yoast-seo-wordpress\/ -->\n<title>Bilanzkreis- und Fahrplanmanagement - Klafka &amp; Hinz Energie-Informations-Systeme GmbH<\/title>\n<meta name=\"robots\" content=\"index, follow, max-snippet:-1, max-image-preview:large, max-video-preview:-1\" \/>\n<link rel=\"canonical\" href=\"https:\/\/www.klafka-hinz.de\/?page_id=1309\" \/>\n<meta property=\"og:locale\" content=\"de_DE\" \/>\n<meta property=\"og:type\" content=\"article\" \/>\n<meta property=\"og:title\" content=\"Bilanzkreis- und Fahrplanmanagement - Klafka &amp; Hinz Energie-Informations-Systeme GmbH\" \/>\n<meta property=\"og:description\" content=\"Bilanzkreis- und Fahrplanmanagement Das Modul unterst\u00fctzt Sie sowohl bei der F\u00fchrung der eigenen Bilanzkreise als auch beim Fahrplanmanagement. Es werden die Sparten Strom und Gas unterst\u00fctzt. Dazu stehen umfangreiche Berechnungsfunktionen... weiterlesen\" \/>\n<meta property=\"og:url\" content=\"https:\/\/www.klafka-hinz.de\/?page_id=1309\" \/>\n<meta property=\"og:site_name\" content=\"Klafka &amp; Hinz Energie-Informations-Systeme GmbH\" \/>\n<meta property=\"article:modified_time\" content=\"2021-05-19T09:29:30+00:00\" \/>\n<meta name=\"twitter:card\" content=\"summary_large_image\" \/>\n<meta name=\"twitter:label1\" content=\"Gesch\u00e4tzte Lesezeit\" \/>\n\t<meta name=\"twitter:data1\" content=\"1\u00a0Minute\" \/>\n<script type=\"application\/ld+json\" class=\"yoast-schema-graph\">{\"@context\":\"https:\\\/\\\/schema.org\",\"@graph\":[{\"@type\":\"WebPage\",\"@id\":\"https:\\\/\\\/www.klafka-hinz.de\\\/?page_id=1309\",\"url\":\"https:\\\/\\\/www.klafka-hinz.de\\\/?page_id=1309\",\"name\":\"Bilanzkreis- und Fahrplanmanagement - Klafka &amp; Hinz Energie-Informations-Systeme GmbH\",\"isPartOf\":{\"@id\":\"https:\\\/\\\/www.klafka-hinz.de\\\/#website\"},\"datePublished\":\"2018-06-28T13:48:22+00:00\",\"dateModified\":\"2021-05-19T09:29:30+00:00\",\"breadcrumb\":{\"@id\":\"https:\\\/\\\/www.klafka-hinz.de\\\/?page_id=1309#breadcrumb\"},\"inLanguage\":\"de\",\"potentialAction\":[{\"@type\":\"ReadAction\",\"target\":[\"https:\\\/\\\/www.klafka-hinz.de\\\/?page_id=1309\"]}]},{\"@type\":\"BreadcrumbList\",\"@id\":\"https:\\\/\\\/www.klafka-hinz.de\\\/?page_id=1309#breadcrumb\",\"itemListElement\":[{\"@type\":\"ListItem\",\"position\":1,\"name\":\"Startseite\",\"item\":\"https:\\\/\\\/www.klafka-hinz.de\\\/\"},{\"@type\":\"ListItem\",\"position\":2,\"name\":\"L\u00f6sungen\",\"item\":\"https:\\\/\\\/www.klafka-hinz.de\\\/?page_id=1255\"},{\"@type\":\"ListItem\",\"position\":3,\"name\":\"Bilanzkreis- und Fahrplanmanagement\"}]},{\"@type\":\"WebSite\",\"@id\":\"https:\\\/\\\/www.klafka-hinz.de\\\/#website\",\"url\":\"https:\\\/\\\/www.klafka-hinz.de\\\/\",\"name\":\"Klafka &amp; Hinz Energie-Informations-Systeme GmbH\",\"description\":\"\",\"publisher\":{\"@id\":\"https:\\\/\\\/www.klafka-hinz.de\\\/#organization\"},\"potentialAction\":[{\"@type\":\"SearchAction\",\"target\":{\"@type\":\"EntryPoint\",\"urlTemplate\":\"https:\\\/\\\/www.klafka-hinz.de\\\/?s={search_term_string}\"},\"query-input\":{\"@type\":\"PropertyValueSpecification\",\"valueRequired\":true,\"valueName\":\"search_term_string\"}}],\"inLanguage\":\"de\"},{\"@type\":\"Organization\",\"@id\":\"https:\\\/\\\/www.klafka-hinz.de\\\/#organization\",\"name\":\"Klafka &amp; Hinz Energie-Informations-Systeme GmbH\",\"url\":\"https:\\\/\\\/www.klafka-hinz.de\\\/\",\"logo\":{\"@type\":\"ImageObject\",\"inLanguage\":\"de\",\"@id\":\"https:\\\/\\\/www.klafka-hinz.de\\\/#\\\/schema\\\/logo\\\/image\\\/\",\"url\":\"https:\\\/\\\/www.klafka-hinz.de\\\/wp-content\\\/uploads\\\/cropped-Logo.png\",\"contentUrl\":\"https:\\\/\\\/www.klafka-hinz.de\\\/wp-content\\\/uploads\\\/cropped-Logo.png\",\"width\":263,\"height\":56,\"caption\":\"Klafka &amp; Hinz Energie-Informations-Systeme GmbH\"},\"image\":{\"@id\":\"https:\\\/\\\/www.klafka-hinz.de\\\/#\\\/schema\\\/logo\\\/image\\\/\"}}]}<\/script>\n<!-- \/ Yoast SEO plugin. -->","yoast_head_json":{"title":"Bilanzkreis- und Fahrplanmanagement - Klafka &amp; Hinz Energie-Informations-Systeme GmbH","robots":{"index":"index","follow":"follow","max-snippet":"max-snippet:-1","max-image-preview":"max-image-preview:large","max-video-preview":"max-video-preview:-1"},"canonical":"https:\/\/www.klafka-hinz.de\/?page_id=1309","og_locale":"de_DE","og_type":"article","og_title":"Bilanzkreis- und Fahrplanmanagement - Klafka &amp; Hinz Energie-Informations-Systeme GmbH","og_description":"Bilanzkreis- und Fahrplanmanagement Das Modul unterst\u00fctzt Sie sowohl bei der F\u00fchrung der eigenen Bilanzkreise als auch beim Fahrplanmanagement. Es werden die Sparten Strom und Gas unterst\u00fctzt. Dazu stehen umfangreiche Berechnungsfunktionen... weiterlesen","og_url":"https:\/\/www.klafka-hinz.de\/?page_id=1309","og_site_name":"Klafka &amp; Hinz Energie-Informations-Systeme GmbH","article_modified_time":"2021-05-19T09:29:30+00:00","twitter_card":"summary_large_image","twitter_misc":{"Gesch\u00e4tzte Lesezeit":"1\u00a0Minute"},"schema":{"@context":"https:\/\/schema.org","@graph":[{"@type":"WebPage","@id":"https:\/\/www.klafka-hinz.de\/?page_id=1309","url":"https:\/\/www.klafka-hinz.de\/?page_id=1309","name":"Bilanzkreis- und Fahrplanmanagement - Klafka &amp; Hinz Energie-Informations-Systeme GmbH","isPartOf":{"@id":"https:\/\/www.klafka-hinz.de\/#website"},"datePublished":"2018-06-28T13:48:22+00:00","dateModified":"2021-05-19T09:29:30+00:00","breadcrumb":{"@id":"https:\/\/www.klafka-hinz.de\/?page_id=1309#breadcrumb"},"inLanguage":"de","potentialAction":[{"@type":"ReadAction","target":["https:\/\/www.klafka-hinz.de\/?page_id=1309"]}]},{"@type":"BreadcrumbList","@id":"https:\/\/www.klafka-hinz.de\/?page_id=1309#breadcrumb","itemListElement":[{"@type":"ListItem","position":1,"name":"Startseite","item":"https:\/\/www.klafka-hinz.de\/"},{"@type":"ListItem","position":2,"name":"L\u00f6sungen","item":"https:\/\/www.klafka-hinz.de\/?page_id=1255"},{"@type":"ListItem","position":3,"name":"Bilanzkreis- und Fahrplanmanagement"}]},{"@type":"WebSite","@id":"https:\/\/www.klafka-hinz.de\/#website","url":"https:\/\/www.klafka-hinz.de\/","name":"Klafka &amp; Hinz Energie-Informations-Systeme GmbH","description":"","publisher":{"@id":"https:\/\/www.klafka-hinz.de\/#organization"},"potentialAction":[{"@type":"SearchAction","target":{"@type":"EntryPoint","urlTemplate":"https:\/\/www.klafka-hinz.de\/?s={search_term_string}"},"query-input":{"@type":"PropertyValueSpecification","valueRequired":true,"valueName":"search_term_string"}}],"inLanguage":"de"},{"@type":"Organization","@id":"https:\/\/www.klafka-hinz.de\/#organization","name":"Klafka &amp; Hinz Energie-Informations-Systeme GmbH","url":"https:\/\/www.klafka-hinz.de\/","logo":{"@type":"ImageObject","inLanguage":"de","@id":"https:\/\/www.klafka-hinz.de\/#\/schema\/logo\/image\/","url":"https:\/\/www.klafka-hinz.de\/wp-content\/uploads\/cropped-Logo.png","contentUrl":"https:\/\/www.klafka-hinz.de\/wp-content\/uploads\/cropped-Logo.png","width":263,"height":56,"caption":"Klafka &amp; Hinz Energie-Informations-Systeme GmbH"},"image":{"@id":"https:\/\/www.klafka-hinz.de\/#\/schema\/logo\/image\/"}}]}},"coauthors":[],"author_meta":{"author_link":"https:\/\/www.klafka-hinz.de\/?author=2","display_name":"Bastian Goffart"},"relative_dates":{"created":"Posted 8\u00a0Jahren ago","modified":"Updated 5\u00a0Jahren ago"},"absolute_dates":{"created":"Posted on 28. Juni 2018","modified":"Updated on 19. Mai 2021"},"absolute_dates_time":{"created":"Posted on 28. Juni 2018 13:48","modified":"Updated on 19. Mai 2021 11:29"},"featured_img_caption":"","featured_img":false,"series_order":"","_links":{"self":[{"href":"https:\/\/www.klafka-hinz.de\/index.php?rest_route=\/wp\/v2\/pages\/1309","targetHints":{"allow":["GET"]}}],"collection":[{"href":"https:\/\/www.klafka-hinz.de\/index.php?rest_route=\/wp\/v2\/pages"}],"about":[{"href":"https:\/\/www.klafka-hinz.de\/index.php?rest_route=\/wp\/v2\/types\/page"}],"author":[{"embeddable":true,"href":"https:\/\/www.klafka-hinz.de\/index.php?rest_route=\/wp\/v2\/users\/2"}],"replies":[{"embeddable":true,"href":"https:\/\/www.klafka-hinz.de\/index.php?rest_route=%2Fwp%2Fv2%2Fcomments&post=1309"}],"version-history":[{"count":6,"href":"https:\/\/www.klafka-hinz.de\/index.php?rest_route=\/wp\/v2\/pages\/1309\/revisions"}],"predecessor-version":[{"id":3017,"href":"https:\/\/www.klafka-hinz.de\/index.php?rest_route=\/wp\/v2\/pages\/1309\/revisions\/3017"}],"up":[{"embeddable":true,"href":"https:\/\/www.klafka-hinz.de\/index.php?rest_route=\/wp\/v2\/pages\/1255"}],"wp:attachment":[{"href":"https:\/\/www.klafka-hinz.de\/index.php?rest_route=%2Fwp%2Fv2%2Fmedia&parent=1309"}],"curies":[{"name":"wp","href":"https:\/\/api.w.org\/{rel}","templated":true}]}}