{"id":1305,"date":"2018-06-28T13:47:49","date_gmt":"2018-06-28T13:47:49","guid":{"rendered":"https:\/\/homepage-intern.klafka-hinz.eu\/?page_id=1305"},"modified":"2020-12-17T09:17:06","modified_gmt":"2020-12-17T08:17:06","slug":"portfolio-und-risikomanagement","status":"publish","type":"page","link":"https:\/\/www.klafka-hinz.de\/?page_id=1305","title":{"rendered":"Portfolio- und Risikomanagement"},"content":{"rendered":"\n<h2 class=\"has-text-align-center wp-block-heading\">Beschaffung<\/h2>\n\n\n\n<h1 class=\"has-text-align-center wp-block-heading\">Portfolio- und Risikomanagement<\/h1>\n\n\n\n<p>Im Mittelpunkt des Portfoliomanagements steht das Gleichgewicht zwischen Beschaffung und Lieferung. FirstX bietet alle Funktionen zur \u00dcberwachung, Analyse, Bewertung und Ver\u00e4nderung Ihrer Positionen. Sie k\u00f6nnen zur Abbildung Ihrer Beschaffungs-, Erzeugungs- und Vertriebsstrategien beliebige Portfoliostrukturen hinterlegen. Die Portfolios k\u00f6nnen unterschiedlichen Commodities\/Sparten, z.B. Strom, Gas, Kohle, CO2 usw., zugeordnet sein.<\/p>\n\n\n\n<h3 class=\"wp-block-heading\">Portfolioverwaltung<\/h3>\n\n\n\n<p>Jedem Vertrag im Portfolio kann unabh\u00e4ngig von seiner Art (Handel, Einspeisung, Belieferung) eine Preisstellung zugeordnet werden. Somit ist die Ermittlung von physischen und finanziellen Portfoliopositionen m\u00f6glich.<\/p>\n\n\n\n<h3 class=\"wp-block-heading\">Bewertung<\/h3>\n\n\n\n<p>Durch die regelm\u00e4\u00dfige Bewertung von Portfoliopositionen lassen sich wichtige Entscheidungsgrundlagen f\u00fcr die Verfolgung der Unternehmensstrategie ermitteln. Die Bewertungen k\u00f6nnen auf der Grundlage von Marktpreisen durchgef\u00fchrt werden. Alternativ besteht die M\u00f6glichkeit, die durchschnittlichen Energiepreise zu verwenden, die sich aus den eigenen Beschaffungs- und Vertriebst\u00e4tigkeiten ergeben.<\/p>\n\n\n\n<h3 class=\"wp-block-heading\">Funktionen f\u00fcr die Bewirtschaftung und den Handel<\/h3>\n\n\n\n<p>Zu den unterst\u00fctzenden Funktionen geh\u00f6rt die wert- oder mengenneutrale Zerlegung von Positionen in Standardprodukte der jeweiligen Commodity und die Vorbereitung entsprechender Handelsgesch\u00e4fte, die der Anwender entweder best\u00e4tigen oder verwerfen kann (\u201eEinkaufsliste\u201c).<\/p>\n\n\n\n<p>F\u00fcr jedes Portfoliobuch k\u00f6nnen vordefinierte und frei konfigurierbare Auswertungen und Reports erstellt werden, so dass offene und geschlossene Positionen und deren Marktwert (M2M) dargestellt werden k\u00f6nnen.<\/p>\n\n\n\n<h3 class=\"wp-block-heading\">Reporting<\/h3>\n\n\n\n<p>F\u00fcr jedes Portfoliobuch k\u00f6nnen vordefinierte und frei konfigurierbare Auswertungen und Reports erstellt werden, so dass offene und geschlossene Positionen und deren Marktwert (M2M), sowie viele weitere Kennzahlen dargestellt werden k\u00f6nnen. Eine Analyse der Detailinformationen bis hin zum einzelnen Handelsgesch\u00e4ft und Vertrag ist \u00fcber ein &#8222;Drill-Down&#8220; einfach m\u00f6glich.<\/p>\n\n\n\n<h3 class=\"wp-block-heading\">Risikobewertung<\/h3>\n\n\n\n<p>Aufbauend auf den Funktionen des Portfoliomanagements k\u00f6nnen Handelsrisiken auf Portfolioebene identifiziert und quantifiziert werden. Durch die Aggregation von Handelsgesch\u00e4ften auf Gesch\u00e4ftspartnerebene lassen sich dar\u00fcber hinaus auch Liquidit\u00e4ts- und Kontrahentenausfallrisiken auf Gesch\u00e4ftspartnerebene ermitteln.<\/p>\n\n\n\n<h3 class=\"wp-block-heading\">Strategie<\/h3>\n\n\n\n<p>Wichtige Instrumente bei der Verfolgung der Portfoliostrategie unter risikominimalen Aspekten stellen die Festlegung von Limits und Handelspl\u00e4nen sowie deren \u00dcberwachung dar.<\/p>\n\n\n\n<h3 class=\"wp-block-heading\">Limits<\/h3>\n\n\n\n<p>Die Limitsysteme k\u00f6nnen auf Portfolio-, Gesch\u00e4ftspartner- oder Vertragsebene definiert werden und mehrstufig aufgebaut sein. Limits k\u00f6nnen sowohl f\u00fcr absolute Werte als auch f\u00fcr berechnete Kennzahlen wie z.B. den Value at Risk (VaR) gesetzt werden.<\/p>\n\n\n\n<h3 class=\"wp-block-heading\">Planung<\/h3>\n\n\n\n<p>Handelspl\u00e4ne werden erstellt, um die Beschaffungs- oder Vertriebsaktivit\u00e4ten des Unternehmens f\u00fcr einzelne Zeitr\u00e4ume in der Zukunft zu planen und mit den tats\u00e4chlich abgeschlossenen Gesch\u00e4ften vergleichen zu k\u00f6nnen.<\/p>\n\n\n\n<div class=\"wp-block-columns coblocks-author-columns has-background is-layout-flex wp-container-core-columns-is-layout-61ecc280 wp-block-columns-is-layout-flex\" style=\"background-color:#8C8C971A;padding-top:2.5rem;padding-right:2.5rem;padding-bottom:2.5rem;padding-left:2.5rem\">\n<div class=\"wp-block-column is-layout-flow wp-block-column-is-layout-flow\" style=\"flex-basis:25%\">\n<figure class=\"wp-block-image is-style-rounded\"><img loading=\"lazy\" decoding=\"async\" width=\"150\" height=\"150\" src=\"https:\/\/www.klafka-hinz.de\/wp-content\/uploads\/Johannes-150x150.png\" alt=\"\" class=\"wp-image-2422\" srcset=\"https:\/\/www.klafka-hinz.de\/wp-content\/uploads\/Johannes-150x150.png 150w, https:\/\/www.klafka-hinz.de\/wp-content\/uploads\/Johannes.png 200w\" sizes=\"auto, (max-width: 150px) 100vw, 150px\" \/><\/figure>\n<\/div>\n\n\n\n<div class=\"wp-block-column is-layout-flow wp-block-column-is-layout-flow\" style=\"flex-basis:75%\">\n<p><strong><strong>Dr. Johannes Plettner-Marliani<\/strong><\/strong><\/p>\n\n\n\n<p>Telefon: +49 241 605 201 35<br>E-Mail: Johannes.Plettner@Klafka-Hinz.de<\/p>\n\n\n\n<div class=\"wp-block-buttons is-layout-flex wp-block-buttons-is-layout-flex\">\n<div class=\"wp-block-button\"><a class=\"wp-block-button__link has-background wp-element-button\" href=\"mailto:Johannes.Plettner@Klafka-Hinz.de?subject=Kontaktaufnahme%20FirstSale\" style=\"background-color:#0094d6\" rel=\"mailto:Johannes.Plettner@Klafka-Hinz.de?subject=Kontaktaufnahme%20FirstSale\">Kontakt<\/a><\/div>\n<\/div>\n<\/div>\n<\/div>\n","protected":false},"excerpt":{"rendered":"<p>Portfolio- und Risikomanagement Im Mittelpunkt des Portfoliomanagements steht das Gleichgewicht zwischen Beschaffung und Lieferung. FirstX bietet alle Funktionen zur \u00dcberwachung, Analyse, Bewertung und Ver\u00e4nderung Ihrer Positionen. Sie k\u00f6nnen zur Abbildung&#8230;<\/p>\n<div class=\"read-more-button-wrap\"><a class=\"moretag\" href=\"https:\/\/www.klafka-hinz.de\/?page_id=1305\"> weiterlesen<\/a><\/div>\n","protected":false},"author":2,"featured_media":0,"parent":1255,"menu_order":0,"comment_status":"closed","ping_status":"closed","template":"","meta":{"_coblocks_attr":"","_coblocks_dimensions":"","_coblocks_responsive_height":"","_coblocks_accordion_ie_support":"","advgb_blocks_editor_width":"","advgb_blocks_columns_visual_guide":"","footnotes":""},"class_list":["post-1305","page","type-page","status-publish","hentry"],"yoast_head":"<!-- This site is optimized with the Yoast SEO plugin v27.3 - https:\/\/yoast.com\/product\/yoast-seo-wordpress\/ -->\n<title>Portfolio- und Risikomanagement - Klafka &amp; Hinz Energie-Informations-Systeme GmbH<\/title>\n<meta name=\"robots\" content=\"index, follow, max-snippet:-1, max-image-preview:large, max-video-preview:-1\" \/>\n<link rel=\"canonical\" href=\"https:\/\/www.klafka-hinz.de\/?page_id=1305\" \/>\n<meta property=\"og:locale\" content=\"de_DE\" \/>\n<meta property=\"og:type\" content=\"article\" \/>\n<meta property=\"og:title\" content=\"Portfolio- und Risikomanagement - Klafka &amp; Hinz Energie-Informations-Systeme GmbH\" \/>\n<meta property=\"og:description\" content=\"Portfolio- und Risikomanagement Im Mittelpunkt des Portfoliomanagements steht das Gleichgewicht zwischen Beschaffung und Lieferung. FirstX bietet alle Funktionen zur \u00dcberwachung, Analyse, Bewertung und Ver\u00e4nderung Ihrer Positionen. Sie k\u00f6nnen zur Abbildung... weiterlesen\" \/>\n<meta property=\"og:url\" content=\"https:\/\/www.klafka-hinz.de\/?page_id=1305\" \/>\n<meta property=\"og:site_name\" content=\"Klafka &amp; Hinz Energie-Informations-Systeme GmbH\" \/>\n<meta property=\"article:modified_time\" content=\"2020-12-17T08:17:06+00:00\" \/>\n<meta name=\"twitter:card\" content=\"summary_large_image\" \/>\n<meta name=\"twitter:label1\" content=\"Gesch\u00e4tzte Lesezeit\" \/>\n\t<meta name=\"twitter:data1\" content=\"2\u00a0Minuten\" \/>\n<script type=\"application\/ld+json\" class=\"yoast-schema-graph\">{\"@context\":\"https:\\\/\\\/schema.org\",\"@graph\":[{\"@type\":\"WebPage\",\"@id\":\"https:\\\/\\\/www.klafka-hinz.de\\\/?page_id=1305\",\"url\":\"https:\\\/\\\/www.klafka-hinz.de\\\/?page_id=1305\",\"name\":\"Portfolio- und Risikomanagement - Klafka &amp; Hinz Energie-Informations-Systeme GmbH\",\"isPartOf\":{\"@id\":\"https:\\\/\\\/www.klafka-hinz.de\\\/#website\"},\"datePublished\":\"2018-06-28T13:47:49+00:00\",\"dateModified\":\"2020-12-17T08:17:06+00:00\",\"breadcrumb\":{\"@id\":\"https:\\\/\\\/www.klafka-hinz.de\\\/?page_id=1305#breadcrumb\"},\"inLanguage\":\"de\",\"potentialAction\":[{\"@type\":\"ReadAction\",\"target\":[\"https:\\\/\\\/www.klafka-hinz.de\\\/?page_id=1305\"]}]},{\"@type\":\"BreadcrumbList\",\"@id\":\"https:\\\/\\\/www.klafka-hinz.de\\\/?page_id=1305#breadcrumb\",\"itemListElement\":[{\"@type\":\"ListItem\",\"position\":1,\"name\":\"Startseite\",\"item\":\"https:\\\/\\\/www.klafka-hinz.de\\\/\"},{\"@type\":\"ListItem\",\"position\":2,\"name\":\"L\u00f6sungen\",\"item\":\"https:\\\/\\\/www.klafka-hinz.de\\\/?page_id=1255\"},{\"@type\":\"ListItem\",\"position\":3,\"name\":\"Portfolio- und Risikomanagement\"}]},{\"@type\":\"WebSite\",\"@id\":\"https:\\\/\\\/www.klafka-hinz.de\\\/#website\",\"url\":\"https:\\\/\\\/www.klafka-hinz.de\\\/\",\"name\":\"Klafka &amp; Hinz Energie-Informations-Systeme GmbH\",\"description\":\"\",\"publisher\":{\"@id\":\"https:\\\/\\\/www.klafka-hinz.de\\\/#organization\"},\"potentialAction\":[{\"@type\":\"SearchAction\",\"target\":{\"@type\":\"EntryPoint\",\"urlTemplate\":\"https:\\\/\\\/www.klafka-hinz.de\\\/?s={search_term_string}\"},\"query-input\":{\"@type\":\"PropertyValueSpecification\",\"valueRequired\":true,\"valueName\":\"search_term_string\"}}],\"inLanguage\":\"de\"},{\"@type\":\"Organization\",\"@id\":\"https:\\\/\\\/www.klafka-hinz.de\\\/#organization\",\"name\":\"Klafka &amp; Hinz Energie-Informations-Systeme GmbH\",\"url\":\"https:\\\/\\\/www.klafka-hinz.de\\\/\",\"logo\":{\"@type\":\"ImageObject\",\"inLanguage\":\"de\",\"@id\":\"https:\\\/\\\/www.klafka-hinz.de\\\/#\\\/schema\\\/logo\\\/image\\\/\",\"url\":\"https:\\\/\\\/www.klafka-hinz.de\\\/wp-content\\\/uploads\\\/cropped-Logo.png\",\"contentUrl\":\"https:\\\/\\\/www.klafka-hinz.de\\\/wp-content\\\/uploads\\\/cropped-Logo.png\",\"width\":263,\"height\":56,\"caption\":\"Klafka &amp; Hinz Energie-Informations-Systeme GmbH\"},\"image\":{\"@id\":\"https:\\\/\\\/www.klafka-hinz.de\\\/#\\\/schema\\\/logo\\\/image\\\/\"}}]}<\/script>\n<!-- \/ Yoast SEO plugin. -->","yoast_head_json":{"title":"Portfolio- und Risikomanagement - Klafka &amp; Hinz Energie-Informations-Systeme GmbH","robots":{"index":"index","follow":"follow","max-snippet":"max-snippet:-1","max-image-preview":"max-image-preview:large","max-video-preview":"max-video-preview:-1"},"canonical":"https:\/\/www.klafka-hinz.de\/?page_id=1305","og_locale":"de_DE","og_type":"article","og_title":"Portfolio- und Risikomanagement - Klafka &amp; Hinz Energie-Informations-Systeme GmbH","og_description":"Portfolio- und Risikomanagement Im Mittelpunkt des Portfoliomanagements steht das Gleichgewicht zwischen Beschaffung und Lieferung. FirstX bietet alle Funktionen zur \u00dcberwachung, Analyse, Bewertung und Ver\u00e4nderung Ihrer Positionen. Sie k\u00f6nnen zur Abbildung... weiterlesen","og_url":"https:\/\/www.klafka-hinz.de\/?page_id=1305","og_site_name":"Klafka &amp; Hinz Energie-Informations-Systeme GmbH","article_modified_time":"2020-12-17T08:17:06+00:00","twitter_card":"summary_large_image","twitter_misc":{"Gesch\u00e4tzte Lesezeit":"2\u00a0Minuten"},"schema":{"@context":"https:\/\/schema.org","@graph":[{"@type":"WebPage","@id":"https:\/\/www.klafka-hinz.de\/?page_id=1305","url":"https:\/\/www.klafka-hinz.de\/?page_id=1305","name":"Portfolio- und Risikomanagement - Klafka &amp; Hinz Energie-Informations-Systeme GmbH","isPartOf":{"@id":"https:\/\/www.klafka-hinz.de\/#website"},"datePublished":"2018-06-28T13:47:49+00:00","dateModified":"2020-12-17T08:17:06+00:00","breadcrumb":{"@id":"https:\/\/www.klafka-hinz.de\/?page_id=1305#breadcrumb"},"inLanguage":"de","potentialAction":[{"@type":"ReadAction","target":["https:\/\/www.klafka-hinz.de\/?page_id=1305"]}]},{"@type":"BreadcrumbList","@id":"https:\/\/www.klafka-hinz.de\/?page_id=1305#breadcrumb","itemListElement":[{"@type":"ListItem","position":1,"name":"Startseite","item":"https:\/\/www.klafka-hinz.de\/"},{"@type":"ListItem","position":2,"name":"L\u00f6sungen","item":"https:\/\/www.klafka-hinz.de\/?page_id=1255"},{"@type":"ListItem","position":3,"name":"Portfolio- und Risikomanagement"}]},{"@type":"WebSite","@id":"https:\/\/www.klafka-hinz.de\/#website","url":"https:\/\/www.klafka-hinz.de\/","name":"Klafka &amp; Hinz Energie-Informations-Systeme GmbH","description":"","publisher":{"@id":"https:\/\/www.klafka-hinz.de\/#organization"},"potentialAction":[{"@type":"SearchAction","target":{"@type":"EntryPoint","urlTemplate":"https:\/\/www.klafka-hinz.de\/?s={search_term_string}"},"query-input":{"@type":"PropertyValueSpecification","valueRequired":true,"valueName":"search_term_string"}}],"inLanguage":"de"},{"@type":"Organization","@id":"https:\/\/www.klafka-hinz.de\/#organization","name":"Klafka &amp; Hinz Energie-Informations-Systeme GmbH","url":"https:\/\/www.klafka-hinz.de\/","logo":{"@type":"ImageObject","inLanguage":"de","@id":"https:\/\/www.klafka-hinz.de\/#\/schema\/logo\/image\/","url":"https:\/\/www.klafka-hinz.de\/wp-content\/uploads\/cropped-Logo.png","contentUrl":"https:\/\/www.klafka-hinz.de\/wp-content\/uploads\/cropped-Logo.png","width":263,"height":56,"caption":"Klafka &amp; Hinz Energie-Informations-Systeme GmbH"},"image":{"@id":"https:\/\/www.klafka-hinz.de\/#\/schema\/logo\/image\/"}}]}},"coauthors":[],"author_meta":{"author_link":"https:\/\/www.klafka-hinz.de\/?author=2","display_name":"Bastian Goffart"},"relative_dates":{"created":"Posted 8\u00a0Jahren ago","modified":"Updated 5\u00a0Jahren ago"},"absolute_dates":{"created":"Posted on 28. Juni 2018","modified":"Updated on 17. Dezember 2020"},"absolute_dates_time":{"created":"Posted on 28. Juni 2018 13:47","modified":"Updated on 17. Dezember 2020 9:17"},"featured_img_caption":"","featured_img":false,"series_order":"","_links":{"self":[{"href":"https:\/\/www.klafka-hinz.de\/index.php?rest_route=\/wp\/v2\/pages\/1305","targetHints":{"allow":["GET"]}}],"collection":[{"href":"https:\/\/www.klafka-hinz.de\/index.php?rest_route=\/wp\/v2\/pages"}],"about":[{"href":"https:\/\/www.klafka-hinz.de\/index.php?rest_route=\/wp\/v2\/types\/page"}],"author":[{"embeddable":true,"href":"https:\/\/www.klafka-hinz.de\/index.php?rest_route=\/wp\/v2\/users\/2"}],"replies":[{"embeddable":true,"href":"https:\/\/www.klafka-hinz.de\/index.php?rest_route=%2Fwp%2Fv2%2Fcomments&post=1305"}],"version-history":[{"count":3,"href":"https:\/\/www.klafka-hinz.de\/index.php?rest_route=\/wp\/v2\/pages\/1305\/revisions"}],"predecessor-version":[{"id":2578,"href":"https:\/\/www.klafka-hinz.de\/index.php?rest_route=\/wp\/v2\/pages\/1305\/revisions\/2578"}],"up":[{"embeddable":true,"href":"https:\/\/www.klafka-hinz.de\/index.php?rest_route=\/wp\/v2\/pages\/1255"}],"wp:attachment":[{"href":"https:\/\/www.klafka-hinz.de\/index.php?rest_route=%2Fwp%2Fv2%2Fmedia&parent=1305"}],"curies":[{"name":"wp","href":"https:\/\/api.w.org\/{rel}","templated":true}]}}