{"id":1301,"date":"2018-06-28T13:47:15","date_gmt":"2018-06-28T13:47:15","guid":{"rendered":"https:\/\/homepage-intern.klafka-hinz.eu\/?page_id=1301"},"modified":"2020-12-17T09:14:33","modified_gmt":"2020-12-17T08:14:33","slug":"kunden-und-vertragsmanagement","status":"publish","type":"page","link":"https:\/\/www.klafka-hinz.de\/?page_id=1301","title":{"rendered":"Kunden- und Vertragsmanagement"},"content":{"rendered":"\n<h2 class=\"has-text-align-center wp-block-heading\">CRM<\/h2>\n\n\n\n<h1 class=\"has-text-align-center wp-block-heading\">Kunden- und Vertragsmanagement<\/h1>\n\n\n\n<p>FirstX unterst\u00fctzt Sie bei der Kontaktverwaltung, dem Kampagnenmanagement und der Durchf\u00fchrung individueller Unternehmensprozesse.<\/p>\n\n\n\n<h3 class=\"wp-block-heading\">Gesch\u00e4ftspartnerverwaltung<\/h3>\n\n\n\n<p>Verwalten Sie Gesch\u00e4ftspartner als Unternehmen, Mitarbeiter und Einzelpersonen. \u00dcber das Kundencenter erhalten Sie komfortabel Auskunft \u00fcber alle Kundeninformationen, wie Kontakte, Vertr\u00e4ge, Z\u00e4hlpunkte, Z\u00e4hler, Rechnungen und Kontokorrentkonten. F\u00fcr lastganggemessene Kunden l\u00e4sst sich die Kundenganglinie direkt im Kundencenter anschaulich darstellen.<\/p>\n\n\n\n<h3 class=\"wp-block-heading\">Kontaktverwaltung<\/h3>\n\n\n\n<p>Sie k\u00f6nnen Gesch\u00e4ftspartnerkontakte mit Uhrzeit, Bearbeiter, getroffenen Absprachen sowie Referenz auf weitere im System hinterlegte Daten erfassen und verwalten. Zusatzdokumente und Notizen k\u00f6nnen per drag and drop dem Kontakt hinzugef\u00fcgt werden. Die Einrichtung von Workflows f\u00fcr die automatisierte Durchf\u00fchrung Ihrer Unternehmensprozesse steigert Ihre Effizienz.<\/p>\n\n\n\n<h3 class=\"wp-block-heading\">Schnittstellen und Kampagnen<\/h3>\n\n\n\n<p>\u00dcber die Anbindung an die Telefonanlage ist eine direkte Anwahl der Gesch\u00e4ftspartner aus FirstX heraus m\u00f6glich.<\/p>\n\n\n\n<p>Mit dem Kampagnenmanagement, der Aufgabenverwaltung und den umfangreichen Analyse- und Auswertungsfunktionen werden die Funktionalit\u00e4ten der Kunden- und Vertragsverwaltung optimal vervollst\u00e4ndigt.<\/p>\n\n\n\n<div class=\"wp-block-columns coblocks-author-columns has-background is-layout-flex wp-container-core-columns-is-layout-61ecc280 wp-block-columns-is-layout-flex\" style=\"background-color:#8C8C971A;padding-top:2.5rem;padding-right:2.5rem;padding-bottom:2.5rem;padding-left:2.5rem\">\n<div class=\"wp-block-column is-layout-flow wp-block-column-is-layout-flow\" style=\"flex-basis:25%\">\n<figure class=\"wp-block-image is-style-rounded\"><img loading=\"lazy\" decoding=\"async\" width=\"150\" height=\"150\" src=\"https:\/\/www.klafka-hinz.de\/wp-content\/uploads\/Jan-150x150.png\" alt=\"\" class=\"wp-image-2421\" srcset=\"https:\/\/www.klafka-hinz.de\/wp-content\/uploads\/Jan-150x150.png 150w, https:\/\/www.klafka-hinz.de\/wp-content\/uploads\/Jan.png 200w\" sizes=\"auto, (max-width: 150px) 100vw, 150px\" \/><\/figure>\n<\/div>\n\n\n\n<div class=\"wp-block-column is-layout-flow wp-block-column-is-layout-flow\" style=\"flex-basis:75%\">\n<p><strong><strong>Jan Spengler<\/strong><\/strong><\/p>\n\n\n\n<p>Telefon: +49 241 605 201 30<br>E-Mail: Jan.Spengler@Klafka-Hinz.de<\/p>\n\n\n\n<div class=\"wp-block-buttons is-layout-flex wp-block-buttons-is-layout-flex\">\n<div class=\"wp-block-button\"><a class=\"wp-block-button__link has-white-color has-text-color has-background wp-element-button\" href=\"mailto:Jan.Spengler@Klafka-Hinz.de?subject=Kontaktaufnahme%20FirstX\" style=\"background-color:#0094d6\" rel=\"mailto:Jan.Spengler@Klafka-Hinz.de?subject=Kontaktaufnahme%20FirstX\">Kontakt<\/a><\/div>\n<\/div>\n<\/div>\n<\/div>\n\n\n\n<p><\/p>\n","protected":false},"excerpt":{"rendered":"<p>Kunden- und Vertragsmanagement FirstX unterst\u00fctzt Sie bei der Kontaktverwaltung, dem Kampagnenmanagement und der Durchf\u00fchrung individueller Unternehmensprozesse. Verwalten Sie Gesch\u00e4ftspartner als Unternehmen, Mitarbeiter und Einzelpersonen. \u00dcber das Kundencenter erhalten Sie komfortabel&#8230;<\/p>\n<div class=\"read-more-button-wrap\"><a class=\"moretag\" href=\"https:\/\/www.klafka-hinz.de\/?page_id=1301\"> weiterlesen<\/a><\/div>\n","protected":false},"author":2,"featured_media":0,"parent":1255,"menu_order":0,"comment_status":"closed","ping_status":"closed","template":"","meta":{"_coblocks_attr":"","_coblocks_dimensions":"","_coblocks_responsive_height":"","_coblocks_accordion_ie_support":"","advgb_blocks_editor_width":"","advgb_blocks_columns_visual_guide":"","footnotes":""},"class_list":["post-1301","page","type-page","status-publish","hentry"],"yoast_head":"<!-- This site is optimized with the Yoast SEO plugin v27.3 - https:\/\/yoast.com\/product\/yoast-seo-wordpress\/ -->\n<title>Kunden- und Vertragsmanagement - Klafka &amp; Hinz Energie-Informations-Systeme GmbH<\/title>\n<meta name=\"robots\" content=\"index, follow, max-snippet:-1, max-image-preview:large, max-video-preview:-1\" \/>\n<link rel=\"canonical\" href=\"https:\/\/www.klafka-hinz.de\/?page_id=1301\" \/>\n<meta property=\"og:locale\" content=\"de_DE\" \/>\n<meta property=\"og:type\" content=\"article\" \/>\n<meta property=\"og:title\" content=\"Kunden- und Vertragsmanagement - Klafka &amp; Hinz Energie-Informations-Systeme GmbH\" \/>\n<meta property=\"og:description\" content=\"Kunden- und Vertragsmanagement FirstX unterst\u00fctzt Sie bei der Kontaktverwaltung, dem Kampagnenmanagement und der Durchf\u00fchrung individueller Unternehmensprozesse. Verwalten Sie Gesch\u00e4ftspartner als Unternehmen, Mitarbeiter und Einzelpersonen. \u00dcber das Kundencenter erhalten Sie komfortabel... weiterlesen\" \/>\n<meta property=\"og:url\" content=\"https:\/\/www.klafka-hinz.de\/?page_id=1301\" \/>\n<meta property=\"og:site_name\" content=\"Klafka &amp; Hinz Energie-Informations-Systeme GmbH\" \/>\n<meta property=\"article:modified_time\" content=\"2020-12-17T08:14:33+00:00\" \/>\n<meta name=\"twitter:card\" content=\"summary_large_image\" \/>\n<meta name=\"twitter:label1\" content=\"Gesch\u00e4tzte Lesezeit\" \/>\n\t<meta name=\"twitter:data1\" content=\"1\u00a0Minute\" \/>\n<script type=\"application\/ld+json\" class=\"yoast-schema-graph\">{\"@context\":\"https:\\\/\\\/schema.org\",\"@graph\":[{\"@type\":\"WebPage\",\"@id\":\"https:\\\/\\\/www.klafka-hinz.de\\\/?page_id=1301\",\"url\":\"https:\\\/\\\/www.klafka-hinz.de\\\/?page_id=1301\",\"name\":\"Kunden- und Vertragsmanagement - Klafka &amp; Hinz Energie-Informations-Systeme GmbH\",\"isPartOf\":{\"@id\":\"https:\\\/\\\/www.klafka-hinz.de\\\/#website\"},\"datePublished\":\"2018-06-28T13:47:15+00:00\",\"dateModified\":\"2020-12-17T08:14:33+00:00\",\"breadcrumb\":{\"@id\":\"https:\\\/\\\/www.klafka-hinz.de\\\/?page_id=1301#breadcrumb\"},\"inLanguage\":\"de\",\"potentialAction\":[{\"@type\":\"ReadAction\",\"target\":[\"https:\\\/\\\/www.klafka-hinz.de\\\/?page_id=1301\"]}]},{\"@type\":\"BreadcrumbList\",\"@id\":\"https:\\\/\\\/www.klafka-hinz.de\\\/?page_id=1301#breadcrumb\",\"itemListElement\":[{\"@type\":\"ListItem\",\"position\":1,\"name\":\"Startseite\",\"item\":\"https:\\\/\\\/www.klafka-hinz.de\\\/\"},{\"@type\":\"ListItem\",\"position\":2,\"name\":\"L\u00f6sungen\",\"item\":\"https:\\\/\\\/www.klafka-hinz.de\\\/?page_id=1255\"},{\"@type\":\"ListItem\",\"position\":3,\"name\":\"Kunden- und Vertragsmanagement\"}]},{\"@type\":\"WebSite\",\"@id\":\"https:\\\/\\\/www.klafka-hinz.de\\\/#website\",\"url\":\"https:\\\/\\\/www.klafka-hinz.de\\\/\",\"name\":\"Klafka &amp; Hinz Energie-Informations-Systeme GmbH\",\"description\":\"\",\"publisher\":{\"@id\":\"https:\\\/\\\/www.klafka-hinz.de\\\/#organization\"},\"potentialAction\":[{\"@type\":\"SearchAction\",\"target\":{\"@type\":\"EntryPoint\",\"urlTemplate\":\"https:\\\/\\\/www.klafka-hinz.de\\\/?s={search_term_string}\"},\"query-input\":{\"@type\":\"PropertyValueSpecification\",\"valueRequired\":true,\"valueName\":\"search_term_string\"}}],\"inLanguage\":\"de\"},{\"@type\":\"Organization\",\"@id\":\"https:\\\/\\\/www.klafka-hinz.de\\\/#organization\",\"name\":\"Klafka &amp; Hinz Energie-Informations-Systeme GmbH\",\"url\":\"https:\\\/\\\/www.klafka-hinz.de\\\/\",\"logo\":{\"@type\":\"ImageObject\",\"inLanguage\":\"de\",\"@id\":\"https:\\\/\\\/www.klafka-hinz.de\\\/#\\\/schema\\\/logo\\\/image\\\/\",\"url\":\"https:\\\/\\\/www.klafka-hinz.de\\\/wp-content\\\/uploads\\\/cropped-Logo.png\",\"contentUrl\":\"https:\\\/\\\/www.klafka-hinz.de\\\/wp-content\\\/uploads\\\/cropped-Logo.png\",\"width\":263,\"height\":56,\"caption\":\"Klafka &amp; Hinz Energie-Informations-Systeme GmbH\"},\"image\":{\"@id\":\"https:\\\/\\\/www.klafka-hinz.de\\\/#\\\/schema\\\/logo\\\/image\\\/\"}}]}<\/script>\n<!-- \/ Yoast SEO plugin. -->","yoast_head_json":{"title":"Kunden- und Vertragsmanagement - Klafka &amp; Hinz Energie-Informations-Systeme GmbH","robots":{"index":"index","follow":"follow","max-snippet":"max-snippet:-1","max-image-preview":"max-image-preview:large","max-video-preview":"max-video-preview:-1"},"canonical":"https:\/\/www.klafka-hinz.de\/?page_id=1301","og_locale":"de_DE","og_type":"article","og_title":"Kunden- und Vertragsmanagement - Klafka &amp; Hinz Energie-Informations-Systeme GmbH","og_description":"Kunden- und Vertragsmanagement FirstX unterst\u00fctzt Sie bei der Kontaktverwaltung, dem Kampagnenmanagement und der Durchf\u00fchrung individueller Unternehmensprozesse. Verwalten Sie Gesch\u00e4ftspartner als Unternehmen, Mitarbeiter und Einzelpersonen. \u00dcber das Kundencenter erhalten Sie komfortabel... weiterlesen","og_url":"https:\/\/www.klafka-hinz.de\/?page_id=1301","og_site_name":"Klafka &amp; Hinz Energie-Informations-Systeme GmbH","article_modified_time":"2020-12-17T08:14:33+00:00","twitter_card":"summary_large_image","twitter_misc":{"Gesch\u00e4tzte Lesezeit":"1\u00a0Minute"},"schema":{"@context":"https:\/\/schema.org","@graph":[{"@type":"WebPage","@id":"https:\/\/www.klafka-hinz.de\/?page_id=1301","url":"https:\/\/www.klafka-hinz.de\/?page_id=1301","name":"Kunden- und Vertragsmanagement - Klafka &amp; Hinz Energie-Informations-Systeme GmbH","isPartOf":{"@id":"https:\/\/www.klafka-hinz.de\/#website"},"datePublished":"2018-06-28T13:47:15+00:00","dateModified":"2020-12-17T08:14:33+00:00","breadcrumb":{"@id":"https:\/\/www.klafka-hinz.de\/?page_id=1301#breadcrumb"},"inLanguage":"de","potentialAction":[{"@type":"ReadAction","target":["https:\/\/www.klafka-hinz.de\/?page_id=1301"]}]},{"@type":"BreadcrumbList","@id":"https:\/\/www.klafka-hinz.de\/?page_id=1301#breadcrumb","itemListElement":[{"@type":"ListItem","position":1,"name":"Startseite","item":"https:\/\/www.klafka-hinz.de\/"},{"@type":"ListItem","position":2,"name":"L\u00f6sungen","item":"https:\/\/www.klafka-hinz.de\/?page_id=1255"},{"@type":"ListItem","position":3,"name":"Kunden- und Vertragsmanagement"}]},{"@type":"WebSite","@id":"https:\/\/www.klafka-hinz.de\/#website","url":"https:\/\/www.klafka-hinz.de\/","name":"Klafka &amp; Hinz Energie-Informations-Systeme GmbH","description":"","publisher":{"@id":"https:\/\/www.klafka-hinz.de\/#organization"},"potentialAction":[{"@type":"SearchAction","target":{"@type":"EntryPoint","urlTemplate":"https:\/\/www.klafka-hinz.de\/?s={search_term_string}"},"query-input":{"@type":"PropertyValueSpecification","valueRequired":true,"valueName":"search_term_string"}}],"inLanguage":"de"},{"@type":"Organization","@id":"https:\/\/www.klafka-hinz.de\/#organization","name":"Klafka &amp; Hinz Energie-Informations-Systeme GmbH","url":"https:\/\/www.klafka-hinz.de\/","logo":{"@type":"ImageObject","inLanguage":"de","@id":"https:\/\/www.klafka-hinz.de\/#\/schema\/logo\/image\/","url":"https:\/\/www.klafka-hinz.de\/wp-content\/uploads\/cropped-Logo.png","contentUrl":"https:\/\/www.klafka-hinz.de\/wp-content\/uploads\/cropped-Logo.png","width":263,"height":56,"caption":"Klafka &amp; Hinz Energie-Informations-Systeme GmbH"},"image":{"@id":"https:\/\/www.klafka-hinz.de\/#\/schema\/logo\/image\/"}}]}},"coauthors":[],"author_meta":{"author_link":"https:\/\/www.klafka-hinz.de\/?author=2","display_name":"Bastian Goffart"},"relative_dates":{"created":"Posted 8\u00a0Jahren ago","modified":"Updated 5\u00a0Jahren ago"},"absolute_dates":{"created":"Posted on 28. Juni 2018","modified":"Updated on 17. Dezember 2020"},"absolute_dates_time":{"created":"Posted on 28. Juni 2018 13:47","modified":"Updated on 17. Dezember 2020 9:14"},"featured_img_caption":"","featured_img":false,"series_order":"","_links":{"self":[{"href":"https:\/\/www.klafka-hinz.de\/index.php?rest_route=\/wp\/v2\/pages\/1301","targetHints":{"allow":["GET"]}}],"collection":[{"href":"https:\/\/www.klafka-hinz.de\/index.php?rest_route=\/wp\/v2\/pages"}],"about":[{"href":"https:\/\/www.klafka-hinz.de\/index.php?rest_route=\/wp\/v2\/types\/page"}],"author":[{"embeddable":true,"href":"https:\/\/www.klafka-hinz.de\/index.php?rest_route=\/wp\/v2\/users\/2"}],"replies":[{"embeddable":true,"href":"https:\/\/www.klafka-hinz.de\/index.php?rest_route=%2Fwp%2Fv2%2Fcomments&post=1301"}],"version-history":[{"count":3,"href":"https:\/\/www.klafka-hinz.de\/index.php?rest_route=\/wp\/v2\/pages\/1301\/revisions"}],"predecessor-version":[{"id":2575,"href":"https:\/\/www.klafka-hinz.de\/index.php?rest_route=\/wp\/v2\/pages\/1301\/revisions\/2575"}],"up":[{"embeddable":true,"href":"https:\/\/www.klafka-hinz.de\/index.php?rest_route=\/wp\/v2\/pages\/1255"}],"wp:attachment":[{"href":"https:\/\/www.klafka-hinz.de\/index.php?rest_route=%2Fwp%2Fv2%2Fmedia&parent=1301"}],"curies":[{"name":"wp","href":"https:\/\/api.w.org\/{rel}","templated":true}]}}