{"id":1297,"date":"2018-06-28T13:46:29","date_gmt":"2018-06-28T13:46:29","guid":{"rendered":"https:\/\/homepage-intern.klafka-hinz.eu\/?page_id=1297"},"modified":"2024-01-31T14:24:05","modified_gmt":"2024-01-31T13:24:05","slug":"nebenbuchhaltung-mahnwesen-und-zahlungsverkehr","status":"publish","type":"page","link":"https:\/\/www.klafka-hinz.de\/?page_id=1297","title":{"rendered":"Nebenbuchhaltung, Mahnwesen und Zahlungsverkehr"},"content":{"rendered":"\n<h2 class=\"wp-block-heading has-text-align-center advgb-dyn-64735ffc\">NBH<\/h2>\n\n\n\n<h1 class=\"wp-block-heading has-text-align-center advgb-dyn-fc1d3b16\">Nebenbuchhaltung, Mahnwesen und Zahlungsverkehr<\/h1>\n\n\n\n<p>Alle Vorg\u00e4nge (Rechnungen, Zahlungen etc.) werden in den Debitoren- bzw. Kreditorenkonten der Nebenbuchhaltung gef\u00fchrt. Einen \u00dcberblick \u00fcber alle Buchungsvorg\u00e4nge liefert das Journal. Hier werden die Buchungsvorg\u00e4nge und -posten l\u00fcckenlos und chronologisch gesammelt. Damit stellt das Journal ein wichtiges Instrument f\u00fcr die Nachvollziehbarkeit des Buchungsgeschehens und f\u00fcr Pr\u00fcfungen dar. Die in der Nebenbuchhaltung verbuchten Vorg\u00e4nge werden in aggregierter Form \u00fcber Standardschnittstellen an externe Hauptbuchhaltungssysteme \u00fcbergeben.<\/p>\n\n\n\n<h3 class=\"wp-block-heading advgb-dyn-897061d8\">Forderungsmanagement<\/h3>\n\n\n\n<p>Das Mahnwesen setzt bei den offenen Posten auf und versetzt Sie in die Lage, verschiedene Mahnstrategien auf der Basis frei definierbarer Mahnstufen zu implementieren. Die Funktion wird abgerundet durch einen Satz von Vorlagen f\u00fcr Erinnerungsschreiben und Mahnungsrechnungen.<\/p>\n\n\n\n<h3 class=\"wp-block-heading advgb-dyn-cd5f343d\">Zahlungsverkehr<\/h3>\n\n\n\n<p>Zur Ausf\u00fchrung von Zahlungen k\u00f6nnen Sie die Anweisungen in standardisiertem Format, beispielsweise Sepa-xml, exportieren und von der Bank verarbeiten lassen. Entsprechende Importfunktionen f\u00fcr Kontoausz\u00fcge als Basis f\u00fcr die eingehenden Zahlungen stehen ebenfalls in standardisierten Formaten, beispielsweise MT940 oder camt, zur Verf\u00fcgung.<\/p>\n\n\n\n<h3 class=\"wp-block-heading advgb-dyn-30f95ac8\">Zahlungszuordnung<\/h3>\n\n\n\n<p>Als Werkzeug f\u00fcr die Zahlungszuordnung steht Ihnen unser Zahlungszuordnungsmanager zur Verf\u00fcgung. Dieser untersucht den Verwendungszweck von Bankkontobewegungen und erstellt durch konfigurierbare Suchalgorithmen Vorschl\u00e4ge f\u00fcr die automatische Zahlungszuordnung.<\/p>\n\n\n\n<div class=\"wp-block-columns coblocks-author-columns has-background is-layout-flex wp-container-core-columns-is-layout-61ecc280 wp-block-columns-is-layout-flex\" style=\"background-color:#8C8C971A;padding-top:2.5rem;padding-right:2.5rem;padding-bottom:2.5rem;padding-left:2.5rem\">\n<div class=\"wp-block-column is-layout-flow wp-block-column-is-layout-flow\" style=\"flex-basis:25%\">\n<figure class=\"wp-block-image is-style-rounded\"><img loading=\"lazy\" decoding=\"async\" width=\"150\" height=\"150\" src=\"https:\/\/www.klafka-hinz.de\/wp-content\/uploads\/Jan-150x150.png\" alt=\"\" class=\"wp-image-2421\" srcset=\"https:\/\/www.klafka-hinz.de\/wp-content\/uploads\/Jan-150x150.png 150w, https:\/\/www.klafka-hinz.de\/wp-content\/uploads\/Jan.png 200w\" sizes=\"auto, (max-width: 150px) 100vw, 150px\" \/><\/figure>\n<\/div>\n\n\n\n<div class=\"wp-block-column is-layout-flow wp-block-column-is-layout-flow\" style=\"flex-basis:75%\">\n<p><strong><strong>Jan Spengler<\/strong><\/strong><\/p>\n\n\n\n<p>Telefon: +49 241 605 201 30<br>E-Mail: Jan.Spengler@Klafka-Hinz.de<\/p>\n\n\n\n<div class=\"wp-block-buttons is-layout-flex wp-block-buttons-is-layout-flex\">\n<div class=\"wp-block-button\"><a class=\"wp-block-button__link has-white-color has-text-color has-background wp-element-button\" href=\"mailto:Jan.Spengler@Klafka-Hinz.de?subject=Kontaktaufnahme%20FirstX\" style=\"background-color:#0094d6\" rel=\"mailto:Jan.Spengler@Klafka-Hinz.de?subject=Kontaktaufnahme%20FirstX\">Kontakt<\/a><\/div>\n<\/div>\n<\/div>\n<\/div>\n\n\n\n<p><\/p>\n","protected":false},"excerpt":{"rendered":"<p>Nebenbuchhaltung, Mahnwesen und Zahlungsverkehr Alle Vorg\u00e4nge (Rechnungen, Zahlungen etc.) werden in den Debitoren- bzw. Kreditorenkonten der Nebenbuchhaltung gef\u00fchrt. Einen \u00dcberblick \u00fcber alle Buchungsvorg\u00e4nge liefert das Journal. Hier werden die Buchungsvorg\u00e4nge&#8230;<\/p>\n<div class=\"read-more-button-wrap\"><a class=\"moretag\" href=\"https:\/\/www.klafka-hinz.de\/?page_id=1297\"> weiterlesen<\/a><\/div>\n","protected":false},"author":2,"featured_media":0,"parent":1255,"menu_order":0,"comment_status":"closed","ping_status":"closed","template":"","meta":{"_coblocks_attr":"","_coblocks_dimensions":"","_coblocks_responsive_height":"","_coblocks_accordion_ie_support":"","advgb_blocks_editor_width":"","advgb_blocks_columns_visual_guide":"","footnotes":""},"class_list":["post-1297","page","type-page","status-publish","hentry"],"yoast_head":"<!-- This site is optimized with the Yoast SEO plugin v27.3 - https:\/\/yoast.com\/product\/yoast-seo-wordpress\/ -->\n<title>Nebenbuchhaltung, Mahnwesen und Zahlungsverkehr - Klafka &amp; Hinz Energie-Informations-Systeme GmbH<\/title>\n<meta name=\"robots\" content=\"index, follow, max-snippet:-1, max-image-preview:large, max-video-preview:-1\" \/>\n<link rel=\"canonical\" href=\"https:\/\/www.klafka-hinz.de\/?page_id=1297\" \/>\n<meta property=\"og:locale\" content=\"de_DE\" \/>\n<meta property=\"og:type\" content=\"article\" \/>\n<meta property=\"og:title\" content=\"Nebenbuchhaltung, Mahnwesen und Zahlungsverkehr - Klafka &amp; Hinz Energie-Informations-Systeme GmbH\" \/>\n<meta property=\"og:description\" content=\"Nebenbuchhaltung, Mahnwesen und Zahlungsverkehr Alle Vorg\u00e4nge (Rechnungen, Zahlungen etc.) werden in den Debitoren- bzw. Kreditorenkonten der Nebenbuchhaltung gef\u00fchrt. Einen \u00dcberblick \u00fcber alle Buchungsvorg\u00e4nge liefert das Journal. Hier werden die Buchungsvorg\u00e4nge... weiterlesen\" \/>\n<meta property=\"og:url\" content=\"https:\/\/www.klafka-hinz.de\/?page_id=1297\" \/>\n<meta property=\"og:site_name\" content=\"Klafka &amp; Hinz Energie-Informations-Systeme GmbH\" \/>\n<meta property=\"article:modified_time\" content=\"2024-01-31T13:24:05+00:00\" \/>\n<meta name=\"twitter:card\" content=\"summary_large_image\" \/>\n<meta name=\"twitter:label1\" content=\"Gesch\u00e4tzte Lesezeit\" \/>\n\t<meta name=\"twitter:data1\" content=\"1\u00a0Minute\" \/>\n<script type=\"application\/ld+json\" class=\"yoast-schema-graph\">{\"@context\":\"https:\\\/\\\/schema.org\",\"@graph\":[{\"@type\":\"WebPage\",\"@id\":\"https:\\\/\\\/www.klafka-hinz.de\\\/?page_id=1297\",\"url\":\"https:\\\/\\\/www.klafka-hinz.de\\\/?page_id=1297\",\"name\":\"Nebenbuchhaltung, Mahnwesen und Zahlungsverkehr - Klafka &amp; Hinz Energie-Informations-Systeme GmbH\",\"isPartOf\":{\"@id\":\"https:\\\/\\\/www.klafka-hinz.de\\\/#website\"},\"datePublished\":\"2018-06-28T13:46:29+00:00\",\"dateModified\":\"2024-01-31T13:24:05+00:00\",\"breadcrumb\":{\"@id\":\"https:\\\/\\\/www.klafka-hinz.de\\\/?page_id=1297#breadcrumb\"},\"inLanguage\":\"de\",\"potentialAction\":[{\"@type\":\"ReadAction\",\"target\":[\"https:\\\/\\\/www.klafka-hinz.de\\\/?page_id=1297\"]}]},{\"@type\":\"BreadcrumbList\",\"@id\":\"https:\\\/\\\/www.klafka-hinz.de\\\/?page_id=1297#breadcrumb\",\"itemListElement\":[{\"@type\":\"ListItem\",\"position\":1,\"name\":\"Startseite\",\"item\":\"https:\\\/\\\/www.klafka-hinz.de\\\/\"},{\"@type\":\"ListItem\",\"position\":2,\"name\":\"L\u00f6sungen\",\"item\":\"https:\\\/\\\/www.klafka-hinz.de\\\/?page_id=1255\"},{\"@type\":\"ListItem\",\"position\":3,\"name\":\"Nebenbuchhaltung, Mahnwesen und Zahlungsverkehr\"}]},{\"@type\":\"WebSite\",\"@id\":\"https:\\\/\\\/www.klafka-hinz.de\\\/#website\",\"url\":\"https:\\\/\\\/www.klafka-hinz.de\\\/\",\"name\":\"Klafka &amp; Hinz Energie-Informations-Systeme GmbH\",\"description\":\"\",\"publisher\":{\"@id\":\"https:\\\/\\\/www.klafka-hinz.de\\\/#organization\"},\"potentialAction\":[{\"@type\":\"SearchAction\",\"target\":{\"@type\":\"EntryPoint\",\"urlTemplate\":\"https:\\\/\\\/www.klafka-hinz.de\\\/?s={search_term_string}\"},\"query-input\":{\"@type\":\"PropertyValueSpecification\",\"valueRequired\":true,\"valueName\":\"search_term_string\"}}],\"inLanguage\":\"de\"},{\"@type\":\"Organization\",\"@id\":\"https:\\\/\\\/www.klafka-hinz.de\\\/#organization\",\"name\":\"Klafka &amp; Hinz Energie-Informations-Systeme GmbH\",\"url\":\"https:\\\/\\\/www.klafka-hinz.de\\\/\",\"logo\":{\"@type\":\"ImageObject\",\"inLanguage\":\"de\",\"@id\":\"https:\\\/\\\/www.klafka-hinz.de\\\/#\\\/schema\\\/logo\\\/image\\\/\",\"url\":\"https:\\\/\\\/www.klafka-hinz.de\\\/wp-content\\\/uploads\\\/cropped-Logo.png\",\"contentUrl\":\"https:\\\/\\\/www.klafka-hinz.de\\\/wp-content\\\/uploads\\\/cropped-Logo.png\",\"width\":263,\"height\":56,\"caption\":\"Klafka &amp; Hinz Energie-Informations-Systeme GmbH\"},\"image\":{\"@id\":\"https:\\\/\\\/www.klafka-hinz.de\\\/#\\\/schema\\\/logo\\\/image\\\/\"}}]}<\/script>\n<!-- \/ Yoast SEO plugin. -->","yoast_head_json":{"title":"Nebenbuchhaltung, Mahnwesen und Zahlungsverkehr - Klafka &amp; Hinz Energie-Informations-Systeme GmbH","robots":{"index":"index","follow":"follow","max-snippet":"max-snippet:-1","max-image-preview":"max-image-preview:large","max-video-preview":"max-video-preview:-1"},"canonical":"https:\/\/www.klafka-hinz.de\/?page_id=1297","og_locale":"de_DE","og_type":"article","og_title":"Nebenbuchhaltung, Mahnwesen und Zahlungsverkehr - Klafka &amp; Hinz Energie-Informations-Systeme GmbH","og_description":"Nebenbuchhaltung, Mahnwesen und Zahlungsverkehr Alle Vorg\u00e4nge (Rechnungen, Zahlungen etc.) werden in den Debitoren- bzw. Kreditorenkonten der Nebenbuchhaltung gef\u00fchrt. Einen \u00dcberblick \u00fcber alle Buchungsvorg\u00e4nge liefert das Journal. Hier werden die Buchungsvorg\u00e4nge... weiterlesen","og_url":"https:\/\/www.klafka-hinz.de\/?page_id=1297","og_site_name":"Klafka &amp; Hinz Energie-Informations-Systeme GmbH","article_modified_time":"2024-01-31T13:24:05+00:00","twitter_card":"summary_large_image","twitter_misc":{"Gesch\u00e4tzte Lesezeit":"1\u00a0Minute"},"schema":{"@context":"https:\/\/schema.org","@graph":[{"@type":"WebPage","@id":"https:\/\/www.klafka-hinz.de\/?page_id=1297","url":"https:\/\/www.klafka-hinz.de\/?page_id=1297","name":"Nebenbuchhaltung, Mahnwesen und Zahlungsverkehr - Klafka &amp; Hinz Energie-Informations-Systeme GmbH","isPartOf":{"@id":"https:\/\/www.klafka-hinz.de\/#website"},"datePublished":"2018-06-28T13:46:29+00:00","dateModified":"2024-01-31T13:24:05+00:00","breadcrumb":{"@id":"https:\/\/www.klafka-hinz.de\/?page_id=1297#breadcrumb"},"inLanguage":"de","potentialAction":[{"@type":"ReadAction","target":["https:\/\/www.klafka-hinz.de\/?page_id=1297"]}]},{"@type":"BreadcrumbList","@id":"https:\/\/www.klafka-hinz.de\/?page_id=1297#breadcrumb","itemListElement":[{"@type":"ListItem","position":1,"name":"Startseite","item":"https:\/\/www.klafka-hinz.de\/"},{"@type":"ListItem","position":2,"name":"L\u00f6sungen","item":"https:\/\/www.klafka-hinz.de\/?page_id=1255"},{"@type":"ListItem","position":3,"name":"Nebenbuchhaltung, Mahnwesen und Zahlungsverkehr"}]},{"@type":"WebSite","@id":"https:\/\/www.klafka-hinz.de\/#website","url":"https:\/\/www.klafka-hinz.de\/","name":"Klafka &amp; Hinz Energie-Informations-Systeme GmbH","description":"","publisher":{"@id":"https:\/\/www.klafka-hinz.de\/#organization"},"potentialAction":[{"@type":"SearchAction","target":{"@type":"EntryPoint","urlTemplate":"https:\/\/www.klafka-hinz.de\/?s={search_term_string}"},"query-input":{"@type":"PropertyValueSpecification","valueRequired":true,"valueName":"search_term_string"}}],"inLanguage":"de"},{"@type":"Organization","@id":"https:\/\/www.klafka-hinz.de\/#organization","name":"Klafka &amp; Hinz Energie-Informations-Systeme GmbH","url":"https:\/\/www.klafka-hinz.de\/","logo":{"@type":"ImageObject","inLanguage":"de","@id":"https:\/\/www.klafka-hinz.de\/#\/schema\/logo\/image\/","url":"https:\/\/www.klafka-hinz.de\/wp-content\/uploads\/cropped-Logo.png","contentUrl":"https:\/\/www.klafka-hinz.de\/wp-content\/uploads\/cropped-Logo.png","width":263,"height":56,"caption":"Klafka &amp; Hinz Energie-Informations-Systeme GmbH"},"image":{"@id":"https:\/\/www.klafka-hinz.de\/#\/schema\/logo\/image\/"}}]}},"coauthors":[],"author_meta":{"author_link":"https:\/\/www.klafka-hinz.de\/?author=2","display_name":"Bastian Goffart"},"relative_dates":{"created":"Posted 8\u00a0Jahren ago","modified":"Updated 2\u00a0Jahren ago"},"absolute_dates":{"created":"Posted on 28. Juni 2018","modified":"Updated on 31. Januar 2024"},"absolute_dates_time":{"created":"Posted on 28. Juni 2018 13:46","modified":"Updated on 31. Januar 2024 14:24"},"featured_img_caption":"","featured_img":false,"series_order":"","_links":{"self":[{"href":"https:\/\/www.klafka-hinz.de\/index.php?rest_route=\/wp\/v2\/pages\/1297","targetHints":{"allow":["GET"]}}],"collection":[{"href":"https:\/\/www.klafka-hinz.de\/index.php?rest_route=\/wp\/v2\/pages"}],"about":[{"href":"https:\/\/www.klafka-hinz.de\/index.php?rest_route=\/wp\/v2\/types\/page"}],"author":[{"embeddable":true,"href":"https:\/\/www.klafka-hinz.de\/index.php?rest_route=\/wp\/v2\/users\/2"}],"replies":[{"embeddable":true,"href":"https:\/\/www.klafka-hinz.de\/index.php?rest_route=%2Fwp%2Fv2%2Fcomments&post=1297"}],"version-history":[{"count":3,"href":"https:\/\/www.klafka-hinz.de\/index.php?rest_route=\/wp\/v2\/pages\/1297\/revisions"}],"predecessor-version":[{"id":4072,"href":"https:\/\/www.klafka-hinz.de\/index.php?rest_route=\/wp\/v2\/pages\/1297\/revisions\/4072"}],"up":[{"embeddable":true,"href":"https:\/\/www.klafka-hinz.de\/index.php?rest_route=\/wp\/v2\/pages\/1255"}],"wp:attachment":[{"href":"https:\/\/www.klafka-hinz.de\/index.php?rest_route=%2Fwp%2Fv2%2Fmedia&parent=1297"}],"curies":[{"name":"wp","href":"https:\/\/api.w.org\/{rel}","templated":true}]}}