{"id":1293,"date":"2018-06-28T13:45:52","date_gmt":"2018-06-28T13:45:52","guid":{"rendered":"https:\/\/homepage-intern.klafka-hinz.eu\/?page_id=1293"},"modified":"2020-12-17T09:15:42","modified_gmt":"2020-12-17T08:15:42","slug":"marktkommunikation-gpke-und-geli","status":"publish","type":"page","link":"https:\/\/www.klafka-hinz.de\/?page_id=1293","title":{"rendered":"Marktkommunikation, GPKE und GeLi"},"content":{"rendered":"\n<h2 class=\"has-text-align-center wp-block-heading\">MAKO<\/h2>\n\n\n\n<h1 class=\"has-text-align-center wp-block-heading\">Marktkommunikation, GPKE und GeLi<\/h1>\n\n\n\n<p>Mit der EDIX-Marktkommunikation k\u00f6nnen Sie die Datenaustauschnachrichten aller g\u00e4ngigen EDIFACT-Formate aufnehmen und versenden.<\/p>\n\n\n\n<h3 class=\"wp-block-heading\">GPKE und GeLi<\/h3>\n\n\n\n<p>Die EDIX-Marktkommunikation erm\u00f6glicht eine automatisierte Bearbeitung der Lieferantenwechselprozesse nach GKPE und GeLi:<\/p>\n\n\n\n<ul class=\"wp-block-list\"><li>Identifikation Lieferstelle<\/li><li>K\u00fcndigung<\/li><li>Lieferende<\/li><li>Lieferbeginn<\/li><li>Abmeldungsanfrage<\/li><li>Ersatzversorgung<\/li><li>Stammdaten\u00e4nderung<\/li><\/ul>\n\n\n\n<h3 class=\"wp-block-heading\">Prozessunterst\u00fctzung<\/h3>\n\n\n\n<p>Im Prozesscenter werden die Meldungen des Versorgerwechselprozesses nach Kategorie, Transaktionsgrund, Bearbeitungsfortschritt und Zeitraum \u00fcbersichtlich dargestellt. Es unterst\u00fctzt Sie bei Ihrer t\u00e4glichen Arbeit und kann kundenindividuell an Ihre Arbeitsprozesse angepasst werden. Ein Prozess im Hintergrund identifiziert die Meldung direkt nach Eingang und \u00fcberf\u00fchrt diese fristgerecht auf die n\u00e4chste Bearbeitungsstufe. Die Erzeugung und der Versand von Best\u00e4tigungsmeldungen sowie Fehlermeldungen erfolgt automatisch.<\/p>\n\n\n\n<h3 class=\"wp-block-heading\">Stammdaten &amp; Automatisierung<\/h3>\n\n\n\n<p>Durch die Marktprozesse werden die Stammdaten gepflegt und stehen damit f\u00fcr s\u00e4mtliche weiteren Prozesse wie z.B. die der Abrechnung zur Verf\u00fcgung. Verbrauchsdaten, die \u00fcber MSCONS-Nachrichten empfangen wurden, k\u00f6nnen automatisiert nach vordefinierten Regeln auf Plausibilit\u00e4t gepr\u00fcft und \u2013 falls durch die Pr\u00fcfung freigegeben \u2013 in die internen Verbrauchsdaten \u00fcbernommen werden. Die \u00dcbernahme l\u00f6st dann die Abrechnung des entsprechenden Liefervertrages aus.<\/p>\n\n\n\n<div class=\"wp-block-columns coblocks-author-columns has-background is-layout-flex wp-container-core-columns-is-layout-61ecc280 wp-block-columns-is-layout-flex\" style=\"background-color:#8C8C971A;padding-top:2.5rem;padding-right:2.5rem;padding-bottom:2.5rem;padding-left:2.5rem\">\n<div class=\"wp-block-column is-layout-flow wp-block-column-is-layout-flow\" style=\"flex-basis:25%\">\n<figure class=\"wp-block-image is-style-rounded\"><img loading=\"lazy\" decoding=\"async\" width=\"150\" height=\"150\" src=\"https:\/\/www.klafka-hinz.de\/wp-content\/uploads\/Jan-150x150.png\" alt=\"\" class=\"wp-image-2421\" srcset=\"https:\/\/www.klafka-hinz.de\/wp-content\/uploads\/Jan-150x150.png 150w, https:\/\/www.klafka-hinz.de\/wp-content\/uploads\/Jan.png 200w\" sizes=\"auto, (max-width: 150px) 100vw, 150px\" \/><\/figure>\n<\/div>\n\n\n\n<div class=\"wp-block-column is-layout-flow wp-block-column-is-layout-flow\" style=\"flex-basis:75%\">\n<p><strong><strong>Jan Spengler<\/strong><\/strong><\/p>\n\n\n\n<p>Telefon: +49 241 605 201 30<br>E-Mail: Jan.Spengler@Klafka-Hinz.de<\/p>\n\n\n\n<div class=\"wp-block-buttons is-layout-flex wp-block-buttons-is-layout-flex\">\n<div class=\"wp-block-button\"><a class=\"wp-block-button__link has-white-color has-text-color has-background wp-element-button\" href=\"mailto:Jan.Spengler@Klafka-Hinz.de?subject=Kontaktaufnahme%20FirstX\" style=\"background-color:#0094d6\" rel=\"mailto:Jan.Spengler@Klafka-Hinz.de?subject=Kontaktaufnahme%20FirstX\">Kontakt<\/a><\/div>\n<\/div>\n<\/div>\n<\/div>\n\n\n\n<p><\/p>\n","protected":false},"excerpt":{"rendered":"<p>Marktkommunikation, GPKE und GeLi Mit der EDIX-Marktkommunikation k\u00f6nnen Sie die Datenaustauschnachrichten aller g\u00e4ngigen EDIFACT-Formate aufnehmen und versenden. Die EDIX-Marktkommunikation erm\u00f6glicht eine automatisierte Bearbeitung der Lieferantenwechselprozesse nach GKPE und GeLi: Identifikation&#8230;<\/p>\n<div class=\"read-more-button-wrap\"><a class=\"moretag\" href=\"https:\/\/www.klafka-hinz.de\/?page_id=1293\"> weiterlesen<\/a><\/div>\n","protected":false},"author":2,"featured_media":0,"parent":1255,"menu_order":0,"comment_status":"closed","ping_status":"closed","template":"","meta":{"_coblocks_attr":"","_coblocks_dimensions":"","_coblocks_responsive_height":"","_coblocks_accordion_ie_support":"","advgb_blocks_editor_width":"","advgb_blocks_columns_visual_guide":"","footnotes":""},"class_list":["post-1293","page","type-page","status-publish","hentry"],"yoast_head":"<!-- This site is optimized with the Yoast SEO plugin v27.3 - https:\/\/yoast.com\/product\/yoast-seo-wordpress\/ -->\n<title>Marktkommunikation, GPKE und GeLi - Klafka &amp; Hinz Energie-Informations-Systeme GmbH<\/title>\n<meta name=\"robots\" content=\"index, follow, max-snippet:-1, max-image-preview:large, max-video-preview:-1\" \/>\n<link rel=\"canonical\" href=\"https:\/\/www.klafka-hinz.de\/?page_id=1293\" \/>\n<meta property=\"og:locale\" content=\"de_DE\" \/>\n<meta property=\"og:type\" content=\"article\" \/>\n<meta property=\"og:title\" content=\"Marktkommunikation, GPKE und GeLi - Klafka &amp; Hinz Energie-Informations-Systeme GmbH\" \/>\n<meta property=\"og:description\" content=\"Marktkommunikation, GPKE und GeLi Mit der EDIX-Marktkommunikation k\u00f6nnen Sie die Datenaustauschnachrichten aller g\u00e4ngigen EDIFACT-Formate aufnehmen und versenden. Die EDIX-Marktkommunikation erm\u00f6glicht eine automatisierte Bearbeitung der Lieferantenwechselprozesse nach GKPE und GeLi: Identifikation... weiterlesen\" \/>\n<meta property=\"og:url\" content=\"https:\/\/www.klafka-hinz.de\/?page_id=1293\" \/>\n<meta property=\"og:site_name\" content=\"Klafka &amp; Hinz Energie-Informations-Systeme GmbH\" \/>\n<meta property=\"article:modified_time\" content=\"2020-12-17T08:15:42+00:00\" \/>\n<meta name=\"twitter:card\" content=\"summary_large_image\" \/>\n<meta name=\"twitter:label1\" content=\"Gesch\u00e4tzte Lesezeit\" \/>\n\t<meta name=\"twitter:data1\" content=\"1\u00a0Minute\" \/>\n<script type=\"application\/ld+json\" class=\"yoast-schema-graph\">{\"@context\":\"https:\\\/\\\/schema.org\",\"@graph\":[{\"@type\":\"WebPage\",\"@id\":\"https:\\\/\\\/www.klafka-hinz.de\\\/?page_id=1293\",\"url\":\"https:\\\/\\\/www.klafka-hinz.de\\\/?page_id=1293\",\"name\":\"Marktkommunikation, GPKE und GeLi - Klafka &amp; Hinz Energie-Informations-Systeme GmbH\",\"isPartOf\":{\"@id\":\"https:\\\/\\\/www.klafka-hinz.de\\\/#website\"},\"datePublished\":\"2018-06-28T13:45:52+00:00\",\"dateModified\":\"2020-12-17T08:15:42+00:00\",\"breadcrumb\":{\"@id\":\"https:\\\/\\\/www.klafka-hinz.de\\\/?page_id=1293#breadcrumb\"},\"inLanguage\":\"de\",\"potentialAction\":[{\"@type\":\"ReadAction\",\"target\":[\"https:\\\/\\\/www.klafka-hinz.de\\\/?page_id=1293\"]}]},{\"@type\":\"BreadcrumbList\",\"@id\":\"https:\\\/\\\/www.klafka-hinz.de\\\/?page_id=1293#breadcrumb\",\"itemListElement\":[{\"@type\":\"ListItem\",\"position\":1,\"name\":\"Startseite\",\"item\":\"https:\\\/\\\/www.klafka-hinz.de\\\/\"},{\"@type\":\"ListItem\",\"position\":2,\"name\":\"L\u00f6sungen\",\"item\":\"https:\\\/\\\/www.klafka-hinz.de\\\/?page_id=1255\"},{\"@type\":\"ListItem\",\"position\":3,\"name\":\"Marktkommunikation, GPKE und GeLi\"}]},{\"@type\":\"WebSite\",\"@id\":\"https:\\\/\\\/www.klafka-hinz.de\\\/#website\",\"url\":\"https:\\\/\\\/www.klafka-hinz.de\\\/\",\"name\":\"Klafka &amp; Hinz Energie-Informations-Systeme GmbH\",\"description\":\"\",\"publisher\":{\"@id\":\"https:\\\/\\\/www.klafka-hinz.de\\\/#organization\"},\"potentialAction\":[{\"@type\":\"SearchAction\",\"target\":{\"@type\":\"EntryPoint\",\"urlTemplate\":\"https:\\\/\\\/www.klafka-hinz.de\\\/?s={search_term_string}\"},\"query-input\":{\"@type\":\"PropertyValueSpecification\",\"valueRequired\":true,\"valueName\":\"search_term_string\"}}],\"inLanguage\":\"de\"},{\"@type\":\"Organization\",\"@id\":\"https:\\\/\\\/www.klafka-hinz.de\\\/#organization\",\"name\":\"Klafka &amp; Hinz Energie-Informations-Systeme GmbH\",\"url\":\"https:\\\/\\\/www.klafka-hinz.de\\\/\",\"logo\":{\"@type\":\"ImageObject\",\"inLanguage\":\"de\",\"@id\":\"https:\\\/\\\/www.klafka-hinz.de\\\/#\\\/schema\\\/logo\\\/image\\\/\",\"url\":\"https:\\\/\\\/www.klafka-hinz.de\\\/wp-content\\\/uploads\\\/cropped-Logo.png\",\"contentUrl\":\"https:\\\/\\\/www.klafka-hinz.de\\\/wp-content\\\/uploads\\\/cropped-Logo.png\",\"width\":263,\"height\":56,\"caption\":\"Klafka &amp; Hinz Energie-Informations-Systeme GmbH\"},\"image\":{\"@id\":\"https:\\\/\\\/www.klafka-hinz.de\\\/#\\\/schema\\\/logo\\\/image\\\/\"}}]}<\/script>\n<!-- \/ Yoast SEO plugin. -->","yoast_head_json":{"title":"Marktkommunikation, GPKE und GeLi - Klafka &amp; Hinz Energie-Informations-Systeme GmbH","robots":{"index":"index","follow":"follow","max-snippet":"max-snippet:-1","max-image-preview":"max-image-preview:large","max-video-preview":"max-video-preview:-1"},"canonical":"https:\/\/www.klafka-hinz.de\/?page_id=1293","og_locale":"de_DE","og_type":"article","og_title":"Marktkommunikation, GPKE und GeLi - Klafka &amp; Hinz Energie-Informations-Systeme GmbH","og_description":"Marktkommunikation, GPKE und GeLi Mit der EDIX-Marktkommunikation k\u00f6nnen Sie die Datenaustauschnachrichten aller g\u00e4ngigen EDIFACT-Formate aufnehmen und versenden. Die EDIX-Marktkommunikation erm\u00f6glicht eine automatisierte Bearbeitung der Lieferantenwechselprozesse nach GKPE und GeLi: Identifikation... weiterlesen","og_url":"https:\/\/www.klafka-hinz.de\/?page_id=1293","og_site_name":"Klafka &amp; Hinz Energie-Informations-Systeme GmbH","article_modified_time":"2020-12-17T08:15:42+00:00","twitter_card":"summary_large_image","twitter_misc":{"Gesch\u00e4tzte Lesezeit":"1\u00a0Minute"},"schema":{"@context":"https:\/\/schema.org","@graph":[{"@type":"WebPage","@id":"https:\/\/www.klafka-hinz.de\/?page_id=1293","url":"https:\/\/www.klafka-hinz.de\/?page_id=1293","name":"Marktkommunikation, GPKE und GeLi - Klafka &amp; Hinz Energie-Informations-Systeme GmbH","isPartOf":{"@id":"https:\/\/www.klafka-hinz.de\/#website"},"datePublished":"2018-06-28T13:45:52+00:00","dateModified":"2020-12-17T08:15:42+00:00","breadcrumb":{"@id":"https:\/\/www.klafka-hinz.de\/?page_id=1293#breadcrumb"},"inLanguage":"de","potentialAction":[{"@type":"ReadAction","target":["https:\/\/www.klafka-hinz.de\/?page_id=1293"]}]},{"@type":"BreadcrumbList","@id":"https:\/\/www.klafka-hinz.de\/?page_id=1293#breadcrumb","itemListElement":[{"@type":"ListItem","position":1,"name":"Startseite","item":"https:\/\/www.klafka-hinz.de\/"},{"@type":"ListItem","position":2,"name":"L\u00f6sungen","item":"https:\/\/www.klafka-hinz.de\/?page_id=1255"},{"@type":"ListItem","position":3,"name":"Marktkommunikation, GPKE und GeLi"}]},{"@type":"WebSite","@id":"https:\/\/www.klafka-hinz.de\/#website","url":"https:\/\/www.klafka-hinz.de\/","name":"Klafka &amp; Hinz Energie-Informations-Systeme GmbH","description":"","publisher":{"@id":"https:\/\/www.klafka-hinz.de\/#organization"},"potentialAction":[{"@type":"SearchAction","target":{"@type":"EntryPoint","urlTemplate":"https:\/\/www.klafka-hinz.de\/?s={search_term_string}"},"query-input":{"@type":"PropertyValueSpecification","valueRequired":true,"valueName":"search_term_string"}}],"inLanguage":"de"},{"@type":"Organization","@id":"https:\/\/www.klafka-hinz.de\/#organization","name":"Klafka &amp; Hinz Energie-Informations-Systeme GmbH","url":"https:\/\/www.klafka-hinz.de\/","logo":{"@type":"ImageObject","inLanguage":"de","@id":"https:\/\/www.klafka-hinz.de\/#\/schema\/logo\/image\/","url":"https:\/\/www.klafka-hinz.de\/wp-content\/uploads\/cropped-Logo.png","contentUrl":"https:\/\/www.klafka-hinz.de\/wp-content\/uploads\/cropped-Logo.png","width":263,"height":56,"caption":"Klafka &amp; Hinz Energie-Informations-Systeme GmbH"},"image":{"@id":"https:\/\/www.klafka-hinz.de\/#\/schema\/logo\/image\/"}}]}},"coauthors":[],"author_meta":{"author_link":"https:\/\/www.klafka-hinz.de\/?author=2","display_name":"Bastian Goffart"},"relative_dates":{"created":"Posted 8\u00a0Jahren ago","modified":"Updated 5\u00a0Jahren ago"},"absolute_dates":{"created":"Posted on 28. Juni 2018","modified":"Updated on 17. Dezember 2020"},"absolute_dates_time":{"created":"Posted on 28. Juni 2018 13:45","modified":"Updated on 17. Dezember 2020 9:15"},"featured_img_caption":"","featured_img":false,"series_order":"","_links":{"self":[{"href":"https:\/\/www.klafka-hinz.de\/index.php?rest_route=\/wp\/v2\/pages\/1293","targetHints":{"allow":["GET"]}}],"collection":[{"href":"https:\/\/www.klafka-hinz.de\/index.php?rest_route=\/wp\/v2\/pages"}],"about":[{"href":"https:\/\/www.klafka-hinz.de\/index.php?rest_route=\/wp\/v2\/types\/page"}],"author":[{"embeddable":true,"href":"https:\/\/www.klafka-hinz.de\/index.php?rest_route=\/wp\/v2\/users\/2"}],"replies":[{"embeddable":true,"href":"https:\/\/www.klafka-hinz.de\/index.php?rest_route=%2Fwp%2Fv2%2Fcomments&post=1293"}],"version-history":[{"count":3,"href":"https:\/\/www.klafka-hinz.de\/index.php?rest_route=\/wp\/v2\/pages\/1293\/revisions"}],"predecessor-version":[{"id":2576,"href":"https:\/\/www.klafka-hinz.de\/index.php?rest_route=\/wp\/v2\/pages\/1293\/revisions\/2576"}],"up":[{"embeddable":true,"href":"https:\/\/www.klafka-hinz.de\/index.php?rest_route=\/wp\/v2\/pages\/1255"}],"wp:attachment":[{"href":"https:\/\/www.klafka-hinz.de\/index.php?rest_route=%2Fwp%2Fv2%2Fmedia&parent=1293"}],"curies":[{"name":"wp","href":"https:\/\/api.w.org\/{rel}","templated":true}]}}