{"id":1289,"date":"2018-06-28T13:45:08","date_gmt":"2018-06-28T13:45:08","guid":{"rendered":"https:\/\/homepage-intern.klafka-hinz.eu\/?page_id=1289"},"modified":"2021-05-20T14:25:13","modified_gmt":"2021-05-20T12:25:13","slug":"eeg-abrechnung","status":"publish","type":"page","link":"https:\/\/www.klafka-hinz.de\/?page_id=1289","title":{"rendered":"EEG-Abrechnung"},"content":{"rendered":"\n<h2 class=\"has-text-align-center wp-block-heading\">Abrechnung<\/h2>\n\n\n\n<h1 class=\"has-text-align-center wp-block-heading\">EEG-Abrechnung<\/h1>\n\n\n\n<p>Zur Abrechnung der Einspeiseverg\u00fctungen nach EEG und KWKG stehen Ihnen speziell vorbereitete Datenkonstrukte zur Verf\u00fcgung. Damit f\u00e4llt auch die abrechnungstechnische Verarbeitung von Eigenverbrauchsanlagen und Anlagen, die sich aus verschiedenen Teilanlagen zusammensetzen, leicht.<\/p>\n\n\n\n<h3 class=\"wp-block-heading\">Preiskonfiguration<\/h3>\n\n\n\n<p>Zur Abrechnung werden die Verg\u00fctungskategorien als Preisbl\u00e4tter hinterlegt. Die Aufteilung der eingespeisten Energie auf die leistungsabh\u00e4ngigen Zonen der Kategorie erfolgt automatisch. F\u00fcr die Abrechnung von KWK-Anlagen kommen die Preispositionen KWK-Verg\u00fctung, Einspeiseverg\u00fctung und vermiedene Netznutzungsentgelte zum Einsatz. Durch die Zuordnung von Preisbl\u00e4ttern f\u00fcr Messung und Abrechnung k\u00f6nnen Geb\u00fchren des Netzbetreibers mit der Einspeiseverg\u00fctung verrechnet werden.<\/p>\n\n\n\n<h3 class=\"wp-block-heading\">Mengenermittlung und Rechnungserstellung<\/h3>\n\n\n\n<p>Bei der Rechnungserstellung wird die eingespeiste und die selbst verbrauchte Energie aus Zeitreihen oder Z\u00e4hlwerkst\u00e4nden ermittelt und mit den Verg\u00fctungskategorien verrechnet. Jede Kategorie wird als Rechnungszeile ausgegeben. So gibt die Rechnung ausf\u00fchrlich Auskunft \u00fcber die Verg\u00fctung der Einspeisung, des Eigenverbrauchs, der fiktiven R\u00fccklieferung und der Geb\u00fchren des Netzbetreibers.<\/p>\n\n\n\n<h3 class=\"wp-block-heading\">Dokumentenerstellung<\/h3>\n\n\n\n<p>Vorgefertigte Vorlagen erm\u00f6glichen die \u00fcbersichtliche Formatierung der Einspeiseabrechnung, beispielsweise im Word-, Excel- oder PDF-Format.<br>Die erzeugten Rechnungen dienen als Grundlage f\u00fcr das Reporting gegen\u00fcber dem \u00dcNB und der BNetzA.<\/p>\n\n\n\n<div class=\"wp-block-columns coblocks-author-columns has-background is-layout-flex wp-container-core-columns-is-layout-61ecc280 wp-block-columns-is-layout-flex\" style=\"background-color:#8C8C971A;padding-top:2.5rem;padding-right:2.5rem;padding-bottom:2.5rem;padding-left:2.5rem\">\n<div class=\"wp-block-column is-layout-flow wp-block-column-is-layout-flow\" style=\"flex-basis:25%\">\n<figure class=\"wp-block-image is-style-rounded\"><img loading=\"lazy\" decoding=\"async\" width=\"150\" height=\"150\" src=\"https:\/\/www.klafka-hinz.de\/wp-content\/uploads\/Jan-150x150.png\" alt=\"\" class=\"wp-image-2421\" srcset=\"https:\/\/www.klafka-hinz.de\/wp-content\/uploads\/Jan-150x150.png 150w, https:\/\/www.klafka-hinz.de\/wp-content\/uploads\/Jan.png 200w\" sizes=\"auto, (max-width: 150px) 100vw, 150px\" \/><\/figure>\n<\/div>\n\n\n\n<div class=\"wp-block-column is-layout-flow wp-block-column-is-layout-flow\" style=\"flex-basis:75%\">\n<p><strong><strong>Jan Spengler<\/strong><\/strong><\/p>\n\n\n\n<p>Telefon: +49 241 605 201 30<br>E-Mail: Jan.Spengler@Klafka-Hinz.de<\/p>\n\n\n\n<div class=\"wp-block-buttons is-layout-flex wp-block-buttons-is-layout-flex\">\n<div class=\"wp-block-button\"><a class=\"wp-block-button__link has-white-color has-text-color has-background wp-element-button\" href=\"mailto:Jan.Spengler@Klafka-Hinz.de?subject=Kontaktaufnahme%20FirstX\" style=\"background-color:#0094d6\" rel=\"mailto:Jan.Spengler@Klafka-Hinz.de?subject=Kontaktaufnahme%20FirstX\">Kontakt<\/a><\/div>\n<\/div>\n<\/div>\n<\/div>\n\n\n\n<p><\/p>\n","protected":false},"excerpt":{"rendered":"<p>EEG-Abrechnung Zur Abrechnung der Einspeiseverg\u00fctungen nach EEG und KWKG stehen Ihnen speziell vorbereitete Datenkonstrukte zur Verf\u00fcgung. Damit f\u00e4llt auch die abrechnungstechnische Verarbeitung von Eigenverbrauchsanlagen und Anlagen, die sich aus verschiedenen&#8230;<\/p>\n<div class=\"read-more-button-wrap\"><a class=\"moretag\" href=\"https:\/\/www.klafka-hinz.de\/?page_id=1289\"> weiterlesen<\/a><\/div>\n","protected":false},"author":2,"featured_media":0,"parent":1255,"menu_order":0,"comment_status":"closed","ping_status":"closed","template":"","meta":{"_coblocks_attr":"","_coblocks_dimensions":"","_coblocks_responsive_height":"","_coblocks_accordion_ie_support":"","advgb_blocks_editor_width":"","advgb_blocks_columns_visual_guide":"","footnotes":""},"class_list":["post-1289","page","type-page","status-publish","hentry"],"yoast_head":"<!-- This site is optimized with the Yoast SEO plugin v27.3 - https:\/\/yoast.com\/product\/yoast-seo-wordpress\/ -->\n<title>EEG-Abrechnung - Klafka &amp; Hinz Energie-Informations-Systeme GmbH<\/title>\n<meta name=\"robots\" content=\"index, follow, max-snippet:-1, max-image-preview:large, max-video-preview:-1\" \/>\n<link rel=\"canonical\" href=\"https:\/\/www.klafka-hinz.de\/?page_id=1289\" \/>\n<meta property=\"og:locale\" content=\"de_DE\" \/>\n<meta property=\"og:type\" content=\"article\" \/>\n<meta property=\"og:title\" content=\"EEG-Abrechnung - Klafka &amp; Hinz Energie-Informations-Systeme GmbH\" \/>\n<meta property=\"og:description\" content=\"EEG-Abrechnung Zur Abrechnung der Einspeiseverg\u00fctungen nach EEG und KWKG stehen Ihnen speziell vorbereitete Datenkonstrukte zur Verf\u00fcgung. Damit f\u00e4llt auch die abrechnungstechnische Verarbeitung von Eigenverbrauchsanlagen und Anlagen, die sich aus verschiedenen... weiterlesen\" \/>\n<meta property=\"og:url\" content=\"https:\/\/www.klafka-hinz.de\/?page_id=1289\" \/>\n<meta property=\"og:site_name\" content=\"Klafka &amp; Hinz Energie-Informations-Systeme GmbH\" \/>\n<meta property=\"article:modified_time\" content=\"2021-05-20T12:25:13+00:00\" \/>\n<meta name=\"twitter:card\" content=\"summary_large_image\" \/>\n<meta name=\"twitter:label1\" content=\"Gesch\u00e4tzte Lesezeit\" \/>\n\t<meta name=\"twitter:data1\" content=\"1\u00a0Minute\" \/>\n<script type=\"application\/ld+json\" class=\"yoast-schema-graph\">{\"@context\":\"https:\\\/\\\/schema.org\",\"@graph\":[{\"@type\":\"WebPage\",\"@id\":\"https:\\\/\\\/www.klafka-hinz.de\\\/?page_id=1289\",\"url\":\"https:\\\/\\\/www.klafka-hinz.de\\\/?page_id=1289\",\"name\":\"EEG-Abrechnung - Klafka &amp; Hinz Energie-Informations-Systeme GmbH\",\"isPartOf\":{\"@id\":\"https:\\\/\\\/www.klafka-hinz.de\\\/#website\"},\"datePublished\":\"2018-06-28T13:45:08+00:00\",\"dateModified\":\"2021-05-20T12:25:13+00:00\",\"breadcrumb\":{\"@id\":\"https:\\\/\\\/www.klafka-hinz.de\\\/?page_id=1289#breadcrumb\"},\"inLanguage\":\"de\",\"potentialAction\":[{\"@type\":\"ReadAction\",\"target\":[\"https:\\\/\\\/www.klafka-hinz.de\\\/?page_id=1289\"]}]},{\"@type\":\"BreadcrumbList\",\"@id\":\"https:\\\/\\\/www.klafka-hinz.de\\\/?page_id=1289#breadcrumb\",\"itemListElement\":[{\"@type\":\"ListItem\",\"position\":1,\"name\":\"Startseite\",\"item\":\"https:\\\/\\\/www.klafka-hinz.de\\\/\"},{\"@type\":\"ListItem\",\"position\":2,\"name\":\"L\u00f6sungen\",\"item\":\"https:\\\/\\\/www.klafka-hinz.de\\\/?page_id=1255\"},{\"@type\":\"ListItem\",\"position\":3,\"name\":\"EEG-Abrechnung\"}]},{\"@type\":\"WebSite\",\"@id\":\"https:\\\/\\\/www.klafka-hinz.de\\\/#website\",\"url\":\"https:\\\/\\\/www.klafka-hinz.de\\\/\",\"name\":\"Klafka &amp; Hinz Energie-Informations-Systeme GmbH\",\"description\":\"\",\"publisher\":{\"@id\":\"https:\\\/\\\/www.klafka-hinz.de\\\/#organization\"},\"potentialAction\":[{\"@type\":\"SearchAction\",\"target\":{\"@type\":\"EntryPoint\",\"urlTemplate\":\"https:\\\/\\\/www.klafka-hinz.de\\\/?s={search_term_string}\"},\"query-input\":{\"@type\":\"PropertyValueSpecification\",\"valueRequired\":true,\"valueName\":\"search_term_string\"}}],\"inLanguage\":\"de\"},{\"@type\":\"Organization\",\"@id\":\"https:\\\/\\\/www.klafka-hinz.de\\\/#organization\",\"name\":\"Klafka &amp; Hinz Energie-Informations-Systeme GmbH\",\"url\":\"https:\\\/\\\/www.klafka-hinz.de\\\/\",\"logo\":{\"@type\":\"ImageObject\",\"inLanguage\":\"de\",\"@id\":\"https:\\\/\\\/www.klafka-hinz.de\\\/#\\\/schema\\\/logo\\\/image\\\/\",\"url\":\"https:\\\/\\\/www.klafka-hinz.de\\\/wp-content\\\/uploads\\\/cropped-Logo.png\",\"contentUrl\":\"https:\\\/\\\/www.klafka-hinz.de\\\/wp-content\\\/uploads\\\/cropped-Logo.png\",\"width\":263,\"height\":56,\"caption\":\"Klafka &amp; Hinz Energie-Informations-Systeme GmbH\"},\"image\":{\"@id\":\"https:\\\/\\\/www.klafka-hinz.de\\\/#\\\/schema\\\/logo\\\/image\\\/\"}}]}<\/script>\n<!-- \/ Yoast SEO plugin. -->","yoast_head_json":{"title":"EEG-Abrechnung - Klafka &amp; Hinz Energie-Informations-Systeme GmbH","robots":{"index":"index","follow":"follow","max-snippet":"max-snippet:-1","max-image-preview":"max-image-preview:large","max-video-preview":"max-video-preview:-1"},"canonical":"https:\/\/www.klafka-hinz.de\/?page_id=1289","og_locale":"de_DE","og_type":"article","og_title":"EEG-Abrechnung - Klafka &amp; Hinz Energie-Informations-Systeme GmbH","og_description":"EEG-Abrechnung Zur Abrechnung der Einspeiseverg\u00fctungen nach EEG und KWKG stehen Ihnen speziell vorbereitete Datenkonstrukte zur Verf\u00fcgung. Damit f\u00e4llt auch die abrechnungstechnische Verarbeitung von Eigenverbrauchsanlagen und Anlagen, die sich aus verschiedenen... weiterlesen","og_url":"https:\/\/www.klafka-hinz.de\/?page_id=1289","og_site_name":"Klafka &amp; Hinz Energie-Informations-Systeme GmbH","article_modified_time":"2021-05-20T12:25:13+00:00","twitter_card":"summary_large_image","twitter_misc":{"Gesch\u00e4tzte Lesezeit":"1\u00a0Minute"},"schema":{"@context":"https:\/\/schema.org","@graph":[{"@type":"WebPage","@id":"https:\/\/www.klafka-hinz.de\/?page_id=1289","url":"https:\/\/www.klafka-hinz.de\/?page_id=1289","name":"EEG-Abrechnung - Klafka &amp; Hinz Energie-Informations-Systeme GmbH","isPartOf":{"@id":"https:\/\/www.klafka-hinz.de\/#website"},"datePublished":"2018-06-28T13:45:08+00:00","dateModified":"2021-05-20T12:25:13+00:00","breadcrumb":{"@id":"https:\/\/www.klafka-hinz.de\/?page_id=1289#breadcrumb"},"inLanguage":"de","potentialAction":[{"@type":"ReadAction","target":["https:\/\/www.klafka-hinz.de\/?page_id=1289"]}]},{"@type":"BreadcrumbList","@id":"https:\/\/www.klafka-hinz.de\/?page_id=1289#breadcrumb","itemListElement":[{"@type":"ListItem","position":1,"name":"Startseite","item":"https:\/\/www.klafka-hinz.de\/"},{"@type":"ListItem","position":2,"name":"L\u00f6sungen","item":"https:\/\/www.klafka-hinz.de\/?page_id=1255"},{"@type":"ListItem","position":3,"name":"EEG-Abrechnung"}]},{"@type":"WebSite","@id":"https:\/\/www.klafka-hinz.de\/#website","url":"https:\/\/www.klafka-hinz.de\/","name":"Klafka &amp; Hinz Energie-Informations-Systeme GmbH","description":"","publisher":{"@id":"https:\/\/www.klafka-hinz.de\/#organization"},"potentialAction":[{"@type":"SearchAction","target":{"@type":"EntryPoint","urlTemplate":"https:\/\/www.klafka-hinz.de\/?s={search_term_string}"},"query-input":{"@type":"PropertyValueSpecification","valueRequired":true,"valueName":"search_term_string"}}],"inLanguage":"de"},{"@type":"Organization","@id":"https:\/\/www.klafka-hinz.de\/#organization","name":"Klafka &amp; Hinz Energie-Informations-Systeme GmbH","url":"https:\/\/www.klafka-hinz.de\/","logo":{"@type":"ImageObject","inLanguage":"de","@id":"https:\/\/www.klafka-hinz.de\/#\/schema\/logo\/image\/","url":"https:\/\/www.klafka-hinz.de\/wp-content\/uploads\/cropped-Logo.png","contentUrl":"https:\/\/www.klafka-hinz.de\/wp-content\/uploads\/cropped-Logo.png","width":263,"height":56,"caption":"Klafka &amp; Hinz Energie-Informations-Systeme GmbH"},"image":{"@id":"https:\/\/www.klafka-hinz.de\/#\/schema\/logo\/image\/"}}]}},"coauthors":[],"author_meta":{"author_link":"https:\/\/www.klafka-hinz.de\/?author=2","display_name":"Bastian Goffart"},"relative_dates":{"created":"Posted 8\u00a0Jahren ago","modified":"Updated 5\u00a0Jahren ago"},"absolute_dates":{"created":"Posted on 28. Juni 2018","modified":"Updated on 20. Mai 2021"},"absolute_dates_time":{"created":"Posted on 28. Juni 2018 13:45","modified":"Updated on 20. Mai 2021 14:25"},"featured_img_caption":"","featured_img":false,"series_order":"","_links":{"self":[{"href":"https:\/\/www.klafka-hinz.de\/index.php?rest_route=\/wp\/v2\/pages\/1289","targetHints":{"allow":["GET"]}}],"collection":[{"href":"https:\/\/www.klafka-hinz.de\/index.php?rest_route=\/wp\/v2\/pages"}],"about":[{"href":"https:\/\/www.klafka-hinz.de\/index.php?rest_route=\/wp\/v2\/types\/page"}],"author":[{"embeddable":true,"href":"https:\/\/www.klafka-hinz.de\/index.php?rest_route=\/wp\/v2\/users\/2"}],"replies":[{"embeddable":true,"href":"https:\/\/www.klafka-hinz.de\/index.php?rest_route=%2Fwp%2Fv2%2Fcomments&post=1289"}],"version-history":[{"count":3,"href":"https:\/\/www.klafka-hinz.de\/index.php?rest_route=\/wp\/v2\/pages\/1289\/revisions"}],"predecessor-version":[{"id":3041,"href":"https:\/\/www.klafka-hinz.de\/index.php?rest_route=\/wp\/v2\/pages\/1289\/revisions\/3041"}],"up":[{"embeddable":true,"href":"https:\/\/www.klafka-hinz.de\/index.php?rest_route=\/wp\/v2\/pages\/1255"}],"wp:attachment":[{"href":"https:\/\/www.klafka-hinz.de\/index.php?rest_route=%2Fwp%2Fv2%2Fmedia&parent=1289"}],"curies":[{"name":"wp","href":"https:\/\/api.w.org\/{rel}","templated":true}]}}