{"id":1143,"date":"2018-06-19T12:28:02","date_gmt":"2018-06-19T12:28:02","guid":{"rendered":"https:\/\/homepage-intern.klafka-hinz.eu\/?page_id=1143"},"modified":"2021-05-19T11:38:44","modified_gmt":"2021-05-19T09:38:44","slug":"mmma","status":"publish","type":"page","link":"https:\/\/www.klafka-hinz.de\/?page_id=1143","title":{"rendered":"Netzabrechnung"},"content":{"rendered":"\n<h2 class=\"has-text-align-center wp-block-heading\">Abrechnung<\/h2>\n\n\n\n<h1 class=\"has-text-align-center wp-block-heading\">NEtzabrechnung<\/h1>\n\n\n\n<p>Das Modul zur Netzabrechnung beinhaltet alle f\u00fcr einen Netzbetreiber relevanten Funktionen zur Abrechnung der Netznutzung und sonstigen Dienstleistungen.<\/p>\n\n\n\n<h3 class=\"wp-block-heading\">Abrechnungsgrundlage<\/h3>\n\n\n\n<p>Als Grundlage f\u00fcr die Abrechnung werden die Verbrauchsdaten aus der Mess- und Z\u00e4hlerwerterfassung \u00fcbernommen. Falls keine aktuellen Werte vorliegen, k\u00f6nnen Sie die Werte \u00fcber Lastprofile und Prognosewerte vom System sch\u00e4tzen lassen. Aus den Rohverbrauchswerten (Z\u00e4hlwerkst\u00e4nde, Verbrauchszeitreihen) werden verschiedene abgeleitete Bemessungsgr\u00f6\u00dfen ermittelt. Wichtigste Beispiele sind die Z\u00e4hlerstandsdifferenz, das Maximum aus Zeitreihen, die geleistete Arbeit, Benutzungsstunden.<\/p>\n\n\n\n<h3 class=\"wp-block-heading\">Abrechnungskonfiguration<\/h3>\n\n\n\n<p>Sie k\u00f6nnen Zonen und Staffeln f\u00fcr die Bemessungsgr\u00f6\u00dfen definieren. In den Preisbl\u00e4ttern werden die einzelnen Preispositionen zusammengefasst. Die Standardpreisbl\u00e4tter gem\u00e4\u00df Netzentgeltverordnung sind vorkonfiguriert. <br>Die Rechnungsstellung kann vorl\u00e4ufig oder endg\u00fcltig erfolgen. Abrechnungsl\u00e4ufe werden umfangreich unterst\u00fctzt, so werden z.B. f\u00e4llige zu stellende Rechnungen automatisch aus den Preisblattinformationen und der Historie der gestellten Rechnungen ermittelt.<\/p>\n\n\n\n<h3 class=\"wp-block-heading\">Rechnungsstellung<\/h3>\n\n\n\n<p>Die einzelnen Prozessschritte der Abrechnung, Buchung und Zahlung k\u00f6nnen bei der Massenverarbeitung parallelisiert im Hintergrund ablaufen. <br>Der Prozess der Rechnungsstellung bedient integrierte Schnittstellen zur Nebenbuchhaltung und zur Marktkommunikation, wo der Austausch der elektronischen Rechnungen im EDIFACT-Format stattfindet.<\/p>\n\n\n\n<div class=\"wp-block-columns coblocks-author-columns has-background is-layout-flex wp-container-core-columns-is-layout-61ecc280 wp-block-columns-is-layout-flex\" style=\"background-color:#8C8C971A;padding-top:2.5rem;padding-right:2.5rem;padding-bottom:2.5rem;padding-left:2.5rem\">\n<div class=\"wp-block-column is-layout-flow wp-block-column-is-layout-flow\" style=\"flex-basis:25%\">\n<figure class=\"wp-block-image is-style-rounded\"><img loading=\"lazy\" decoding=\"async\" width=\"150\" height=\"150\" src=\"https:\/\/www.klafka-hinz.de\/wp-content\/uploads\/Jan-150x150.png\" alt=\"\" class=\"wp-image-2421\" srcset=\"https:\/\/www.klafka-hinz.de\/wp-content\/uploads\/Jan-150x150.png 150w, https:\/\/www.klafka-hinz.de\/wp-content\/uploads\/Jan.png 200w\" sizes=\"auto, (max-width: 150px) 100vw, 150px\" \/><\/figure>\n<\/div>\n\n\n\n<div class=\"wp-block-column is-layout-flow wp-block-column-is-layout-flow\" style=\"flex-basis:75%\">\n<p><strong><strong>Jan Spengler<\/strong><\/strong><\/p>\n\n\n\n<p>Telefon: +49 241 605 201 30<br>E-Mail: Jan.Spengler@Klafka-Hinz.de<\/p>\n\n\n\n<div class=\"wp-block-buttons is-layout-flex wp-block-buttons-is-layout-flex\">\n<div class=\"wp-block-button\"><a class=\"wp-block-button__link has-white-color has-text-color has-background wp-element-button\" href=\"mailto:Jan.Spengler@Klafka-Hinz.de?subject=Kontaktaufnahme%20FirstX\" style=\"background-color:#0094d6\" rel=\"mailto:Jan.Spengler@Klafka-Hinz.de?subject=Kontaktaufnahme%20FirstX\">Kontakt<\/a><\/div>\n<\/div>\n<\/div>\n<\/div>\n\n\n\n<p><\/p>\n","protected":false},"excerpt":{"rendered":"<p>NEtzabrechnung Das Modul zur Netzabrechnung beinhaltet alle f\u00fcr einen Netzbetreiber relevanten Funktionen zur Abrechnung der Netznutzung und sonstigen Dienstleistungen. Als Grundlage f\u00fcr die Abrechnung werden die Verbrauchsdaten aus der Mess-&#8230;<\/p>\n<div class=\"read-more-button-wrap\"><a class=\"moretag\" href=\"https:\/\/www.klafka-hinz.de\/?page_id=1143\"> weiterlesen<\/a><\/div>\n","protected":false},"author":2,"featured_media":636,"parent":1255,"menu_order":0,"comment_status":"closed","ping_status":"closed","template":"template-fullwidth.php","meta":{"_coblocks_attr":"","_coblocks_dimensions":"","_coblocks_responsive_height":"","_coblocks_accordion_ie_support":"","advgb_blocks_editor_width":"","advgb_blocks_columns_visual_guide":"","footnotes":""},"class_list":["post-1143","page","type-page","status-publish","has-post-thumbnail","hentry"],"yoast_head":"<!-- This site is optimized with the Yoast SEO plugin v27.3 - https:\/\/yoast.com\/product\/yoast-seo-wordpress\/ -->\n<title>Netzabrechnung - Klafka &amp; Hinz Energie-Informations-Systeme GmbH<\/title>\n<meta name=\"robots\" content=\"index, follow, max-snippet:-1, max-image-preview:large, max-video-preview:-1\" \/>\n<link rel=\"canonical\" href=\"https:\/\/www.klafka-hinz.de\/?page_id=1143\" \/>\n<meta property=\"og:locale\" content=\"de_DE\" \/>\n<meta property=\"og:type\" content=\"article\" \/>\n<meta property=\"og:title\" content=\"Netzabrechnung - Klafka &amp; Hinz Energie-Informations-Systeme GmbH\" \/>\n<meta property=\"og:description\" content=\"NEtzabrechnung Das Modul zur Netzabrechnung beinhaltet alle f\u00fcr einen Netzbetreiber relevanten Funktionen zur Abrechnung der Netznutzung und sonstigen Dienstleistungen. Als Grundlage f\u00fcr die Abrechnung werden die Verbrauchsdaten aus der Mess-... weiterlesen\" \/>\n<meta property=\"og:url\" content=\"https:\/\/www.klafka-hinz.de\/?page_id=1143\" \/>\n<meta property=\"og:site_name\" content=\"Klafka &amp; Hinz Energie-Informations-Systeme GmbH\" \/>\n<meta property=\"article:modified_time\" content=\"2021-05-19T09:38:44+00:00\" \/>\n<meta name=\"twitter:card\" content=\"summary_large_image\" \/>\n<meta name=\"twitter:label1\" content=\"Gesch\u00e4tzte Lesezeit\" \/>\n\t<meta name=\"twitter:data1\" content=\"1\u00a0Minute\" \/>\n<script type=\"application\/ld+json\" class=\"yoast-schema-graph\">{\"@context\":\"https:\\\/\\\/schema.org\",\"@graph\":[{\"@type\":\"WebPage\",\"@id\":\"https:\\\/\\\/www.klafka-hinz.de\\\/?page_id=1143\",\"url\":\"https:\\\/\\\/www.klafka-hinz.de\\\/?page_id=1143\",\"name\":\"Netzabrechnung - Klafka &amp; Hinz Energie-Informations-Systeme GmbH\",\"isPartOf\":{\"@id\":\"https:\\\/\\\/www.klafka-hinz.de\\\/#website\"},\"primaryImageOfPage\":{\"@id\":\"https:\\\/\\\/www.klafka-hinz.de\\\/?page_id=1143#primaryimage\"},\"image\":{\"@id\":\"https:\\\/\\\/www.klafka-hinz.de\\\/?page_id=1143#primaryimage\"},\"thumbnailUrl\":\"\",\"datePublished\":\"2018-06-19T12:28:02+00:00\",\"dateModified\":\"2021-05-19T09:38:44+00:00\",\"breadcrumb\":{\"@id\":\"https:\\\/\\\/www.klafka-hinz.de\\\/?page_id=1143#breadcrumb\"},\"inLanguage\":\"de\",\"potentialAction\":[{\"@type\":\"ReadAction\",\"target\":[\"https:\\\/\\\/www.klafka-hinz.de\\\/?page_id=1143\"]}]},{\"@type\":\"ImageObject\",\"inLanguage\":\"de\",\"@id\":\"https:\\\/\\\/www.klafka-hinz.de\\\/?page_id=1143#primaryimage\",\"url\":\"\",\"contentUrl\":\"\"},{\"@type\":\"BreadcrumbList\",\"@id\":\"https:\\\/\\\/www.klafka-hinz.de\\\/?page_id=1143#breadcrumb\",\"itemListElement\":[{\"@type\":\"ListItem\",\"position\":1,\"name\":\"Startseite\",\"item\":\"https:\\\/\\\/www.klafka-hinz.de\\\/\"},{\"@type\":\"ListItem\",\"position\":2,\"name\":\"L\u00f6sungen\",\"item\":\"https:\\\/\\\/www.klafka-hinz.de\\\/?page_id=1255\"},{\"@type\":\"ListItem\",\"position\":3,\"name\":\"Netzabrechnung\"}]},{\"@type\":\"WebSite\",\"@id\":\"https:\\\/\\\/www.klafka-hinz.de\\\/#website\",\"url\":\"https:\\\/\\\/www.klafka-hinz.de\\\/\",\"name\":\"Klafka &amp; Hinz Energie-Informations-Systeme GmbH\",\"description\":\"\",\"publisher\":{\"@id\":\"https:\\\/\\\/www.klafka-hinz.de\\\/#organization\"},\"potentialAction\":[{\"@type\":\"SearchAction\",\"target\":{\"@type\":\"EntryPoint\",\"urlTemplate\":\"https:\\\/\\\/www.klafka-hinz.de\\\/?s={search_term_string}\"},\"query-input\":{\"@type\":\"PropertyValueSpecification\",\"valueRequired\":true,\"valueName\":\"search_term_string\"}}],\"inLanguage\":\"de\"},{\"@type\":\"Organization\",\"@id\":\"https:\\\/\\\/www.klafka-hinz.de\\\/#organization\",\"name\":\"Klafka &amp; Hinz Energie-Informations-Systeme GmbH\",\"url\":\"https:\\\/\\\/www.klafka-hinz.de\\\/\",\"logo\":{\"@type\":\"ImageObject\",\"inLanguage\":\"de\",\"@id\":\"https:\\\/\\\/www.klafka-hinz.de\\\/#\\\/schema\\\/logo\\\/image\\\/\",\"url\":\"https:\\\/\\\/www.klafka-hinz.de\\\/wp-content\\\/uploads\\\/cropped-Logo.png\",\"contentUrl\":\"https:\\\/\\\/www.klafka-hinz.de\\\/wp-content\\\/uploads\\\/cropped-Logo.png\",\"width\":263,\"height\":56,\"caption\":\"Klafka &amp; Hinz Energie-Informations-Systeme GmbH\"},\"image\":{\"@id\":\"https:\\\/\\\/www.klafka-hinz.de\\\/#\\\/schema\\\/logo\\\/image\\\/\"}}]}<\/script>\n<!-- \/ Yoast SEO plugin. -->","yoast_head_json":{"title":"Netzabrechnung - Klafka &amp; Hinz Energie-Informations-Systeme GmbH","robots":{"index":"index","follow":"follow","max-snippet":"max-snippet:-1","max-image-preview":"max-image-preview:large","max-video-preview":"max-video-preview:-1"},"canonical":"https:\/\/www.klafka-hinz.de\/?page_id=1143","og_locale":"de_DE","og_type":"article","og_title":"Netzabrechnung - Klafka &amp; Hinz Energie-Informations-Systeme GmbH","og_description":"NEtzabrechnung Das Modul zur Netzabrechnung beinhaltet alle f\u00fcr einen Netzbetreiber relevanten Funktionen zur Abrechnung der Netznutzung und sonstigen Dienstleistungen. Als Grundlage f\u00fcr die Abrechnung werden die Verbrauchsdaten aus der Mess-... weiterlesen","og_url":"https:\/\/www.klafka-hinz.de\/?page_id=1143","og_site_name":"Klafka &amp; Hinz Energie-Informations-Systeme GmbH","article_modified_time":"2021-05-19T09:38:44+00:00","twitter_card":"summary_large_image","twitter_misc":{"Gesch\u00e4tzte Lesezeit":"1\u00a0Minute"},"schema":{"@context":"https:\/\/schema.org","@graph":[{"@type":"WebPage","@id":"https:\/\/www.klafka-hinz.de\/?page_id=1143","url":"https:\/\/www.klafka-hinz.de\/?page_id=1143","name":"Netzabrechnung - Klafka &amp; Hinz Energie-Informations-Systeme GmbH","isPartOf":{"@id":"https:\/\/www.klafka-hinz.de\/#website"},"primaryImageOfPage":{"@id":"https:\/\/www.klafka-hinz.de\/?page_id=1143#primaryimage"},"image":{"@id":"https:\/\/www.klafka-hinz.de\/?page_id=1143#primaryimage"},"thumbnailUrl":"","datePublished":"2018-06-19T12:28:02+00:00","dateModified":"2021-05-19T09:38:44+00:00","breadcrumb":{"@id":"https:\/\/www.klafka-hinz.de\/?page_id=1143#breadcrumb"},"inLanguage":"de","potentialAction":[{"@type":"ReadAction","target":["https:\/\/www.klafka-hinz.de\/?page_id=1143"]}]},{"@type":"ImageObject","inLanguage":"de","@id":"https:\/\/www.klafka-hinz.de\/?page_id=1143#primaryimage","url":"","contentUrl":""},{"@type":"BreadcrumbList","@id":"https:\/\/www.klafka-hinz.de\/?page_id=1143#breadcrumb","itemListElement":[{"@type":"ListItem","position":1,"name":"Startseite","item":"https:\/\/www.klafka-hinz.de\/"},{"@type":"ListItem","position":2,"name":"L\u00f6sungen","item":"https:\/\/www.klafka-hinz.de\/?page_id=1255"},{"@type":"ListItem","position":3,"name":"Netzabrechnung"}]},{"@type":"WebSite","@id":"https:\/\/www.klafka-hinz.de\/#website","url":"https:\/\/www.klafka-hinz.de\/","name":"Klafka &amp; Hinz Energie-Informations-Systeme GmbH","description":"","publisher":{"@id":"https:\/\/www.klafka-hinz.de\/#organization"},"potentialAction":[{"@type":"SearchAction","target":{"@type":"EntryPoint","urlTemplate":"https:\/\/www.klafka-hinz.de\/?s={search_term_string}"},"query-input":{"@type":"PropertyValueSpecification","valueRequired":true,"valueName":"search_term_string"}}],"inLanguage":"de"},{"@type":"Organization","@id":"https:\/\/www.klafka-hinz.de\/#organization","name":"Klafka &amp; Hinz Energie-Informations-Systeme GmbH","url":"https:\/\/www.klafka-hinz.de\/","logo":{"@type":"ImageObject","inLanguage":"de","@id":"https:\/\/www.klafka-hinz.de\/#\/schema\/logo\/image\/","url":"https:\/\/www.klafka-hinz.de\/wp-content\/uploads\/cropped-Logo.png","contentUrl":"https:\/\/www.klafka-hinz.de\/wp-content\/uploads\/cropped-Logo.png","width":263,"height":56,"caption":"Klafka &amp; Hinz Energie-Informations-Systeme GmbH"},"image":{"@id":"https:\/\/www.klafka-hinz.de\/#\/schema\/logo\/image\/"}}]}},"coauthors":[],"author_meta":{"author_link":"https:\/\/www.klafka-hinz.de\/?author=2","display_name":"Bastian Goffart"},"relative_dates":{"created":"Posted 8\u00a0Jahren ago","modified":"Updated 5\u00a0Jahren ago"},"absolute_dates":{"created":"Posted on 19. Juni 2018","modified":"Updated on 19. Mai 2021"},"absolute_dates_time":{"created":"Posted on 19. Juni 2018 12:28","modified":"Updated on 19. Mai 2021 11:38"},"featured_img_caption":"","featured_img":false,"series_order":"","_links":{"self":[{"href":"https:\/\/www.klafka-hinz.de\/index.php?rest_route=\/wp\/v2\/pages\/1143","targetHints":{"allow":["GET"]}}],"collection":[{"href":"https:\/\/www.klafka-hinz.de\/index.php?rest_route=\/wp\/v2\/pages"}],"about":[{"href":"https:\/\/www.klafka-hinz.de\/index.php?rest_route=\/wp\/v2\/types\/page"}],"author":[{"embeddable":true,"href":"https:\/\/www.klafka-hinz.de\/index.php?rest_route=\/wp\/v2\/users\/2"}],"replies":[{"embeddable":true,"href":"https:\/\/www.klafka-hinz.de\/index.php?rest_route=%2Fwp%2Fv2%2Fcomments&post=1143"}],"version-history":[{"count":5,"href":"https:\/\/www.klafka-hinz.de\/index.php?rest_route=\/wp\/v2\/pages\/1143\/revisions"}],"predecessor-version":[{"id":3029,"href":"https:\/\/www.klafka-hinz.de\/index.php?rest_route=\/wp\/v2\/pages\/1143\/revisions\/3029"}],"up":[{"embeddable":true,"href":"https:\/\/www.klafka-hinz.de\/index.php?rest_route=\/wp\/v2\/pages\/1255"}],"wp:featuredmedia":[{"embeddable":true,"href":"https:\/\/www.klafka-hinz.de\/index.php?rest_route=\/"}],"wp:attachment":[{"href":"https:\/\/www.klafka-hinz.de\/index.php?rest_route=%2Fwp%2Fv2%2Fmedia&parent=1143"}],"curies":[{"name":"wp","href":"https:\/\/api.w.org\/{rel}","templated":true}]}}